{"id":176652,"date":"2025-02-26T06:05:11","date_gmt":"2025-02-26T06:05:11","guid":{"rendered":"https:\/\/nexgendecors.com\/en\/product\/custom-printed-white-100-cotton-linen-napkins-for-luxury-hotel-2\/"},"modified":"2025-02-26T06:05:23","modified_gmt":"2025-02-26T06:05:23","slug":"servilletas-de-lino-100-algodon-blancas-con-impresion-personalizada-para-hotel-de-lujo-2","status":"publish","type":"product","link":"https:\/\/nexgendecors.com\/es\/product\/servilletas-de-lino-100-algodon-blancas-con-impresion-personalizada-para-hotel-de-lujo-2\/","title":{"rendered":"Servilletas de lino y algod\u00f3n 100% blancas con impresi\u00f3n personalizada para hoteles de lujo"},"content":{"rendered":"<ul>\n<li><strong>est\u00e1_personalizado : <\/strong> S\u00ed<\/li>\n<li><strong>Especificaci\u00f3n: <\/strong> 60*60cm<\/li>\n<li><strong>material : <\/strong> 100% Algod\u00f3n<\/li>\n<li><strong>estilo : <\/strong> Moderno<\/li>\n<li><strong>patr\u00f3n : <\/strong> te\u00f1ido liso<\/li>\n<li><strong>T\u00e9cnicas: <\/strong> tejido a ganchillo<\/li>\n<li><strong>solicitud : <\/strong> Casa, Avi\u00f3n, Restaurante<\/li>\n<li><strong>lugar de origen : <\/strong> Jiangsu, China<\/li>\n<li><strong>nombre de marca: <\/strong> Yalan<\/li>\n<li><strong>N\u00famero de modelo: <\/strong> YLTN-01<\/li>\n<li><strong>Nombre del producto : <\/strong> Servilletas de lino y algod\u00f3n 100%<\/li>\n<li><strong>Color : <\/strong> Multicolores<\/li>\n<li><strong>Tama\u00f1o : <\/strong> 56*56cm<\/li>\n<li><strong>Embalaje: <\/strong> Bolsa de OPP + cart\u00f3n<\/li>\n<li><strong>Cantidad m\u00ednima de pedido: <\/strong> 2000 piezas<\/li>\n<li><strong>GSM: <\/strong> 220\/230\/550 GSM<\/li>\n<li><strong>Certificaci\u00f3n : <\/strong> EST\u00c1NDAR OEKO-TEX 100<\/li>\n<li><strong>Tela : <\/strong> 100% Algod\u00f3n<\/li>\n<li><strong>Caracter\u00edstica : <\/strong> Lavable y reutilizable<\/li>\n<li><strong>Borde : <\/strong> Un borde de costura<\/li>\n<\/ul>","protected":false},"excerpt":{"rendered":"<p>is_customized: S\u00ed Especificaci\u00f3n: 60*60cm Material: Algod\u00f3n 100% Estilo: Moderno Patr\u00f3n: Te\u00f1ido liso T\u00e9cnicas: Tejido a crochet<\/p>","protected":false},"featured_media":176651,"comment_status":"open","ping_status":"closed","template":"","meta":[],"product_brand":[],"product_cat":[30961],"product_tag":[],"class_list":{"0":"post-176652","1":"product","2":"type-product","3":"status-publish","4":"has-post-thumbnail","6":"product_cat-napkins-dining-covers","8":"first","9":"instock","10":"taxable","11":"shipping-taxable","12":"purchasable","13":"product-type-variable"},"_links":{"self":[{"href":"https:\/\/nexgendecors.com\/es\/wp-json\/wp\/v2\/product\/176652","targetHints":{"allow":["GET"]}}],"collection":[{"href":"https:\/\/nexgendecors.com\/es\/wp-json\/wp\/v2\/product"}],"about":[{"href":"https:\/\/nexgendecors.com\/es\/wp-json\/wp\/v2\/types\/product"}],"replies":[{"embeddable":true,"href":"https:\/\/nexgendecors.com\/es\/wp-json\/wp\/v2\/comments?post=176652"}],"version-history":[{"count":0,"href":"https:\/\/nexgendecors.com\/es\/wp-json\/wp\/v2\/product\/176652\/revisions"}],"wp:featuredmedia":[{"embeddable":true,"href":"https:\/\/nexgendecors.com\/es\/wp-json\/wp\/v2\/media\/176651"}],"wp:attachment":[{"href":"https:\/\/nexgendecors.com\/es\/wp-json\/wp\/v2\/media?parent=176652"}],"wp:term":[{"taxonomy":"product_brand","embeddable":true,"href":"https:\/\/nexgendecors.com\/es\/wp-json\/wp\/v2\/product_brand?post=176652"},{"taxonomy":"product_cat","embeddable":true,"href":"https:\/\/nexgendecors.com\/es\/wp-json\/wp\/v2\/product_cat?post=176652"},{"taxonomy":"product_tag","embeddable":true,"href":"https:\/\/nexgendecors.com\/es\/wp-json\/wp\/v2\/product_tag?post=176652"}],"curies":[{"name":"wp","href":"https:\/\/api.w.org\/{rel}","templated":true}]}}