{"id":176852,"date":"2025-02-26T06:40:02","date_gmt":"2025-02-26T06:40:02","guid":{"rendered":"https:\/\/nexgendecors.com\/en\/product\/custom-white-wedding-party-round-table-cloth-for-luxury-hotel-polyester-cotton-waterproof-indoor-and-outdoor-banquet-presents\/"},"modified":"2025-04-06T10:47:51","modified_gmt":"2025-04-06T10:47:51","slug":"custom-white-wedding-party-round-table-cloth-for-luxury-hotel-polyester-cotton-waterproof-indoor-and-outdoor-banquet-presents","status":"publish","type":"product","link":"https:\/\/nexgendecors.com\/es\/product\/custom-white-wedding-party-round-table-cloth-for-luxury-hotel-polyester-cotton-waterproof-indoor-and-outdoor-banquet-presents\/","title":{"rendered":"Mantel redondo personalizado para bodas, de poli\u00e9ster y algod\u00f3n, para hoteles de lujo, resistente al agua, ideal para banquetes en interiores y exteriores."},"content":{"rendered":"<ul>\n<li><strong>material : <\/strong> poli\u00e9ster \/ algod\u00f3n<\/li>\n<li><strong>tipo de patr\u00f3n: <\/strong> Planta<\/li>\n<li><strong>est\u00e1_personalizado : <\/strong> S\u00ed<\/li>\n<li><strong>estilo : <\/strong> Cl\u00e1sico<\/li>\n<li><strong>patr\u00f3n : <\/strong> Bordado \/ te\u00f1ido liso<\/li>\n<li><strong>T\u00e9cnicas: <\/strong> de punto<\/li>\n<li><strong>forma : <\/strong> Redondo \/ Cuadrado<\/li>\n<li><strong>caracter\u00edstica : <\/strong> Impermeable<\/li>\n<li><strong>solicitud : <\/strong> Hogar, exterior, hotel, boda, fiesta, banquete<\/li>\n<li><strong>lugar de origen : <\/strong> Porcelana<\/li>\n<li><strong>nombre de marca: <\/strong> ROPA DE HOTEL ELIYA<\/li>\n<li><strong>N\u00famero de modelo: <\/strong> ELIYA-DL-009<\/li>\n<li><strong>Nombre del producto : <\/strong> Round Table Cloth<\/li>\n<li><strong>Tela : <\/strong> poli\u00e9ster \/ algod\u00f3n<\/li>\n<li><strong>Logotipo : <\/strong> Logotipo del cliente<\/li>\n<li><strong>Funci\u00f3n : <\/strong> Hotel \/ Boda \/ Banquete \/ Restaurante<\/li>\n<li><strong>Peso : <\/strong> 30-150 g\/m\u00b2<\/li>\n<li><strong>Superficie : <\/strong> Brillante\/Mate<\/li>\n<li><strong>Ventaja : <\/strong> Servicio \/ Impermeable \/ Hermoso<\/li>\n<li><strong>Tipo : <\/strong> Tema de art\u00edculos de hotel \/ Tema de fiesta de bodas<\/li>\n<li><strong>Tiempo de muestra: <\/strong> 3 \u2013 7 d\u00edas<\/li>\n<li><strong>Color : <\/strong> Color personalizado<\/li>\n<li><strong>Comprador comercial: <\/strong> Caterers &amp; Canteens, Restaurants, Fast Food and Takeaway Food Services, Food &amp; Beverage Stores, Food &amp; Beverage Manufacture, Bubble tea,Juice &amp; Smoothie Bars, Hotels, Cafes and Coffee Shops<\/li>\n<li><strong>Ocasi\u00f3n: <\/strong> Party, Presents, Wedding<\/li>\n<li><strong>Estilo de dise\u00f1o: <\/strong> Transitional, CLASSIC<\/li>\n<li><strong>Estaci\u00f3n : <\/strong> Cada d\u00eda<\/li>\n<li><strong>Espacio de la habitaci\u00f3n: <\/strong> Dining Room, Indoor and Outdoor<\/li>\n<li><strong>Certificaci\u00f3n : <\/strong> EST\u00c1NDAR OEKO-TEX 100<\/li>\n<\/ul>","protected":false},"excerpt":{"rendered":"<p>material : Poli\u00e9ster \/ Algod\u00f3n tipo de patr\u00f3n : Planta is_customized : S\u00ed style : Cl\u00e1sico pattern : Bordado \/ Liso<\/p>","protected":false},"featured_media":176851,"comment_status":"open","ping_status":"closed","template":"","meta":[],"product_brand":[],"product_cat":[30961],"product_tag":[],"class_list":{"0":"post-176852","1":"product","2":"type-product","3":"status-publish","4":"has-post-thumbnail","6":"product_cat-napkins-dining-covers","8":"first","9":"instock","10":"taxable","11":"shipping-taxable","12":"purchasable","13":"product-type-variable"},"_links":{"self":[{"href":"https:\/\/nexgendecors.com\/es\/wp-json\/wp\/v2\/product\/176852","targetHints":{"allow":["GET"]}}],"collection":[{"href":"https:\/\/nexgendecors.com\/es\/wp-json\/wp\/v2\/product"}],"about":[{"href":"https:\/\/nexgendecors.com\/es\/wp-json\/wp\/v2\/types\/product"}],"replies":[{"embeddable":true,"href":"https:\/\/nexgendecors.com\/es\/wp-json\/wp\/v2\/comments?post=176852"}],"version-history":[{"count":0,"href":"https:\/\/nexgendecors.com\/es\/wp-json\/wp\/v2\/product\/176852\/revisions"}],"wp:featuredmedia":[{"embeddable":true,"href":"https:\/\/nexgendecors.com\/es\/wp-json\/wp\/v2\/media\/176851"}],"wp:attachment":[{"href":"https:\/\/nexgendecors.com\/es\/wp-json\/wp\/v2\/media?parent=176852"}],"wp:term":[{"taxonomy":"product_brand","embeddable":true,"href":"https:\/\/nexgendecors.com\/es\/wp-json\/wp\/v2\/product_brand?post=176852"},{"taxonomy":"product_cat","embeddable":true,"href":"https:\/\/nexgendecors.com\/es\/wp-json\/wp\/v2\/product_cat?post=176852"},{"taxonomy":"product_tag","embeddable":true,"href":"https:\/\/nexgendecors.com\/es\/wp-json\/wp\/v2\/product_tag?post=176852"}],"curies":[{"name":"wp","href":"https:\/\/api.w.org\/{rel}","templated":true}]}}