{"id":176968,"date":"2025-02-26T06:40:44","date_gmt":"2025-02-26T06:40:44","guid":{"rendered":"https:\/\/nexgendecors.com\/en\/product\/eliya-factory-outlet-table-linen-table-cloth-100-cotton-for-hotel\/"},"modified":"2025-04-06T10:48:10","modified_gmt":"2025-04-06T10:48:10","slug":"eliya-factory-outlet-table-linen-table-cloth-100-cotton-for-hotel","status":"publish","type":"product","link":"https:\/\/nexgendecors.com\/es\/product\/eliya-factory-outlet-table-linen-table-cloth-100-cotton-for-hotel\/","title":{"rendered":"Mantel de algod\u00f3n ELIYA Factory Outlet 100% para hotel"},"content":{"rendered":"<ul>\n<li><strong>material : <\/strong> Lace Fabric<\/li>\n<li><strong>tipo de patr\u00f3n: <\/strong> Geom\u00e9trico<\/li>\n<li><strong>est\u00e1_personalizado : <\/strong> S\u00ed<\/li>\n<li><strong>estilo : <\/strong> Plano<\/li>\n<li><strong>patr\u00f3n : <\/strong> te\u00f1ido liso<\/li>\n<li><strong>T\u00e9cnicas: <\/strong> tejido<\/li>\n<li><strong>forma : <\/strong> REDONDO<\/li>\n<li><strong>caracter\u00edstica : <\/strong> Non-shrinkage<\/li>\n<li><strong>solicitud : <\/strong> Banquet, Home, Hotel, outdoor, Party, Wedding, Restaurant, Resort, Club<\/li>\n<li><strong>lugar de origen : <\/strong> Guangdong, China<\/li>\n<li><strong>nombre de marca: <\/strong> EL\u00cdA<\/li>\n<li><strong>N\u00famero de modelo: <\/strong> ELYK16010608<\/li>\n<li><strong>Title : <\/strong> ELIYA Factory Outlet Table Linen Table Cloth 100% Cotton For Hotel<\/li>\n<li><strong>Estaci\u00f3n : <\/strong> Caer<\/li>\n<li><strong>Espacio de la habitaci\u00f3n: <\/strong> Dining Room<\/li>\n<\/ul>","protected":false},"excerpt":{"rendered":"<p>Material: Tela de encaje Tipo de patr\u00f3n: Geom\u00e9trico Se puede personalizar: S\u00ed Estilo: Liso Patr\u00f3n: Liso Te\u00f1ido T\u00e9cnicas:<\/p>","protected":false},"featured_media":176967,"comment_status":"open","ping_status":"closed","template":"","meta":[],"product_brand":[],"product_cat":[30961],"product_tag":[],"class_list":{"0":"post-176968","1":"product","2":"type-product","3":"status-publish","4":"has-post-thumbnail","6":"product_cat-napkins-dining-covers","8":"first","9":"instock","10":"taxable","11":"shipping-taxable","12":"purchasable","13":"product-type-variable"},"_links":{"self":[{"href":"https:\/\/nexgendecors.com\/es\/wp-json\/wp\/v2\/product\/176968","targetHints":{"allow":["GET"]}}],"collection":[{"href":"https:\/\/nexgendecors.com\/es\/wp-json\/wp\/v2\/product"}],"about":[{"href":"https:\/\/nexgendecors.com\/es\/wp-json\/wp\/v2\/types\/product"}],"replies":[{"embeddable":true,"href":"https:\/\/nexgendecors.com\/es\/wp-json\/wp\/v2\/comments?post=176968"}],"version-history":[{"count":0,"href":"https:\/\/nexgendecors.com\/es\/wp-json\/wp\/v2\/product\/176968\/revisions"}],"wp:featuredmedia":[{"embeddable":true,"href":"https:\/\/nexgendecors.com\/es\/wp-json\/wp\/v2\/media\/176967"}],"wp:attachment":[{"href":"https:\/\/nexgendecors.com\/es\/wp-json\/wp\/v2\/media?parent=176968"}],"wp:term":[{"taxonomy":"product_brand","embeddable":true,"href":"https:\/\/nexgendecors.com\/es\/wp-json\/wp\/v2\/product_brand?post=176968"},{"taxonomy":"product_cat","embeddable":true,"href":"https:\/\/nexgendecors.com\/es\/wp-json\/wp\/v2\/product_cat?post=176968"},{"taxonomy":"product_tag","embeddable":true,"href":"https:\/\/nexgendecors.com\/es\/wp-json\/wp\/v2\/product_tag?post=176968"}],"curies":[{"name":"wp","href":"https:\/\/api.w.org\/{rel}","templated":true}]}}