{"id":176979,"date":"2025-02-26T06:40:58","date_gmt":"2025-02-26T06:40:58","guid":{"rendered":"https:\/\/nexgendecors.com\/en\/product\/table-cloth-new-design-high-quality-promotional-banquet\/"},"modified":"2025-04-06T10:48:19","modified_gmt":"2025-04-06T10:48:19","slug":"table-cloth-new-design-high-quality-promotional-banquet","status":"publish","type":"product","link":"https:\/\/nexgendecors.com\/es\/product\/table-cloth-new-design-high-quality-promotional-banquet\/","title":{"rendered":"Mantel de nuevo dise\u00f1o de alta calidad para banquetes promocionales."},"content":{"rendered":"<ul>\n<li><strong>material : <\/strong> Spandex<\/li>\n<li><strong>tipo de patr\u00f3n: <\/strong> S\u00f3lido<\/li>\n<li><strong>est\u00e1_personalizado : <\/strong> S\u00ed<\/li>\n<li><strong>estilo : <\/strong> Plano<\/li>\n<li><strong>patr\u00f3n : <\/strong> te\u00f1ido liso<\/li>\n<li><strong>T\u00e9cnicas: <\/strong> tejido<\/li>\n<li><strong>forma : <\/strong> REDONDO<\/li>\n<li><strong>caracter\u00edstica : <\/strong> Non-shrinkage<\/li>\n<li><strong>solicitud : <\/strong> Banquet, Home, Hotel, outdoor, Party, Wedding, Restaurant, Resort, Club<\/li>\n<li><strong>lugar de origen : <\/strong> Guangdong, China<\/li>\n<li><strong>nombre de marca: <\/strong> EL\u00cdA<\/li>\n<li><strong>N\u00famero de modelo: <\/strong> D013C1SP1-8#<\/li>\n<li><strong>Color : <\/strong> Color personalizado<\/li>\n<li><strong>Uso: <\/strong> FIESTA DE SOLDADURA EN HOTELES DE CASA<\/li>\n<li><strong>Tela : <\/strong> Cotton Linen<\/li>\n<li><strong>Cantidad m\u00ednima de pedido: <\/strong> 100 piezas<\/li>\n<li><strong>Funci\u00f3n : <\/strong> Wedding.banquet.restaurant.hotel<\/li>\n<li><strong>Logotipo : <\/strong> Logotipo del cliente<\/li>\n<li><strong>Condiciones de pago: <\/strong> Transferencia bancaria<\/li>\n<li><strong>Embalaje: <\/strong> bolsa tejida<\/li>\n<li><strong>Shipment : <\/strong> Sea shipping<\/li>\n<\/ul>","protected":false},"excerpt":{"rendered":"<p>Material: Spandex Tipo de patr\u00f3n: S\u00f3lido Se puede personalizar: S\u00ed Estilo: Liso Patr\u00f3n: Liso te\u00f1ido T\u00e9cnicas: Tejido<\/p>","protected":false},"featured_media":176978,"comment_status":"open","ping_status":"closed","template":"","meta":[],"product_brand":[],"product_cat":[30961],"product_tag":[],"class_list":{"0":"post-176979","1":"product","2":"type-product","3":"status-publish","4":"has-post-thumbnail","6":"product_cat-napkins-dining-covers","8":"first","9":"instock","10":"taxable","11":"shipping-taxable","12":"purchasable","13":"product-type-variable"},"_links":{"self":[{"href":"https:\/\/nexgendecors.com\/es\/wp-json\/wp\/v2\/product\/176979","targetHints":{"allow":["GET"]}}],"collection":[{"href":"https:\/\/nexgendecors.com\/es\/wp-json\/wp\/v2\/product"}],"about":[{"href":"https:\/\/nexgendecors.com\/es\/wp-json\/wp\/v2\/types\/product"}],"replies":[{"embeddable":true,"href":"https:\/\/nexgendecors.com\/es\/wp-json\/wp\/v2\/comments?post=176979"}],"version-history":[{"count":0,"href":"https:\/\/nexgendecors.com\/es\/wp-json\/wp\/v2\/product\/176979\/revisions"}],"wp:featuredmedia":[{"embeddable":true,"href":"https:\/\/nexgendecors.com\/es\/wp-json\/wp\/v2\/media\/176978"}],"wp:attachment":[{"href":"https:\/\/nexgendecors.com\/es\/wp-json\/wp\/v2\/media?parent=176979"}],"wp:term":[{"taxonomy":"product_brand","embeddable":true,"href":"https:\/\/nexgendecors.com\/es\/wp-json\/wp\/v2\/product_brand?post=176979"},{"taxonomy":"product_cat","embeddable":true,"href":"https:\/\/nexgendecors.com\/es\/wp-json\/wp\/v2\/product_cat?post=176979"},{"taxonomy":"product_tag","embeddable":true,"href":"https:\/\/nexgendecors.com\/es\/wp-json\/wp\/v2\/product_tag?post=176979"}],"curies":[{"name":"wp","href":"https:\/\/api.w.org\/{rel}","templated":true}]}}