{"id":177006,"date":"2025-02-26T06:41:14","date_gmt":"2025-02-26T06:41:14","guid":{"rendered":"https:\/\/nexgendecors.com\/en\/product\/catering-equipment-polyester-table-cloth-fabric-decorative-wedding-table-cover\/"},"modified":"2025-04-06T10:48:28","modified_gmt":"2025-04-06T10:48:28","slug":"catering-equipment-polyester-table-cloth-fabric-decorative-wedding-table-cover","status":"publish","type":"product","link":"https:\/\/nexgendecors.com\/es\/product\/catering-equipment-polyester-table-cloth-fabric-decorative-wedding-table-cover\/","title":{"rendered":"Catering Equipo Poli\u00e9ster Mantel Tela Decorativa Cubierta de la tabla de la boda"},"content":{"rendered":"<ul>\n<li><strong>material : <\/strong> 100% Poli\u00e9ster<\/li>\n<li><strong>tipo de patr\u00f3n: <\/strong> Geom\u00e9trico<\/li>\n<li><strong>estilo : <\/strong> Plano<\/li>\n<li><strong>patr\u00f3n : <\/strong> te\u00f1ido liso<\/li>\n<li><strong>T\u00e9cnicas: <\/strong> tejido<\/li>\n<li><strong>forma : <\/strong> REDONDO<\/li>\n<li><strong>caracter\u00edstica : <\/strong> Non-shrinkage<\/li>\n<li><strong>solicitud : <\/strong> Banquet, Home, Hotel, outdoor, Party, Wedding, Restaurant, Resort, Club<\/li>\n<li><strong>lugar de origen : <\/strong> Guangdong, China<\/li>\n<li><strong>nombre de marca: <\/strong> EL\u00cdA<\/li>\n<li><strong>Estaci\u00f3n : <\/strong> Caer<\/li>\n<li><strong>Espacio de la habitaci\u00f3n: <\/strong> Dining Room<\/li>\n<\/ul>","protected":false},"excerpt":{"rendered":"<p>material : 100% Poli\u00e9ster tipo de patr\u00f3n : Estilo geom\u00e9trico : Estampado liso : Liso T\u00e9cnicas de te\u00f1ido : Tejido Forma :<\/p>","protected":false},"featured_media":177005,"comment_status":"open","ping_status":"closed","template":"","meta":[],"product_brand":[],"product_cat":[30961],"product_tag":[],"class_list":{"0":"post-177006","1":"product","2":"type-product","3":"status-publish","4":"has-post-thumbnail","6":"product_cat-napkins-dining-covers","8":"first","9":"instock","10":"taxable","11":"shipping-taxable","12":"purchasable","13":"product-type-variable"},"_links":{"self":[{"href":"https:\/\/nexgendecors.com\/es\/wp-json\/wp\/v2\/product\/177006","targetHints":{"allow":["GET"]}}],"collection":[{"href":"https:\/\/nexgendecors.com\/es\/wp-json\/wp\/v2\/product"}],"about":[{"href":"https:\/\/nexgendecors.com\/es\/wp-json\/wp\/v2\/types\/product"}],"replies":[{"embeddable":true,"href":"https:\/\/nexgendecors.com\/es\/wp-json\/wp\/v2\/comments?post=177006"}],"version-history":[{"count":0,"href":"https:\/\/nexgendecors.com\/es\/wp-json\/wp\/v2\/product\/177006\/revisions"}],"wp:featuredmedia":[{"embeddable":true,"href":"https:\/\/nexgendecors.com\/es\/wp-json\/wp\/v2\/media\/177005"}],"wp:attachment":[{"href":"https:\/\/nexgendecors.com\/es\/wp-json\/wp\/v2\/media?parent=177006"}],"wp:term":[{"taxonomy":"product_brand","embeddable":true,"href":"https:\/\/nexgendecors.com\/es\/wp-json\/wp\/v2\/product_brand?post=177006"},{"taxonomy":"product_cat","embeddable":true,"href":"https:\/\/nexgendecors.com\/es\/wp-json\/wp\/v2\/product_cat?post=177006"},{"taxonomy":"product_tag","embeddable":true,"href":"https:\/\/nexgendecors.com\/es\/wp-json\/wp\/v2\/product_tag?post=177006"}],"curies":[{"name":"wp","href":"https:\/\/api.w.org\/{rel}","templated":true}]}}