{"id":177043,"date":"2025-02-26T06:42:29","date_gmt":"2025-02-26T06:42:29","guid":{"rendered":"https:\/\/nexgendecors.com\/en\/product\/top-quality-marriott-manteleria-para-boda-5-star-hotel-wedding-tablecloth\/"},"modified":"2025-04-06T10:49:02","modified_gmt":"2025-04-06T10:49:02","slug":"top-quality-marriott-manteleria-para-boda-5-star-hotel-wedding-tablecloth","status":"publish","type":"product","link":"https:\/\/nexgendecors.com\/es\/product\/top-quality-marriott-manteleria-para-boda-5-star-hotel-wedding-tablecloth\/","title":{"rendered":"Manteler\u00eda para boda de primera calidad de Marriott, manteler\u00eda para boda de hotel de 5 estrellas"},"content":{"rendered":"<ul>\n<li><strong>material : <\/strong> Otro<\/li>\n<li><strong>tipo de patr\u00f3n: <\/strong> Geom\u00e9trico<\/li>\n<li><strong>est\u00e1_personalizado : <\/strong> S\u00ed<\/li>\n<li><strong>estilo : <\/strong> Plano<\/li>\n<li><strong>patr\u00f3n : <\/strong> te\u00f1ido liso<\/li>\n<li><strong>T\u00e9cnicas: <\/strong> tejido<\/li>\n<li><strong>forma : <\/strong> Otro<\/li>\n<li><strong>caracter\u00edstica : <\/strong> Oilproof, Non-shrinkage<\/li>\n<li><strong>solicitud : <\/strong> Banquet, Home, Hotel, outdoor, Party, Wedding, Restaurant, Resort, Club<\/li>\n<li><strong>lugar de origen : <\/strong> Guangdong, China<\/li>\n<li><strong>nombre de marca: <\/strong> EL\u00cdA<\/li>\n<li><strong>N\u00famero de modelo: <\/strong> manteles para hoteles<\/li>\n<li><strong>Certificaci\u00f3n : <\/strong> EST\u00c1NDAR OEKO-TEX 100<\/li>\n<li><strong>Dise\u00f1o : <\/strong> Dise\u00f1os personalizados de logotipos \u00fanicos<\/li>\n<li><strong>Tama\u00f1o : <\/strong> Tama\u00f1o personalizado<\/li>\n<li><strong>Art\u00edculo : <\/strong> Mantel de hotel para fiesta de bodas<\/li>\n<li><strong>Uso: <\/strong> FIESTA DE SOLDADURA EN HOTELES DE CASA<\/li>\n<li><strong>Tipo : <\/strong> Mantel<\/li>\n<li><strong>Impresi\u00f3n: <\/strong> Dye Sublimation<\/li>\n<li><strong>Muestras: <\/strong> 1-3 d\u00edas laborables<\/li>\n<li><strong>Tela : <\/strong> 100%cotton<\/li>\n<li><strong>Ventaja : <\/strong> Servicio profesional<\/li>\n<\/ul>","protected":false},"excerpt":{"rendered":"<p>Material: Otro Tipo de patr\u00f3n: Geom\u00e9trico Se puede personalizar: S\u00ed Estilo: Liso Patr\u00f3n: Liso Te\u00f1ido T\u00e9cnicas: Tejido<\/p>","protected":false},"featured_media":177042,"comment_status":"open","ping_status":"closed","template":"","meta":[],"product_brand":[],"product_cat":[30961],"product_tag":[],"class_list":{"0":"post-177043","1":"product","2":"type-product","3":"status-publish","4":"has-post-thumbnail","6":"product_cat-napkins-dining-covers","8":"first","9":"instock","10":"taxable","11":"shipping-taxable","12":"purchasable","13":"product-type-variable"},"_links":{"self":[{"href":"https:\/\/nexgendecors.com\/es\/wp-json\/wp\/v2\/product\/177043","targetHints":{"allow":["GET"]}}],"collection":[{"href":"https:\/\/nexgendecors.com\/es\/wp-json\/wp\/v2\/product"}],"about":[{"href":"https:\/\/nexgendecors.com\/es\/wp-json\/wp\/v2\/types\/product"}],"replies":[{"embeddable":true,"href":"https:\/\/nexgendecors.com\/es\/wp-json\/wp\/v2\/comments?post=177043"}],"version-history":[{"count":0,"href":"https:\/\/nexgendecors.com\/es\/wp-json\/wp\/v2\/product\/177043\/revisions"}],"wp:featuredmedia":[{"embeddable":true,"href":"https:\/\/nexgendecors.com\/es\/wp-json\/wp\/v2\/media\/177042"}],"wp:attachment":[{"href":"https:\/\/nexgendecors.com\/es\/wp-json\/wp\/v2\/media?parent=177043"}],"wp:term":[{"taxonomy":"product_brand","embeddable":true,"href":"https:\/\/nexgendecors.com\/es\/wp-json\/wp\/v2\/product_brand?post=177043"},{"taxonomy":"product_cat","embeddable":true,"href":"https:\/\/nexgendecors.com\/es\/wp-json\/wp\/v2\/product_cat?post=177043"},{"taxonomy":"product_tag","embeddable":true,"href":"https:\/\/nexgendecors.com\/es\/wp-json\/wp\/v2\/product_tag?post=177043"}],"curies":[{"name":"wp","href":"https:\/\/api.w.org\/{rel}","templated":true}]}}