{"id":177188,"date":"2025-02-26T12:23:48","date_gmt":"2025-02-26T12:23:48","guid":{"rendered":"https:\/\/nexgendecors.com\/en\/product\/eliya-eco-pure-biodegradable-packing-hotel-bath-soap-shower-gel-set-toiletries\/"},"modified":"2025-04-06T10:51:05","modified_gmt":"2025-04-06T10:51:05","slug":"jabon-de-bano-para-hotel-eliya-eco-pure-biodegradable-con-gel-de-ducha-articulos-de-tocador","status":"publish","type":"product","link":"https:\/\/nexgendecors.com\/es\/product\/jabon-de-bano-para-hotel-eliya-eco-pure-biodegradable-con-gel-de-ducha-articulos-de-tocador\/","title":{"rendered":"Jab\u00f3n de ba\u00f1o y gel de ducha biodegradable Eliya Eco Pure para hotel, art\u00edculos de tocador"},"content":{"rendered":"<ul>\n<li><strong>tipo : <\/strong> Juego de m\u00e1s de ocho piezas<\/li>\n<li><strong>material : <\/strong> Pl\u00e1stico<\/li>\n<li><strong>lugar de origen : <\/strong> Guangdong, China<\/li>\n<li><strong>nombre de marca: <\/strong> EL\u00cdA<\/li>\n<li><strong>Logotipo : <\/strong> Se aceptan dise\u00f1os personalizados<\/li>\n<li><strong>Tiempo de muestra: <\/strong> 5\u201310 d\u00edas laborables<\/li>\n<li><strong>Uso: <\/strong> Hotel\/Spa\/Resort\/Villa<\/li>\n<li><strong>Est\u00e1ndar del hotel: <\/strong> 3-5 estrellas<\/li>\n<li><strong>Art\u00edculo : <\/strong> Juego de art\u00edculos de tocador desechables para hotel<\/li>\n<li><strong>Usar : <\/strong> Inicio Viajes Hotel<\/li>\n<li><strong>Volumen : <\/strong> 20\/25\/30\/40\/50\/60 ml<\/li>\n<li><strong>Embalaje: <\/strong> Embalaje biodegradable Eco-Pure<\/li>\n<li><strong>Perfume l\u00edquido: <\/strong> Hierba de lim\u00f3n\/coco\/lavanda, etc.<\/li>\n<li><strong>Color l\u00edquido: <\/strong> Se puede personalizar<\/li>\n<\/ul>","protected":false},"excerpt":{"rendered":"<p>type : Over Eight-Piece Set material : Plastic place of origin : Guangdong, China brand name : ELIYA Logo :<\/p>","protected":false},"featured_media":177187,"comment_status":"open","ping_status":"closed","template":"","meta":[],"product_brand":[],"product_cat":[30939],"product_tag":[],"class_list":{"0":"post-177188","1":"product","2":"type-product","3":"status-publish","4":"has-post-thumbnail","6":"product_cat-hotel-soaps-amenities","8":"first","9":"outofstock","10":"taxable","11":"shipping-taxable","12":"product-type-variable"},"_links":{"self":[{"href":"https:\/\/nexgendecors.com\/es\/wp-json\/wp\/v2\/product\/177188","targetHints":{"allow":["GET"]}}],"collection":[{"href":"https:\/\/nexgendecors.com\/es\/wp-json\/wp\/v2\/product"}],"about":[{"href":"https:\/\/nexgendecors.com\/es\/wp-json\/wp\/v2\/types\/product"}],"replies":[{"embeddable":true,"href":"https:\/\/nexgendecors.com\/es\/wp-json\/wp\/v2\/comments?post=177188"}],"version-history":[{"count":0,"href":"https:\/\/nexgendecors.com\/es\/wp-json\/wp\/v2\/product\/177188\/revisions"}],"wp:featuredmedia":[{"embeddable":true,"href":"https:\/\/nexgendecors.com\/es\/wp-json\/wp\/v2\/media\/177187"}],"wp:attachment":[{"href":"https:\/\/nexgendecors.com\/es\/wp-json\/wp\/v2\/media?parent=177188"}],"wp:term":[{"taxonomy":"product_brand","embeddable":true,"href":"https:\/\/nexgendecors.com\/es\/wp-json\/wp\/v2\/product_brand?post=177188"},{"taxonomy":"product_cat","embeddable":true,"href":"https:\/\/nexgendecors.com\/es\/wp-json\/wp\/v2\/product_cat?post=177188"},{"taxonomy":"product_tag","embeddable":true,"href":"https:\/\/nexgendecors.com\/es\/wp-json\/wp\/v2\/product_tag?post=177188"}],"curies":[{"name":"wp","href":"https:\/\/api.w.org\/{rel}","templated":true}]}}