{"id":177201,"date":"2025-02-26T12:25:47","date_gmt":"2025-02-26T12:25:47","guid":{"rendered":"https:\/\/nexgendecors.com\/en\/product\/wholesale-cosmetic-5-star-hotel-amenities-with-soap-bar\/"},"modified":"2025-02-26T12:25:58","modified_gmt":"2025-02-26T12:25:58","slug":"wholesale-cosmetic-5-star-hotel-amenities-with-soap-bar","status":"publish","type":"product","link":"https:\/\/nexgendecors.com\/es\/product\/wholesale-cosmetic-5-star-hotel-amenities-with-soap-bar\/","title":{"rendered":"Art\u00edculos de tocador cosm\u00e9ticos al por mayor para hoteles de 5 estrellas con barra de jab\u00f3n"},"content":{"rendered":"<ul>\n<li><strong>material : <\/strong> Pl\u00e1stico<\/li>\n<li><strong>lugar de origen : <\/strong> Guangdong, China<\/li>\n<li><strong>nombre de marca: <\/strong> EL\u00cdA<\/li>\n<li><strong>Fabricante de equipos originales (OEM) y fabricante de dise\u00f1os originales (ODM): <\/strong> Bienvenido<\/li>\n<li><strong>Logotipo : <\/strong> \u00bfQu\u00e9 puedes hacer con el dise\u00f1o de tu logotipo?<\/li>\n<li><strong>Tiempo de muestra: <\/strong> 5\u201310 d\u00edas laborables<\/li>\n<li><strong>Uso: <\/strong> Hotel, Balneario,<\/li>\n<li><strong>Est\u00e1ndar del hotel: <\/strong> 3-5 estrellas<\/li>\n<li><strong>Art\u00edculo : <\/strong> Art\u00edculos de tocador desechables de hotel de 5 estrellas \/ Proveedores de art\u00edculos de tocador de marca<\/li>\n<li><strong>Usar : <\/strong> Inicio Viajes Hotel<\/li>\n<li><strong>Tama\u00f1o : <\/strong> Demanda del cliente<\/li>\n<li><strong>\u00cdndice de confort: <\/strong> 100%<\/li>\n<li><strong>Calidad : <\/strong> Juego de tocador de primer nivel<\/li>\n<\/ul>","protected":false},"excerpt":{"rendered":"<p>material : Plastic place of origin : Guangdong, China brand name : ELIYA OEM\/ODM : Welcome Logo : Can Do<\/p>","protected":false},"featured_media":177203,"comment_status":"open","ping_status":"closed","template":"","meta":[],"product_brand":[],"product_cat":[30939],"product_tag":[],"class_list":{"0":"post-177201","1":"product","2":"type-product","3":"status-publish","4":"has-post-thumbnail","6":"product_cat-hotel-soaps-amenities","8":"first","9":"instock","10":"taxable","11":"shipping-taxable","12":"purchasable","13":"product-type-variable"},"_links":{"self":[{"href":"https:\/\/nexgendecors.com\/es\/wp-json\/wp\/v2\/product\/177201","targetHints":{"allow":["GET"]}}],"collection":[{"href":"https:\/\/nexgendecors.com\/es\/wp-json\/wp\/v2\/product"}],"about":[{"href":"https:\/\/nexgendecors.com\/es\/wp-json\/wp\/v2\/types\/product"}],"replies":[{"embeddable":true,"href":"https:\/\/nexgendecors.com\/es\/wp-json\/wp\/v2\/comments?post=177201"}],"version-history":[{"count":0,"href":"https:\/\/nexgendecors.com\/es\/wp-json\/wp\/v2\/product\/177201\/revisions"}],"wp:featuredmedia":[{"embeddable":true,"href":"https:\/\/nexgendecors.com\/es\/wp-json\/wp\/v2\/media\/177203"}],"wp:attachment":[{"href":"https:\/\/nexgendecors.com\/es\/wp-json\/wp\/v2\/media?parent=177201"}],"wp:term":[{"taxonomy":"product_brand","embeddable":true,"href":"https:\/\/nexgendecors.com\/es\/wp-json\/wp\/v2\/product_brand?post=177201"},{"taxonomy":"product_cat","embeddable":true,"href":"https:\/\/nexgendecors.com\/es\/wp-json\/wp\/v2\/product_cat?post=177201"},{"taxonomy":"product_tag","embeddable":true,"href":"https:\/\/nexgendecors.com\/es\/wp-json\/wp\/v2\/product_tag?post=177201"}],"curies":[{"name":"wp","href":"https:\/\/api.w.org\/{rel}","templated":true}]}}