{"id":177208,"date":"2025-02-26T12:26:41","date_gmt":"2025-02-26T12:26:41","guid":{"rendered":"https:\/\/nexgendecors.com\/en\/product\/custom-30ml-empty-shampoo-bottle-hotel-toothbrush-amenities\/"},"modified":"2025-04-06T10:51:27","modified_gmt":"2025-04-06T10:51:27","slug":"botella-de-champu-vacia-personalizada-de-30-ml-articulos-de-aseo-para-cepillos-de-dientes-de-hotel","status":"publish","type":"product","link":"https:\/\/nexgendecors.com\/es\/product\/botella-de-champu-vacia-personalizada-de-30-ml-articulos-de-aseo-para-cepillos-de-dientes-de-hotel\/","title":{"rendered":"Botella de champ\u00fa vac\u00eda personalizada de 30 ml, art\u00edculos de aseo para cepillos de dientes de hotel"},"content":{"rendered":"<ul>\n<li><strong>tipo : <\/strong> Juego de m\u00e1s de ocho piezas<\/li>\n<li><strong>material : <\/strong> Pl\u00e1stico<\/li>\n<li><strong>lugar de origen : <\/strong> Guangdong, China<\/li>\n<li><strong>nombre de marca: <\/strong> EL\u00cdA<\/li>\n<li><strong>Fabricante de equipos originales (OEM) y fabricante de dise\u00f1os originales (ODM): <\/strong> Bienvenido<\/li>\n<li><strong>Logotipo : <\/strong> \u00bfQu\u00e9 puedes hacer con el dise\u00f1o de tu logotipo?<\/li>\n<li><strong>Tiempo de muestra: <\/strong> 5\u201310 d\u00edas laborables<\/li>\n<li><strong>Uso: <\/strong> Hotel, Balneario,<\/li>\n<li><strong>Est\u00e1ndar del hotel: <\/strong> 3-5 estrellas<\/li>\n<li><strong>Art\u00edculo : <\/strong> Art\u00edculos de tocador desechables de hotel de 5 estrellas \/ Proveedores de art\u00edculos de tocador de marca<\/li>\n<li><strong>Usar : <\/strong> Inicio Viajes Hotel<\/li>\n<li><strong>Tama\u00f1o : <\/strong> Demanda del cliente<\/li>\n<li><strong>\u00cdndice de confort: <\/strong> 100%<\/li>\n<li><strong>Calidad : <\/strong> Juego de tocador de primer nivel<\/li>\n<\/ul>","protected":false},"excerpt":{"rendered":"<p>Tipo: Juego de m\u00e1s de ocho piezas Material: Pl\u00e1stico Lugar de origen: Guangdong, China Marca: ELIYA OEM\/ODM:<\/p>","protected":false},"featured_media":177210,"comment_status":"open","ping_status":"closed","template":"","meta":[],"product_brand":[],"product_cat":[30939],"product_tag":[],"class_list":{"0":"post-177208","1":"product","2":"type-product","3":"status-publish","4":"has-post-thumbnail","6":"product_cat-hotel-soaps-amenities","8":"first","9":"instock","10":"taxable","11":"shipping-taxable","12":"purchasable","13":"product-type-variable"},"_links":{"self":[{"href":"https:\/\/nexgendecors.com\/es\/wp-json\/wp\/v2\/product\/177208","targetHints":{"allow":["GET"]}}],"collection":[{"href":"https:\/\/nexgendecors.com\/es\/wp-json\/wp\/v2\/product"}],"about":[{"href":"https:\/\/nexgendecors.com\/es\/wp-json\/wp\/v2\/types\/product"}],"replies":[{"embeddable":true,"href":"https:\/\/nexgendecors.com\/es\/wp-json\/wp\/v2\/comments?post=177208"}],"version-history":[{"count":0,"href":"https:\/\/nexgendecors.com\/es\/wp-json\/wp\/v2\/product\/177208\/revisions"}],"wp:featuredmedia":[{"embeddable":true,"href":"https:\/\/nexgendecors.com\/es\/wp-json\/wp\/v2\/media\/177210"}],"wp:attachment":[{"href":"https:\/\/nexgendecors.com\/es\/wp-json\/wp\/v2\/media?parent=177208"}],"wp:term":[{"taxonomy":"product_brand","embeddable":true,"href":"https:\/\/nexgendecors.com\/es\/wp-json\/wp\/v2\/product_brand?post=177208"},{"taxonomy":"product_cat","embeddable":true,"href":"https:\/\/nexgendecors.com\/es\/wp-json\/wp\/v2\/product_cat?post=177208"},{"taxonomy":"product_tag","embeddable":true,"href":"https:\/\/nexgendecors.com\/es\/wp-json\/wp\/v2\/product_tag?post=177208"}],"curies":[{"name":"wp","href":"https:\/\/api.w.org\/{rel}","templated":true}]}}