{"id":177239,"date":"2025-02-26T12:48:42","date_gmt":"2025-02-26T12:48:42","guid":{"rendered":"https:\/\/nexgendecors.com\/en\/product\/custom-promotional-luxury-black-hotel-umbrella-with-logo-prints\/"},"modified":"2025-04-12T14:49:14","modified_gmt":"2025-04-12T14:49:14","slug":"custom-promotional-luxury-black-hotel-umbrella-with-logo-prints","status":"publish","type":"product","link":"https:\/\/nexgendecors.com\/es\/product\/custom-promotional-luxury-black-hotel-umbrella-with-logo-prints\/","title":{"rendered":"Promoci\u00f3n personalizada Paraguas negro de lujo para hotel con logotipo impreso"},"content":{"rendered":"<ul>\n<li><strong>tipo : <\/strong> Umbrellas<\/li>\n<li><strong>Producto : <\/strong> Advertising Umbrella\/Gift Umbrella<\/li>\n<li><strong>caracter\u00edstica : <\/strong> Stretch<\/li>\n<li><strong>Patr\u00f3n : <\/strong> Straight Umbrella<\/li>\n<li><strong>control : <\/strong> Semi-automatic<\/li>\n<li><strong>open diameter : <\/strong> 110cm<\/li>\n<li><strong>grupo de edad: <\/strong> Adultos<\/li>\n<li><strong>panel material : <\/strong> Color Coating<\/li>\n<li><strong>material : <\/strong> Poli\u00e9ster<\/li>\n<li><strong>lugar de origen : <\/strong> Guangdong, China<\/li>\n<li><strong>nombre de marca: <\/strong> EL\u00cdA<\/li>\n<li><strong>N\u00famero de modelo: <\/strong> ELIYA-DL-351<\/li>\n<li><strong>Tama\u00f1o : <\/strong> 23 inch<\/li>\n<li><strong>Color : <\/strong> As the picture<\/li>\n<li><strong>Material : <\/strong> 8K carbon fiber ribs<\/li>\n<li><strong>Funci\u00f3n : <\/strong> Quality waterproof cloth<\/li>\n<li><strong>Caracter\u00edstica : <\/strong> Curved handle with rubberized finish<\/li>\n<li><strong>Dise\u00f1o : <\/strong> Automatic open button on the handle<\/li>\n<li><strong>Logotipo : <\/strong> Logo printing is available on request 23<\/li>\n<\/ul>","protected":false},"excerpt":{"rendered":"<p>Tipo : Paraguas Producto : Paraguas publicitario\/regalo Paraguas Caracter\u00edstica : Estirado Patr\u00f3n : Recto Control del paraguas : Semi-autom\u00e1tico Di\u00e1metro de apertura<\/p>","protected":false},"featured_media":177238,"comment_status":"open","ping_status":"closed","template":"","meta":[],"product_brand":[],"product_cat":[30948,30963],"product_tag":[],"class_list":{"0":"post-177239","1":"product","2":"type-product","3":"status-publish","4":"has-post-thumbnail","6":"product_cat-hotel-maintenance","7":"product_cat-umbrellas","9":"first","10":"instock","11":"taxable","12":"shipping-taxable","13":"purchasable","14":"product-type-variable"},"_links":{"self":[{"href":"https:\/\/nexgendecors.com\/es\/wp-json\/wp\/v2\/product\/177239","targetHints":{"allow":["GET"]}}],"collection":[{"href":"https:\/\/nexgendecors.com\/es\/wp-json\/wp\/v2\/product"}],"about":[{"href":"https:\/\/nexgendecors.com\/es\/wp-json\/wp\/v2\/types\/product"}],"replies":[{"embeddable":true,"href":"https:\/\/nexgendecors.com\/es\/wp-json\/wp\/v2\/comments?post=177239"}],"version-history":[{"count":0,"href":"https:\/\/nexgendecors.com\/es\/wp-json\/wp\/v2\/product\/177239\/revisions"}],"wp:featuredmedia":[{"embeddable":true,"href":"https:\/\/nexgendecors.com\/es\/wp-json\/wp\/v2\/media\/177238"}],"wp:attachment":[{"href":"https:\/\/nexgendecors.com\/es\/wp-json\/wp\/v2\/media?parent=177239"}],"wp:term":[{"taxonomy":"product_brand","embeddable":true,"href":"https:\/\/nexgendecors.com\/es\/wp-json\/wp\/v2\/product_brand?post=177239"},{"taxonomy":"product_cat","embeddable":true,"href":"https:\/\/nexgendecors.com\/es\/wp-json\/wp\/v2\/product_cat?post=177239"},{"taxonomy":"product_tag","embeddable":true,"href":"https:\/\/nexgendecors.com\/es\/wp-json\/wp\/v2\/product_tag?post=177239"}],"curies":[{"name":"wp","href":"https:\/\/api.w.org\/{rel}","templated":true}]}}