{"id":177286,"date":"2025-02-26T12:51:02","date_gmt":"2025-02-26T12:51:02","guid":{"rendered":"https:\/\/nexgendecors.com\/en\/product\/guangzhou-custom-coat-black-wooden-hotel-clothes-hanger-with-clips\/"},"modified":"2025-02-26T12:51:12","modified_gmt":"2025-02-26T12:51:12","slug":"guangzhou-custom-coat-black-wooden-hotel-clothes-hanger-with-clips","status":"publish","type":"product","link":"https:\/\/nexgendecors.com\/es\/product\/guangzhou-custom-coat-black-wooden-hotel-clothes-hanger-with-clips\/","title":{"rendered":"Percha de hotel de madera negra personalizada de Guangzhou con pinzas"},"content":{"rendered":"<ul>\n<li><strong>lugar de origen : <\/strong> Porcelana<\/li>\n<li><strong>nombre de marca: <\/strong> EL\u00cdA<\/li>\n<li><strong>N\u00famero de modelo: <\/strong> ELY-BBH-001<\/li>\n<li><strong>plastic type : <\/strong> Non-Plastics<\/li>\n<li><strong>fabric type : <\/strong> 3 layers Wax Printing<\/li>\n<li><strong>tipo : <\/strong> Hooks &amp; Rails<\/li>\n<li><strong>material : <\/strong> Lotus Wood<\/li>\n<li><strong>usar : <\/strong> Bedding, Coat and Cap<\/li>\n<li><strong>tipo de metal: <\/strong> Acero inoxidable<\/li>\n<li><strong>applicable space : <\/strong> Living Room, Wardrobe<\/li>\n<li><strong>packaging : <\/strong> 3<\/li>\n<li><strong>T\u00e9cnicas: <\/strong> Carved<\/li>\n<li><strong>product : <\/strong> Wooden Hanger<\/li>\n<li><strong>forma : <\/strong> Triangle<\/li>\n<li><strong>installation type : <\/strong> Hook Type<\/li>\n<li><strong>thickness : <\/strong> 12\/20mm<\/li>\n<li><strong>Especificaci\u00f3n: <\/strong> 12\/20mm<\/li>\n<li><strong>no. of tiers : <\/strong> Three-layer<\/li>\n<li><strong>functional design : <\/strong> Flexible<\/li>\n<li><strong>dimensional tolerance : <\/strong> &lt;\u00b11mm<\/li>\n<li><strong>weight tolerance : <\/strong> &lt;\u00b15%\uff08Include\uff09<\/li>\n<li><strong>Nombre del art\u00edculo: <\/strong> Wooden Hanger With Clips<\/li>\n<li><strong>Solicitud : <\/strong> Hotel Bathroom<\/li>\n<li><strong>Certificaci\u00f3n : <\/strong> FSC<\/li>\n<li><strong>Color : <\/strong> Black\/Natural<\/li>\n<li><strong>Raw Material : <\/strong> Beech Wood<\/li>\n<li><strong>Superficie : <\/strong> Chrome Plating<\/li>\n<li><strong>Hook : <\/strong> Chrome Hook<\/li>\n<li><strong>Suitable : <\/strong> Shirts Jackets Coat Pants Suit<\/li>\n<li><strong>Forma : <\/strong> Herringbone<\/li>\n<li><strong>Espesor : <\/strong> 12mm<\/li>\n<li><strong>Estilo : <\/strong> CL\u00c1SICO<\/li>\n<li><strong>Comprador comercial: <\/strong> hotels<\/li>\n<li><strong>Estaci\u00f3n : <\/strong> Cada d\u00eda<\/li>\n<li><strong>Estilo de dise\u00f1o: <\/strong> CL\u00c1SICO<\/li>\n<\/ul>","protected":false},"excerpt":{"rendered":"<p>Lugar de origen: China Nombre de la marca: ELIYA N\u00famero de modelo: ELY-BBH-001 Tipo de pl\u00e1stico: No pl\u00e1stico Tipo de tela:<\/p>","protected":false},"featured_media":177285,"comment_status":"open","ping_status":"closed","template":"","meta":[],"product_brand":[],"product_cat":[30934],"product_tag":[],"class_list":{"0":"post-177286","1":"product","2":"type-product","3":"status-publish","4":"has-post-thumbnail","6":"product_cat-room-hangers","8":"first","9":"instock","10":"taxable","11":"shipping-taxable","12":"purchasable","13":"product-type-variable"},"_links":{"self":[{"href":"https:\/\/nexgendecors.com\/es\/wp-json\/wp\/v2\/product\/177286","targetHints":{"allow":["GET"]}}],"collection":[{"href":"https:\/\/nexgendecors.com\/es\/wp-json\/wp\/v2\/product"}],"about":[{"href":"https:\/\/nexgendecors.com\/es\/wp-json\/wp\/v2\/types\/product"}],"replies":[{"embeddable":true,"href":"https:\/\/nexgendecors.com\/es\/wp-json\/wp\/v2\/comments?post=177286"}],"version-history":[{"count":0,"href":"https:\/\/nexgendecors.com\/es\/wp-json\/wp\/v2\/product\/177286\/revisions"}],"wp:featuredmedia":[{"embeddable":true,"href":"https:\/\/nexgendecors.com\/es\/wp-json\/wp\/v2\/media\/177285"}],"wp:attachment":[{"href":"https:\/\/nexgendecors.com\/es\/wp-json\/wp\/v2\/media?parent=177286"}],"wp:term":[{"taxonomy":"product_brand","embeddable":true,"href":"https:\/\/nexgendecors.com\/es\/wp-json\/wp\/v2\/product_brand?post=177286"},{"taxonomy":"product_cat","embeddable":true,"href":"https:\/\/nexgendecors.com\/es\/wp-json\/wp\/v2\/product_cat?post=177286"},{"taxonomy":"product_tag","embeddable":true,"href":"https:\/\/nexgendecors.com\/es\/wp-json\/wp\/v2\/product_tag?post=177286"}],"curies":[{"name":"wp","href":"https:\/\/api.w.org\/{rel}","templated":true}]}}