{"id":177502,"date":"2025-02-26T14:28:15","date_gmt":"2025-02-26T14:28:15","guid":{"rendered":"https:\/\/nexgendecors.com\/en\/product\/mutilcolors-hotel-ballroom-wedding-decoration-bow-spandex-chair-cover\/"},"modified":"2025-04-06T10:55:12","modified_gmt":"2025-04-06T10:55:12","slug":"mutilcolors-hotel-ballroom-wedding-decoration-bow-spandex-chair-cover","status":"publish","type":"product","link":"https:\/\/nexgendecors.com\/es\/product\/mutilcolors-hotel-ballroom-wedding-decoration-bow-spandex-chair-cover\/","title":{"rendered":"Funda de silla de licra multicolor con lazo para decoraci\u00f3n de bodas y salones de hotel"},"content":{"rendered":"<ul>\n<li><strong>material : <\/strong> 100% Poli\u00e9ster<\/li>\n<li><strong>estilo : <\/strong> Plano<\/li>\n<li><strong>patr\u00f3n : <\/strong> te\u00f1ido liso<\/li>\n<li><strong>solicitud : <\/strong> Silla de hotel, silla de boda, silla de banquete<\/li>\n<li><strong>tama\u00f1o : <\/strong> Est\u00e1ndar<\/li>\n<li><strong>N\u00famero de modelo: <\/strong> ELY-BBTL-008<\/li>\n<li><strong>lugar de origen : <\/strong> Guangdong, China<\/li>\n<li><strong>nombre de marca: <\/strong> EL\u00cdA<\/li>\n<li><strong>Material : <\/strong> poli\u00e9ster 100%<\/li>\n<li><strong>Nombre del producto : <\/strong> Chair Cover<\/li>\n<li><strong>Forma : <\/strong> Round or customized<\/li>\n<li><strong>Color : <\/strong> White, black or customized<\/li>\n<li><strong>Uso: <\/strong> Hote\/Retaurant\/Banquet etc.<\/li>\n<li><strong>Tama\u00f1o : <\/strong> Standard Chair Size<\/li>\n<li><strong>Dise\u00f1o : <\/strong> Plain dyed<\/li>\n<li><strong>Cantidad m\u00ednima de pedido: <\/strong> 50 piezas<\/li>\n<li><strong>Logotipo : <\/strong> Se puede personalizar<\/li>\n<li><strong>Embalaje: <\/strong> Woven bag\/Carton box<\/li>\n<\/ul>","protected":false},"excerpt":{"rendered":"<p>Material: poli\u00e9ster 100% Estilo: liso Patr\u00f3n: te\u00f1ido liso Aplicaci\u00f3n: silla de hotel, silla de boda, silla de banquete Tama\u00f1o<\/p>","protected":false},"featured_media":177501,"comment_status":"open","ping_status":"closed","template":"","meta":[],"product_brand":[],"product_cat":[30961],"product_tag":[],"class_list":{"0":"post-177502","1":"product","2":"type-product","3":"status-publish","4":"has-post-thumbnail","6":"product_cat-napkins-dining-covers","8":"first","9":"instock","10":"taxable","11":"shipping-taxable","12":"purchasable","13":"product-type-variable"},"_links":{"self":[{"href":"https:\/\/nexgendecors.com\/es\/wp-json\/wp\/v2\/product\/177502","targetHints":{"allow":["GET"]}}],"collection":[{"href":"https:\/\/nexgendecors.com\/es\/wp-json\/wp\/v2\/product"}],"about":[{"href":"https:\/\/nexgendecors.com\/es\/wp-json\/wp\/v2\/types\/product"}],"replies":[{"embeddable":true,"href":"https:\/\/nexgendecors.com\/es\/wp-json\/wp\/v2\/comments?post=177502"}],"version-history":[{"count":0,"href":"https:\/\/nexgendecors.com\/es\/wp-json\/wp\/v2\/product\/177502\/revisions"}],"wp:featuredmedia":[{"embeddable":true,"href":"https:\/\/nexgendecors.com\/es\/wp-json\/wp\/v2\/media\/177501"}],"wp:attachment":[{"href":"https:\/\/nexgendecors.com\/es\/wp-json\/wp\/v2\/media?parent=177502"}],"wp:term":[{"taxonomy":"product_brand","embeddable":true,"href":"https:\/\/nexgendecors.com\/es\/wp-json\/wp\/v2\/product_brand?post=177502"},{"taxonomy":"product_cat","embeddable":true,"href":"https:\/\/nexgendecors.com\/es\/wp-json\/wp\/v2\/product_cat?post=177502"},{"taxonomy":"product_tag","embeddable":true,"href":"https:\/\/nexgendecors.com\/es\/wp-json\/wp\/v2\/product_tag?post=177502"}],"curies":[{"name":"wp","href":"https:\/\/api.w.org\/{rel}","templated":true}]}}