{"id":177509,"date":"2025-02-26T15:20:51","date_gmt":"2025-02-26T15:20:51","guid":{"rendered":"https:\/\/nexgendecors.com\/en\/product\/restaurant-housekeeping-janitorial-3-shelf-cart-kitchen-cleaning-service-trolley-carts-hotel-cleaning-trolley-cart\/"},"modified":"2025-04-22T06:35:48","modified_gmt":"2025-04-22T06:35:48","slug":"restaurant-housekeeping-janitorial-3-shelf-cart-kitchen-cleaning-service-trolley-carts-hotel-cleaning-trolley-cart","status":"publish","type":"product","link":"https:\/\/nexgendecors.com\/es\/product\/restaurant-housekeeping-janitorial-3-shelf-cart-kitchen-cleaning-service-trolley-carts-hotel-cleaning-trolley-cart\/","title":{"rendered":"Servicio de limpieza de restaurantes Carro de limpieza de 3 estantes Carro de limpieza de cocinas Carro de limpieza de hoteles"},"content":{"rendered":"<ul>\n<li><strong>lugar de origen : <\/strong> Guangdong, China<\/li>\n<li><strong>nombre de marca: <\/strong> Yinan<\/li>\n<li><strong>N\u00famero de modelo: <\/strong> A-46C<\/li>\n<li><strong>Caracter\u00edstica : <\/strong> Multi Function<\/li>\n<li><strong>Tipo : <\/strong> 3 Layer<\/li>\n<li><strong>Wheels : <\/strong> 4 ruedas<\/li>\n<li><strong>Material : <\/strong> Acero inoxidable<\/li>\n<li><strong>Color : <\/strong> Plata<\/li>\n<li><strong>Uso: <\/strong> Commecial Cleaning<\/li>\n<li><strong>Solicitud : <\/strong> Hotel Restaurant Public Places..etc<\/li>\n<\/ul>","protected":false},"excerpt":{"rendered":"<p>lugar de origen : Guangdong, China marca : Yinan n\u00famero de modelo : A-46C Caracter\u00edstica : Multi Funci\u00f3n Tipo :<\/p>","protected":false},"featured_media":177508,"comment_status":"open","ping_status":"closed","template":"","meta":[],"product_brand":[],"product_cat":[30944,30947,30943],"product_tag":[],"class_list":{"0":"post-177509","1":"product","2":"type-product","3":"status-publish","4":"has-post-thumbnail","6":"product_cat-cleaning-carts","7":"product_cat-janitorial-supplies","8":"product_cat-maids-carts","10":"first","11":"instock","12":"taxable","13":"shipping-taxable","14":"purchasable","15":"product-type-variable"},"_links":{"self":[{"href":"https:\/\/nexgendecors.com\/es\/wp-json\/wp\/v2\/product\/177509","targetHints":{"allow":["GET"]}}],"collection":[{"href":"https:\/\/nexgendecors.com\/es\/wp-json\/wp\/v2\/product"}],"about":[{"href":"https:\/\/nexgendecors.com\/es\/wp-json\/wp\/v2\/types\/product"}],"replies":[{"embeddable":true,"href":"https:\/\/nexgendecors.com\/es\/wp-json\/wp\/v2\/comments?post=177509"}],"version-history":[{"count":0,"href":"https:\/\/nexgendecors.com\/es\/wp-json\/wp\/v2\/product\/177509\/revisions"}],"wp:featuredmedia":[{"embeddable":true,"href":"https:\/\/nexgendecors.com\/es\/wp-json\/wp\/v2\/media\/177508"}],"wp:attachment":[{"href":"https:\/\/nexgendecors.com\/es\/wp-json\/wp\/v2\/media?parent=177509"}],"wp:term":[{"taxonomy":"product_brand","embeddable":true,"href":"https:\/\/nexgendecors.com\/es\/wp-json\/wp\/v2\/product_brand?post=177509"},{"taxonomy":"product_cat","embeddable":true,"href":"https:\/\/nexgendecors.com\/es\/wp-json\/wp\/v2\/product_cat?post=177509"},{"taxonomy":"product_tag","embeddable":true,"href":"https:\/\/nexgendecors.com\/es\/wp-json\/wp\/v2\/product_tag?post=177509"}],"curies":[{"name":"wp","href":"https:\/\/api.w.org\/{rel}","templated":true}]}}