{"id":177563,"date":"2025-02-26T15:27:42","date_gmt":"2025-02-26T15:27:42","guid":{"rendered":"https:\/\/nexgendecors.com\/en\/product\/23-27-inch-windproof-large-umbrella-for-the-rain-custom-umbrella-with-logo-printing-daily-usage-straight-handle-curved-handle\/"},"modified":"2025-04-12T14:49:14","modified_gmt":"2025-04-12T14:49:14","slug":"23-27-inch-windproof-large-umbrella-for-the-rain-custom-umbrella-with-logo-printing-daily-usage-straight-handle-curved-handle","status":"publish","type":"product","link":"https:\/\/nexgendecors.com\/es\/product\/23-27-inch-windproof-large-umbrella-for-the-rain-custom-umbrella-with-logo-printing-daily-usage-straight-handle-curved-handle\/","title":{"rendered":"Paraguas grande de 23\/27 pulgadas a prueba de viento para la lluvia Paraguas personalizado con impresi\u00f3n de logotipo Uso diario Mango recto\/mango curvo"},"content":{"rendered":"<ul>\n<li><strong>tipo : <\/strong> Umbrellas<\/li>\n<li><strong>Producto : <\/strong> Umbrella<\/li>\n<li><strong>caracter\u00edstica : <\/strong> Stretch<\/li>\n<li><strong>Patr\u00f3n : <\/strong> Straight Umbrella<\/li>\n<li><strong>control : <\/strong> Semi-automatic<\/li>\n<li><strong>open diameter : <\/strong> 104cm\/114cm<\/li>\n<li><strong>ocasi\u00f3n: <\/strong> Promotion Daily Usage<\/li>\n<li><strong>estilo de dise\u00f1o: <\/strong> Moderno<\/li>\n<li><strong>grupo de edad: <\/strong> Adultos<\/li>\n<li><strong>panel material : <\/strong> Embroidery Fabric<\/li>\n<li><strong>material : <\/strong> Poli\u00e9ster<\/li>\n<li><strong>lugar de origen : <\/strong> Guangdong, China<\/li>\n<li><strong>nombre de marca: <\/strong> Yinan<\/li>\n<li><strong>N\u00famero de modelo: <\/strong> D-11D<\/li>\n<li><strong>Color : <\/strong> Black\/Red\/Brown\/Dark-green<\/li>\n<li><strong>Logotipo : <\/strong> Customizable Logo Printing<\/li>\n<li><strong>Cantidad m\u00ednima de pedido: <\/strong> 20 piezas<\/li>\n<li><strong>Peso : <\/strong> 500g<\/li>\n<li><strong>Open method : <\/strong> Auto Opening  Mannual Closing<\/li>\n<li><strong>Uso: <\/strong> Promotion  Daily Usage<\/li>\n<\/ul>","protected":false},"excerpt":{"rendered":"<p>tipo : Paraguas Producto : Paraguas Caracter\u00edstica : El\u00e1stico Patr\u00f3n : Recto Control del paraguas : Semi-autom\u00e1tico Di\u00e1metro de apertura : 104cm\/114cm<\/p>","protected":false},"featured_media":177562,"comment_status":"open","ping_status":"closed","template":"","meta":[],"product_brand":[],"product_cat":[30948,30963],"product_tag":[],"class_list":{"0":"post-177563","1":"product","2":"type-product","3":"status-publish","4":"has-post-thumbnail","6":"product_cat-hotel-maintenance","7":"product_cat-umbrellas","9":"first","10":"instock","11":"taxable","12":"shipping-taxable","13":"purchasable","14":"product-type-variable"},"_links":{"self":[{"href":"https:\/\/nexgendecors.com\/es\/wp-json\/wp\/v2\/product\/177563","targetHints":{"allow":["GET"]}}],"collection":[{"href":"https:\/\/nexgendecors.com\/es\/wp-json\/wp\/v2\/product"}],"about":[{"href":"https:\/\/nexgendecors.com\/es\/wp-json\/wp\/v2\/types\/product"}],"replies":[{"embeddable":true,"href":"https:\/\/nexgendecors.com\/es\/wp-json\/wp\/v2\/comments?post=177563"}],"version-history":[{"count":0,"href":"https:\/\/nexgendecors.com\/es\/wp-json\/wp\/v2\/product\/177563\/revisions"}],"wp:featuredmedia":[{"embeddable":true,"href":"https:\/\/nexgendecors.com\/es\/wp-json\/wp\/v2\/media\/177562"}],"wp:attachment":[{"href":"https:\/\/nexgendecors.com\/es\/wp-json\/wp\/v2\/media?parent=177563"}],"wp:term":[{"taxonomy":"product_brand","embeddable":true,"href":"https:\/\/nexgendecors.com\/es\/wp-json\/wp\/v2\/product_brand?post=177563"},{"taxonomy":"product_cat","embeddable":true,"href":"https:\/\/nexgendecors.com\/es\/wp-json\/wp\/v2\/product_cat?post=177563"},{"taxonomy":"product_tag","embeddable":true,"href":"https:\/\/nexgendecors.com\/es\/wp-json\/wp\/v2\/product_tag?post=177563"}],"curies":[{"name":"wp","href":"https:\/\/api.w.org\/{rel}","templated":true}]}}