{"id":177628,"date":"2025-02-26T15:28:57","date_gmt":"2025-02-26T15:28:57","guid":{"rendered":"https:\/\/nexgendecors.com\/en\/product\/24-lockless-metal-umbrella-stand-rack-holder-rain-wheel-for-mall-holder-withremovable-drip-tray-metal-umbrella-rack-holder\/"},"modified":"2025-04-12T14:49:13","modified_gmt":"2025-04-12T14:49:13","slug":"24-lockless-metal-umbrella-stand-rack-holder-rain-wheel-for-mall-holder-withremovable-drip-tray-metal-umbrella-rack-holder","status":"publish","type":"product","link":"https:\/\/nexgendecors.com\/es\/product\/24-lockless-metal-umbrella-stand-rack-holder-rain-wheel-for-mall-holder-withremovable-drip-tray-metal-umbrella-rack-holder\/","title":{"rendered":"24 Parag\u00fcero de metal sin cerradura de soporte de la rueda de lluvia para el centro comercial titular con bandeja de goteo extra\u00edble parag\u00fcero de metal titular de rack"},"content":{"rendered":"<ul>\n<li><strong>tipo : <\/strong> Umbrella Stands<\/li>\n<li><strong>T\u00e9cnica: <\/strong> Metal Handicraft<\/li>\n<li><strong>theme : <\/strong> Art<\/li>\n<li><strong>funci\u00f3n : <\/strong> Store<\/li>\n<li><strong>conformation : <\/strong> Other Structure<\/li>\n<li><strong>lugar de origen : <\/strong> Guangdong, China<\/li>\n<li><strong>nombre de marca: <\/strong> Yinan<\/li>\n<li><strong>N\u00famero de modelo: <\/strong> D-31<\/li>\n<li><strong>Nombre del producto : <\/strong> Lockless Umbrella Stand<\/li>\n<li><strong>Material : <\/strong> Acero inoxidable<\/li>\n<li><strong>Tama\u00f1o : <\/strong> 600*300*850mm<\/li>\n<\/ul>","protected":false},"excerpt":{"rendered":"<p>tipo : Parag\u00fcero t\u00e9cnica : Metal Artesan\u00eda tema : Arte funci\u00f3n : Tienda conformaci\u00f3n : Otros Estructura lugar de<\/p>","protected":false},"featured_media":177627,"comment_status":"open","ping_status":"closed","template":"","meta":[],"product_brand":[],"product_cat":[30948,30963],"product_tag":[],"class_list":{"0":"post-177628","1":"product","2":"type-product","3":"status-publish","4":"has-post-thumbnail","6":"product_cat-hotel-maintenance","7":"product_cat-umbrellas","9":"first","10":"instock","11":"taxable","12":"shipping-taxable","13":"purchasable","14":"product-type-variable"},"_links":{"self":[{"href":"https:\/\/nexgendecors.com\/es\/wp-json\/wp\/v2\/product\/177628","targetHints":{"allow":["GET"]}}],"collection":[{"href":"https:\/\/nexgendecors.com\/es\/wp-json\/wp\/v2\/product"}],"about":[{"href":"https:\/\/nexgendecors.com\/es\/wp-json\/wp\/v2\/types\/product"}],"replies":[{"embeddable":true,"href":"https:\/\/nexgendecors.com\/es\/wp-json\/wp\/v2\/comments?post=177628"}],"version-history":[{"count":0,"href":"https:\/\/nexgendecors.com\/es\/wp-json\/wp\/v2\/product\/177628\/revisions"}],"wp:featuredmedia":[{"embeddable":true,"href":"https:\/\/nexgendecors.com\/es\/wp-json\/wp\/v2\/media\/177627"}],"wp:attachment":[{"href":"https:\/\/nexgendecors.com\/es\/wp-json\/wp\/v2\/media?parent=177628"}],"wp:term":[{"taxonomy":"product_brand","embeddable":true,"href":"https:\/\/nexgendecors.com\/es\/wp-json\/wp\/v2\/product_brand?post=177628"},{"taxonomy":"product_cat","embeddable":true,"href":"https:\/\/nexgendecors.com\/es\/wp-json\/wp\/v2\/product_cat?post=177628"},{"taxonomy":"product_tag","embeddable":true,"href":"https:\/\/nexgendecors.com\/es\/wp-json\/wp\/v2\/product_tag?post=177628"}],"curies":[{"name":"wp","href":"https:\/\/api.w.org\/{rel}","templated":true}]}}