{"id":177719,"date":"2025-02-26T15:44:20","date_gmt":"2025-02-26T15:44:20","guid":{"rendered":"https:\/\/nexgendecors.com\/en\/product\/customized-stainless-steel-folding-floor-warning-signs-metal-no-parking-sign-board-wet-floor-safety-sign-stand\/"},"modified":"2025-04-22T06:34:35","modified_gmt":"2025-04-22T06:34:35","slug":"customized-stainless-steel-folding-floor-warning-signs-metal-no-parking-sign-board-wet-floor-safety-sign-stand","status":"publish","type":"product","link":"https:\/\/nexgendecors.com\/es\/product\/customized-stainless-steel-folding-floor-warning-signs-metal-no-parking-sign-board-wet-floor-safety-sign-stand\/","title":{"rendered":"Personalizado de acero inoxidable plegable piso se\u00f1ales de advertencia de metal no estacionamiento de la se\u00f1al del tablero de piso mojado de seguridad de la se\u00f1al de pie"},"content":{"rendered":"<ul>\n<li><strong>lugar de origen : <\/strong> Guangdong, China<\/li>\n<li><strong>nombre de marca: <\/strong> YiNan<\/li>\n<li><strong>N\u00famero de modelo: <\/strong> P-12<\/li>\n<li><strong>tipo : <\/strong> Otro<\/li>\n<li><strong>Nombre del producto : <\/strong> Foldable Road traffic signs<\/li>\n<li><strong>Solicitud : <\/strong> Roadway Safety Signs<\/li>\n<li><strong>Uso: <\/strong> Safety Caution Sign<\/li>\n<li><strong>Material : <\/strong> Acero inoxidable<\/li>\n<li><strong>Impresi\u00f3n: <\/strong> UV Digital Printing<\/li>\n<li><strong>Espesor : <\/strong> 1mm<\/li>\n<li><strong>Cantidad m\u00ednima de pedido: <\/strong> 10 piezas<\/li>\n<li><strong>Caracter\u00edstica : <\/strong> Road Construction Warning Signs Product<\/li>\n<li><strong>Color : <\/strong> Silver,Titanium,Rose Gold<\/li>\n<li><strong>Tama\u00f1o : <\/strong> 220*300*600mm<\/li>\n<\/ul>","protected":false},"excerpt":{"rendered":"<p>lugar de origen : Guangdong, China marca : YiNan n\u00famero de modelo : P-12 tipo : Otro Nombre del producto :<\/p>","protected":false},"featured_media":177718,"comment_status":"open","ping_status":"closed","template":"","meta":[],"product_brand":[],"product_cat":[30948,30947],"product_tag":[],"class_list":{"0":"post-177719","1":"product","2":"type-product","3":"status-publish","4":"has-post-thumbnail","6":"product_cat-hotel-maintenance","7":"product_cat-janitorial-supplies","9":"first","10":"instock","11":"taxable","12":"shipping-taxable","13":"purchasable","14":"product-type-variable"},"_links":{"self":[{"href":"https:\/\/nexgendecors.com\/es\/wp-json\/wp\/v2\/product\/177719","targetHints":{"allow":["GET"]}}],"collection":[{"href":"https:\/\/nexgendecors.com\/es\/wp-json\/wp\/v2\/product"}],"about":[{"href":"https:\/\/nexgendecors.com\/es\/wp-json\/wp\/v2\/types\/product"}],"replies":[{"embeddable":true,"href":"https:\/\/nexgendecors.com\/es\/wp-json\/wp\/v2\/comments?post=177719"}],"version-history":[{"count":0,"href":"https:\/\/nexgendecors.com\/es\/wp-json\/wp\/v2\/product\/177719\/revisions"}],"wp:featuredmedia":[{"embeddable":true,"href":"https:\/\/nexgendecors.com\/es\/wp-json\/wp\/v2\/media\/177718"}],"wp:attachment":[{"href":"https:\/\/nexgendecors.com\/es\/wp-json\/wp\/v2\/media?parent=177719"}],"wp:term":[{"taxonomy":"product_brand","embeddable":true,"href":"https:\/\/nexgendecors.com\/es\/wp-json\/wp\/v2\/product_brand?post=177719"},{"taxonomy":"product_cat","embeddable":true,"href":"https:\/\/nexgendecors.com\/es\/wp-json\/wp\/v2\/product_cat?post=177719"},{"taxonomy":"product_tag","embeddable":true,"href":"https:\/\/nexgendecors.com\/es\/wp-json\/wp\/v2\/product_tag?post=177719"}],"curies":[{"name":"wp","href":"https:\/\/api.w.org\/{rel}","templated":true}]}}