{"id":177744,"date":"2025-02-26T15:46:23","date_gmt":"2025-02-26T15:46:23","guid":{"rendered":"https:\/\/nexgendecors.com\/en\/product\/traffic-flexible-pvc-cone-warning-sign-thickened-stackable-safety-warning-sign-under-maintenance-cleaning-cone-warning-sign\/"},"modified":"2025-04-06T10:57:22","modified_gmt":"2025-04-06T10:57:22","slug":"traffic-flexible-pvc-cone-warning-sign-thickened-stackable-safety-warning-sign-under-maintenance-cleaning-cone-warning-sign","status":"publish","type":"product","link":"https:\/\/nexgendecors.com\/es\/product\/traffic-flexible-pvc-cone-warning-sign-thickened-stackable-safety-warning-sign-under-maintenance-cleaning-cone-warning-sign\/","title":{"rendered":"Se\u00f1al de advertencia de cono de PVC flexible para tr\u00e1fico Se\u00f1al de advertencia de cono de seguridad apilable y engrosado Se\u00f1al de advertencia de cono de limpieza para mantenimiento"},"content":{"rendered":"<ul>\n<li><strong>lugar de origen : <\/strong> Guangdong, China<\/li>\n<li><strong>nombre de marca: <\/strong> yin\u00e1n<\/li>\n<li><strong>N\u00famero de modelo: <\/strong> HJ-02<\/li>\n<li><strong>Nombre del producto : <\/strong> Traffic  Warning Sign<\/li>\n<li><strong>Solicitud : <\/strong> Traffic Control<\/li>\n<li><strong>Color : <\/strong> Color personalizado<\/li>\n<li><strong>Tama\u00f1o : <\/strong> Tama\u00f1o personalizado<\/li>\n<li><strong>Impresi\u00f3n: <\/strong> UV Digital Printing<\/li>\n<li><strong>Cantidad m\u00ednima de pedido: <\/strong> 10 piezas<\/li>\n<li><strong>Embalaje: <\/strong> Caja de cart\u00f3n<\/li>\n<li><strong>Material : <\/strong> Pl\u00e1stico<\/li>\n<li><strong>Forma : <\/strong> Cuadrado<\/li>\n<li><strong>Uso: <\/strong> Safety Caution Sign<\/li>\n<\/ul>","protected":false},"excerpt":{"rendered":"<p>lugar de origen : Guangdong, China marca : yinan n\u00famero de modelo : HJ-02 nombre del producto : Se\u00f1al de advertencia de tr\u00e1fico<\/p>","protected":false},"featured_media":177743,"comment_status":"open","ping_status":"closed","template":"","meta":[],"product_brand":[],"product_cat":[30948],"product_tag":[],"class_list":{"0":"post-177744","1":"product","2":"type-product","3":"status-publish","4":"has-post-thumbnail","6":"product_cat-hotel-maintenance","8":"first","9":"instock","10":"taxable","11":"shipping-taxable","12":"purchasable","13":"product-type-variable"},"_links":{"self":[{"href":"https:\/\/nexgendecors.com\/es\/wp-json\/wp\/v2\/product\/177744","targetHints":{"allow":["GET"]}}],"collection":[{"href":"https:\/\/nexgendecors.com\/es\/wp-json\/wp\/v2\/product"}],"about":[{"href":"https:\/\/nexgendecors.com\/es\/wp-json\/wp\/v2\/types\/product"}],"replies":[{"embeddable":true,"href":"https:\/\/nexgendecors.com\/es\/wp-json\/wp\/v2\/comments?post=177744"}],"version-history":[{"count":0,"href":"https:\/\/nexgendecors.com\/es\/wp-json\/wp\/v2\/product\/177744\/revisions"}],"wp:featuredmedia":[{"embeddable":true,"href":"https:\/\/nexgendecors.com\/es\/wp-json\/wp\/v2\/media\/177743"}],"wp:attachment":[{"href":"https:\/\/nexgendecors.com\/es\/wp-json\/wp\/v2\/media?parent=177744"}],"wp:term":[{"taxonomy":"product_brand","embeddable":true,"href":"https:\/\/nexgendecors.com\/es\/wp-json\/wp\/v2\/product_brand?post=177744"},{"taxonomy":"product_cat","embeddable":true,"href":"https:\/\/nexgendecors.com\/es\/wp-json\/wp\/v2\/product_cat?post=177744"},{"taxonomy":"product_tag","embeddable":true,"href":"https:\/\/nexgendecors.com\/es\/wp-json\/wp\/v2\/product_tag?post=177744"}],"curies":[{"name":"wp","href":"https:\/\/api.w.org\/{rel}","templated":true}]}}