{"id":177752,"date":"2025-02-26T15:47:04","date_gmt":"2025-02-26T15:47:04","guid":{"rendered":"https:\/\/nexgendecors.com\/en\/product\/housekeeping-service-cleaning-carts-medical-trolley-cart-serving-plastic-trolley-cart-multi-functional-cleaning-trolley\/"},"modified":"2025-04-12T14:11:07","modified_gmt":"2025-04-12T14:11:07","slug":"housekeeping-service-cleaning-carts-medical-trolley-cart-serving-plastic-trolley-cart-multi-functional-cleaning-trolley","status":"publish","type":"product","link":"https:\/\/nexgendecors.com\/es\/product\/housekeeping-service-cleaning-carts-medical-trolley-cart-serving-plastic-trolley-cart-multi-functional-cleaning-trolley\/","title":{"rendered":"Servicio de limpieza Carros de limpieza Carros m\u00e9dicos Carros de pl\u00e1stico para servir Carros de limpieza multifuncionales"},"content":{"rendered":"<ul>\n<li><strong>lugar de origen : <\/strong> Guangdong<\/li>\n<li><strong>nombre de marca: <\/strong> Yinan<\/li>\n<li><strong>N\u00famero de modelo: <\/strong> A-47B<\/li>\n<li><strong>Material : <\/strong> Plastic, PP Plastic<\/li>\n<li><strong>Tipo : <\/strong> housekeeping cart<\/li>\n<li><strong>Nombre : <\/strong> Housekeeping Plastic Service Cleaning Cart<\/li>\n<li><strong>Logotipo : <\/strong> Se acepta logotipo personalizado<\/li>\n<li><strong>Instalaci\u00f3n : <\/strong> Easy Install<\/li>\n<li><strong>Nombre de la marca: <\/strong> Yinan<\/li>\n<li><strong>Embalaje: <\/strong> 1 Pcs\/ CTN<\/li>\n<li><strong>Color : <\/strong> Blue\/Gray<\/li>\n<li><strong>Wheels : <\/strong> 4 ruedas<\/li>\n<li><strong>N\u00famero de modelo : <\/strong> A-47B<\/li>\n<li><strong>Lugar de origen: <\/strong> Guangdong, China<\/li>\n<\/ul>","protected":false},"excerpt":{"rendered":"<p>lugar de origen : Guangdong marca : Yinan n\u00famero de modelo : A-47B Material : Pl\u00e1stico, PP Pl\u00e1stico Tipo :<\/p>","protected":false},"featured_media":177751,"comment_status":"open","ping_status":"closed","template":"","meta":[],"product_brand":[],"product_cat":[30943],"product_tag":[],"class_list":{"0":"post-177752","1":"product","2":"type-product","3":"status-publish","4":"has-post-thumbnail","6":"product_cat-maids-carts","8":"first","9":"instock","10":"taxable","11":"shipping-taxable","12":"purchasable","13":"product-type-variable"},"_links":{"self":[{"href":"https:\/\/nexgendecors.com\/es\/wp-json\/wp\/v2\/product\/177752","targetHints":{"allow":["GET"]}}],"collection":[{"href":"https:\/\/nexgendecors.com\/es\/wp-json\/wp\/v2\/product"}],"about":[{"href":"https:\/\/nexgendecors.com\/es\/wp-json\/wp\/v2\/types\/product"}],"replies":[{"embeddable":true,"href":"https:\/\/nexgendecors.com\/es\/wp-json\/wp\/v2\/comments?post=177752"}],"version-history":[{"count":0,"href":"https:\/\/nexgendecors.com\/es\/wp-json\/wp\/v2\/product\/177752\/revisions"}],"wp:featuredmedia":[{"embeddable":true,"href":"https:\/\/nexgendecors.com\/es\/wp-json\/wp\/v2\/media\/177751"}],"wp:attachment":[{"href":"https:\/\/nexgendecors.com\/es\/wp-json\/wp\/v2\/media?parent=177752"}],"wp:term":[{"taxonomy":"product_brand","embeddable":true,"href":"https:\/\/nexgendecors.com\/es\/wp-json\/wp\/v2\/product_brand?post=177752"},{"taxonomy":"product_cat","embeddable":true,"href":"https:\/\/nexgendecors.com\/es\/wp-json\/wp\/v2\/product_cat?post=177752"},{"taxonomy":"product_tag","embeddable":true,"href":"https:\/\/nexgendecors.com\/es\/wp-json\/wp\/v2\/product_tag?post=177752"}],"curies":[{"name":"wp","href":"https:\/\/api.w.org\/{rel}","templated":true}]}}