{"id":177767,"date":"2025-02-26T15:54:38","date_gmt":"2025-02-26T15:54:38","guid":{"rendered":"https:\/\/nexgendecors.com\/en\/product\/white-goose-down-pillow-five-star-hotel-pillow-core-household-single-double-cervical-vertebrae-protection-sleep-pillow-core-a-pair\/"},"modified":"2025-04-06T10:57:35","modified_gmt":"2025-04-06T10:57:35","slug":"almohada-de-plumon-de-ganso-blanco-almohada-de-hotel-de-cinco-estrellas-nucleo-de-almohada-para-el-hogar-individual-doble-proteccion-de-las-vertebras-cervicales-nucleo-de-almohada-para-dormir-u","status":"publish","type":"product","link":"https:\/\/nexgendecors.com\/es\/product\/almohada-de-plumon-de-ganso-blanco-almohada-de-hotel-de-cinco-estrellas-nucleo-de-almohada-para-el-hogar-individual-doble-proteccion-de-las-vertebras-cervicales-nucleo-de-almohada-para-dormir-u\/","title":{"rendered":"Almohada de plum\u00f3n de ganso blanco, n\u00facleo de almohada de hotel de cinco estrellas, n\u00facleo de almohada para dormir para protecci\u00f3n de v\u00e9rtebras cervicales individual y doble, un par"},"content":{"rendered":"","protected":false},"excerpt":{"rendered":"","protected":false},"featured_media":177766,"comment_status":"open","ping_status":"closed","template":"","meta":[],"product_brand":[],"product_cat":[30954],"product_tag":[],"class_list":{"0":"post-177767","1":"product","2":"type-product","3":"status-publish","4":"has-post-thumbnail","6":"product_cat-hotel-pillows-and-covers","8":"first","9":"instock","10":"taxable","11":"shipping-taxable","12":"purchasable","13":"product-type-simple"},"_links":{"self":[{"href":"https:\/\/nexgendecors.com\/es\/wp-json\/wp\/v2\/product\/177767","targetHints":{"allow":["GET"]}}],"collection":[{"href":"https:\/\/nexgendecors.com\/es\/wp-json\/wp\/v2\/product"}],"about":[{"href":"https:\/\/nexgendecors.com\/es\/wp-json\/wp\/v2\/types\/product"}],"replies":[{"embeddable":true,"href":"https:\/\/nexgendecors.com\/es\/wp-json\/wp\/v2\/comments?post=177767"}],"version-history":[{"count":0,"href":"https:\/\/nexgendecors.com\/es\/wp-json\/wp\/v2\/product\/177767\/revisions"}],"wp:featuredmedia":[{"embeddable":true,"href":"https:\/\/nexgendecors.com\/es\/wp-json\/wp\/v2\/media\/177766"}],"wp:attachment":[{"href":"https:\/\/nexgendecors.com\/es\/wp-json\/wp\/v2\/media?parent=177767"}],"wp:term":[{"taxonomy":"product_brand","embeddable":true,"href":"https:\/\/nexgendecors.com\/es\/wp-json\/wp\/v2\/product_brand?post=177767"},{"taxonomy":"product_cat","embeddable":true,"href":"https:\/\/nexgendecors.com\/es\/wp-json\/wp\/v2\/product_cat?post=177767"},{"taxonomy":"product_tag","embeddable":true,"href":"https:\/\/nexgendecors.com\/es\/wp-json\/wp\/v2\/product_tag?post=177767"}],"curies":[{"name":"wp","href":"https:\/\/api.w.org\/{rel}","templated":true}]}}