{"id":177819,"date":"2025-02-26T15:56:48","date_gmt":"2025-02-26T15:56:48","guid":{"rendered":"https:\/\/nexgendecors.com\/en\/product\/hotel-quilt-core-hotel-four-seasons-quilt-homestay-quilt-core-pure-white-whole-feather-velvet-quilt-air-conditioning-quilt\/"},"modified":"2025-04-06T10:57:51","modified_gmt":"2025-04-06T10:57:51","slug":"nucleo-de-edredon-para-hotel-edredon-para-las-cuatro-estaciones-edredon-para-alojamiento-familiar-edredon-de-terciopelo-blanco-puro-con-plumas-edredon-para-aire-acondicionado","status":"publish","type":"product","link":"https:\/\/nexgendecors.com\/es\/product\/nucleo-de-edredon-para-hotel-edredon-para-las-cuatro-estaciones-edredon-para-alojamiento-familiar-edredon-de-terciopelo-blanco-puro-con-plumas-edredon-para-aire-acondicionado\/","title":{"rendered":"N\u00facleo de edred\u00f3n de hotel, edred\u00f3n de hotel para las cuatro estaciones, n\u00facleo de edred\u00f3n para alojamiento familiar, edred\u00f3n de terciopelo de plumas blanco puro, edred\u00f3n para aire acondicionado"},"content":{"rendered":"<p><b>Contenido de los principales ingredientes de los rellenos<\/b>: 90<\/p>\n<p><b>Ingredientes del relleno<\/b>: Fibra de poli\u00e9ster poli\u00e9ster<\/p>\n<p><b>Contenido del material de relleno<\/b>: 20<\/p>\n<p><b>Contenido del ingrediente principal de la tela<\/b>: 90<\/p>\n<p><b>Subingredientes de la tela<\/b>: 10<\/p>\n<p><b>Contenido del subcomponente de tela<\/b>: 20<\/p>\n<p><b>Peso de la colcha<\/b>:3,1-4 gatos<\/p>\n<p><b>Personalizaci\u00f3n del procesamiento<\/b>: S\u00ed<\/p>\n<p><b>\u00bfEs compatible con el env\u00edo directo?<\/b>: apoyo<\/p>\n<p><b>Proceso de tejido<\/b>:Lavado, lijado<\/p>\n<p><b>Grado del producto<\/b>:Productos calificados<\/p>\n<p><b>Temporada aplicable<\/b>:Primavera y oto\u00f1o<\/p>\n<p><b>Material de la tela<\/b>:Fibra qu\u00edmica<\/p>\n<p><b>color<\/b>: Blanco<\/p>\n<p><b>Dimensiones<\/b>: 150x200cm 3 jin, 150x200cm 5 jin, 180x220cm 5 jin, 180x220cm 7 jin, 200x230cm 6 jin, 200x230cm 8 jin, 220x240cm 6 jin, 220x240cm 8 jin<\/p>\n<p><b>Ya sea una fuente dedicada de bienes para la exportaci\u00f3n transfronteriza<\/b>: No<\/p>\n<p><b>\u00bfEs un contribuyente general?<\/b>: No<\/p>\n<p><b>Relleno<\/b>:Fibras mixtas<\/p>","protected":false},"excerpt":{"rendered":"<p>Contenido de los ingredientes principales de los rellenos: 90 Ingredientes de relleno: Fibra de poli\u00e9ster poli\u00e9ster Contenido del material de relleno: 20 Contenido del ingrediente principal de<\/p>","protected":false},"featured_media":177818,"comment_status":"open","ping_status":"closed","template":"","meta":[],"product_brand":[],"product_cat":[30952],"product_tag":[],"class_list":{"0":"post-177819","1":"product","2":"type-product","3":"status-publish","4":"has-post-thumbnail","6":"product_cat-hotel-blanket-cover","8":"first","9":"instock","10":"taxable","11":"shipping-taxable","12":"purchasable","13":"product-type-variable"},"_links":{"self":[{"href":"https:\/\/nexgendecors.com\/es\/wp-json\/wp\/v2\/product\/177819","targetHints":{"allow":["GET"]}}],"collection":[{"href":"https:\/\/nexgendecors.com\/es\/wp-json\/wp\/v2\/product"}],"about":[{"href":"https:\/\/nexgendecors.com\/es\/wp-json\/wp\/v2\/types\/product"}],"replies":[{"embeddable":true,"href":"https:\/\/nexgendecors.com\/es\/wp-json\/wp\/v2\/comments?post=177819"}],"version-history":[{"count":0,"href":"https:\/\/nexgendecors.com\/es\/wp-json\/wp\/v2\/product\/177819\/revisions"}],"wp:featuredmedia":[{"embeddable":true,"href":"https:\/\/nexgendecors.com\/es\/wp-json\/wp\/v2\/media\/177818"}],"wp:attachment":[{"href":"https:\/\/nexgendecors.com\/es\/wp-json\/wp\/v2\/media?parent=177819"}],"wp:term":[{"taxonomy":"product_brand","embeddable":true,"href":"https:\/\/nexgendecors.com\/es\/wp-json\/wp\/v2\/product_brand?post=177819"},{"taxonomy":"product_cat","embeddable":true,"href":"https:\/\/nexgendecors.com\/es\/wp-json\/wp\/v2\/product_cat?post=177819"},{"taxonomy":"product_tag","embeddable":true,"href":"https:\/\/nexgendecors.com\/es\/wp-json\/wp\/v2\/product_tag?post=177819"}],"curies":[{"name":"wp","href":"https:\/\/api.w.org\/{rel}","templated":true}]}}