{"id":177851,"date":"2025-02-26T16:02:55","date_gmt":"2025-02-26T16:02:55","guid":{"rendered":"https:\/\/nexgendecors.com\/en\/product\/authentic-hungarian-95-white-feather-quilt-winter-quilt-warm-thick-down-quilt-five-star-hotel-spring-and-autumn-quilt-core\/"},"modified":"2025-04-06T10:57:58","modified_gmt":"2025-04-06T10:57:58","slug":"edredon-hungaro-autentico-de-95-plumas-blancas-edredon-de-invierno-edredon-grueso-y-calido-de-plumon-nucleo-de-edredon-de-hotel-de-cinco-estrellas-para-primavera-y-otono","status":"publish","type":"product","link":"https:\/\/nexgendecors.com\/es\/product\/edredon-hungaro-autentico-de-95-plumas-blancas-edredon-de-invierno-edredon-grueso-y-calido-de-plumon-nucleo-de-edredon-de-hotel-de-cinco-estrellas-para-primavera-y-otono\/","title":{"rendered":"Aut\u00e9ntico h\u00fangaro 95 blanco edred\u00f3n de plumas edred\u00f3n de invierno c\u00e1lido grueso abajo edred\u00f3n hotel de cinco estrellas primavera y oto\u00f1o edred\u00f3n n\u00facleo"},"content":{"rendered":"","protected":false},"excerpt":{"rendered":"","protected":false},"featured_media":177850,"comment_status":"open","ping_status":"closed","template":"","meta":[],"product_brand":[],"product_cat":[30952],"product_tag":[],"class_list":{"0":"post-177851","1":"product","2":"type-product","3":"status-publish","4":"has-post-thumbnail","6":"product_cat-hotel-blanket-cover","8":"first","9":"instock","10":"taxable","11":"shipping-taxable","12":"purchasable","13":"product-type-simple"},"_links":{"self":[{"href":"https:\/\/nexgendecors.com\/es\/wp-json\/wp\/v2\/product\/177851","targetHints":{"allow":["GET"]}}],"collection":[{"href":"https:\/\/nexgendecors.com\/es\/wp-json\/wp\/v2\/product"}],"about":[{"href":"https:\/\/nexgendecors.com\/es\/wp-json\/wp\/v2\/types\/product"}],"replies":[{"embeddable":true,"href":"https:\/\/nexgendecors.com\/es\/wp-json\/wp\/v2\/comments?post=177851"}],"version-history":[{"count":0,"href":"https:\/\/nexgendecors.com\/es\/wp-json\/wp\/v2\/product\/177851\/revisions"}],"wp:featuredmedia":[{"embeddable":true,"href":"https:\/\/nexgendecors.com\/es\/wp-json\/wp\/v2\/media\/177850"}],"wp:attachment":[{"href":"https:\/\/nexgendecors.com\/es\/wp-json\/wp\/v2\/media?parent=177851"}],"wp:term":[{"taxonomy":"product_brand","embeddable":true,"href":"https:\/\/nexgendecors.com\/es\/wp-json\/wp\/v2\/product_brand?post=177851"},{"taxonomy":"product_cat","embeddable":true,"href":"https:\/\/nexgendecors.com\/es\/wp-json\/wp\/v2\/product_cat?post=177851"},{"taxonomy":"product_tag","embeddable":true,"href":"https:\/\/nexgendecors.com\/es\/wp-json\/wp\/v2\/product_tag?post=177851"}],"curies":[{"name":"wp","href":"https:\/\/api.w.org\/{rel}","templated":true}]}}