{"id":177922,"date":"2025-02-26T16:06:05","date_gmt":"2025-02-26T16:06:05","guid":{"rendered":"https:\/\/nexgendecors.com\/en\/product\/five-star-hotel-goose-down-quilt-120-cotton-silent-down-quilt-winter-spring-autumn-thick-95-white-goose-down-quilt-core\/"},"modified":"2025-04-06T10:58:07","modified_gmt":"2025-04-06T10:58:07","slug":"edredon-de-plumon-de-ganso-de-hotel-de-cinco-estrellas-120-algodon-silencioso-para-invierno-primavera-y-otono-grueso-95-plumon-de-ganso-blanco","status":"publish","type":"product","link":"https:\/\/nexgendecors.com\/es\/product\/edredon-de-plumon-de-ganso-de-hotel-de-cinco-estrellas-120-algodon-silencioso-para-invierno-primavera-y-otono-grueso-95-plumon-de-ganso-blanco\/","title":{"rendered":"Hotel de cinco estrellas edred\u00f3n de plum\u00f3n de ganso 120 algod\u00f3n silencioso edred\u00f3n de plum\u00f3n invierno primavera oto\u00f1o grueso 95 blanco n\u00facleo edred\u00f3n de plum\u00f3n de ganso"},"content":{"rendered":"","protected":false},"excerpt":{"rendered":"","protected":false},"featured_media":177921,"comment_status":"open","ping_status":"closed","template":"","meta":[],"product_brand":[],"product_cat":[30952],"product_tag":[],"class_list":{"0":"post-177922","1":"product","2":"type-product","3":"status-publish","4":"has-post-thumbnail","6":"product_cat-hotel-blanket-cover","8":"first","9":"instock","10":"taxable","11":"shipping-taxable","12":"purchasable","13":"product-type-simple"},"_links":{"self":[{"href":"https:\/\/nexgendecors.com\/es\/wp-json\/wp\/v2\/product\/177922","targetHints":{"allow":["GET"]}}],"collection":[{"href":"https:\/\/nexgendecors.com\/es\/wp-json\/wp\/v2\/product"}],"about":[{"href":"https:\/\/nexgendecors.com\/es\/wp-json\/wp\/v2\/types\/product"}],"replies":[{"embeddable":true,"href":"https:\/\/nexgendecors.com\/es\/wp-json\/wp\/v2\/comments?post=177922"}],"version-history":[{"count":0,"href":"https:\/\/nexgendecors.com\/es\/wp-json\/wp\/v2\/product\/177922\/revisions"}],"wp:featuredmedia":[{"embeddable":true,"href":"https:\/\/nexgendecors.com\/es\/wp-json\/wp\/v2\/media\/177921"}],"wp:attachment":[{"href":"https:\/\/nexgendecors.com\/es\/wp-json\/wp\/v2\/media?parent=177922"}],"wp:term":[{"taxonomy":"product_brand","embeddable":true,"href":"https:\/\/nexgendecors.com\/es\/wp-json\/wp\/v2\/product_brand?post=177922"},{"taxonomy":"product_cat","embeddable":true,"href":"https:\/\/nexgendecors.com\/es\/wp-json\/wp\/v2\/product_cat?post=177922"},{"taxonomy":"product_tag","embeddable":true,"href":"https:\/\/nexgendecors.com\/es\/wp-json\/wp\/v2\/product_tag?post=177922"}],"curies":[{"name":"wp","href":"https:\/\/api.w.org\/{rel}","templated":true}]}}