{"id":177969,"date":"2025-02-26T16:10:41","date_gmt":"2025-02-26T16:10:41","guid":{"rendered":"https:\/\/nexgendecors.com\/en\/product\/small-floor-scrubber-commercial-mopping-machine-hotel-and-restaurant-hand-pushed-electric-floor-cleaning-vehicle-warehouse-floor-scrubber-manufacturer\/"},"modified":"2025-04-06T10:58:15","modified_gmt":"2025-04-06T10:58:15","slug":"small-floor-scrubber-commercial-mopping-machine-hotel-and-restaurant-hand-pushed-electric-floor-cleaning-vehicle-warehouse-floor-scrubber-manufacturer","status":"publish","type":"product","link":"https:\/\/nexgendecors.com\/es\/product\/small-floor-scrubber-commercial-mopping-machine-hotel-and-restaurant-hand-pushed-electric-floor-cleaning-vehicle-warehouse-floor-scrubber-manufacturer\/","title":{"rendered":"Fregadora de suelos peque\u00f1a, fregadora comercial, veh\u00edculo el\u00e9ctrico de limpieza de suelos con empuje manual para hoteles y restaurantes, fabricante de fregadoras de suelos para almacenes"},"content":{"rendered":"","protected":false},"excerpt":{"rendered":"","protected":false},"featured_media":177968,"comment_status":"open","ping_status":"closed","template":"","meta":[],"product_brand":[],"product_cat":[30959],"product_tag":[],"class_list":{"0":"post-177969","1":"product","2":"type-product","3":"status-publish","4":"has-post-thumbnail","6":"product_cat-cleaning-machine","8":"first","9":"instock","10":"taxable","11":"shipping-taxable","12":"purchasable","13":"product-type-simple"},"_links":{"self":[{"href":"https:\/\/nexgendecors.com\/es\/wp-json\/wp\/v2\/product\/177969","targetHints":{"allow":["GET"]}}],"collection":[{"href":"https:\/\/nexgendecors.com\/es\/wp-json\/wp\/v2\/product"}],"about":[{"href":"https:\/\/nexgendecors.com\/es\/wp-json\/wp\/v2\/types\/product"}],"replies":[{"embeddable":true,"href":"https:\/\/nexgendecors.com\/es\/wp-json\/wp\/v2\/comments?post=177969"}],"version-history":[{"count":0,"href":"https:\/\/nexgendecors.com\/es\/wp-json\/wp\/v2\/product\/177969\/revisions"}],"wp:featuredmedia":[{"embeddable":true,"href":"https:\/\/nexgendecors.com\/es\/wp-json\/wp\/v2\/media\/177968"}],"wp:attachment":[{"href":"https:\/\/nexgendecors.com\/es\/wp-json\/wp\/v2\/media?parent=177969"}],"wp:term":[{"taxonomy":"product_brand","embeddable":true,"href":"https:\/\/nexgendecors.com\/es\/wp-json\/wp\/v2\/product_brand?post=177969"},{"taxonomy":"product_cat","embeddable":true,"href":"https:\/\/nexgendecors.com\/es\/wp-json\/wp\/v2\/product_cat?post=177969"},{"taxonomy":"product_tag","embeddable":true,"href":"https:\/\/nexgendecors.com\/es\/wp-json\/wp\/v2\/product_tag?post=177969"}],"curies":[{"name":"wp","href":"https:\/\/api.w.org\/{rel}","templated":true}]}}