{"id":178065,"date":"2025-02-27T01:50:23","date_gmt":"2025-02-27T01:50:23","guid":{"rendered":"https:\/\/nexgendecors.com\/en\/product\/wholesale-customizable-white-porcelain-bone-china-dinnerware-set-stoneware-plate-dishes-cup-for-home-or-restaurant-use\/"},"modified":"2025-04-06T10:58:56","modified_gmt":"2025-04-06T10:58:56","slug":"venta-al-por-mayor-juego-de-vajilla-de-porcelana-blanca-personalizable-platos-y-tazas-de-gres-para-uso-domestico-o-en-restaurantes","status":"publish","type":"product","link":"https:\/\/nexgendecors.com\/es\/product\/venta-al-por-mayor-juego-de-vajilla-de-porcelana-blanca-personalizable-platos-y-tazas-de-gres-para-uso-domestico-o-en-restaurantes\/","title":{"rendered":"Juego de vajilla de porcelana blanca personalizable al por mayor, plato de gres, taza y platillo para uso dom\u00e9stico o en restaurantes."},"content":{"rendered":"<ul>\n<li><strong>Tipo de vajilla: <\/strong> Juegos de vajilla<\/li>\n<li><strong>tipo de patr\u00f3n: <\/strong> incrustaciones de oro<\/li>\n<li><strong>N\u00famero de usuarios: <\/strong> &gt;10<\/li>\n<li><strong>T\u00e9cnica: <\/strong> Sobre esmaltado<\/li>\n<li><strong>ocasi\u00f3n: <\/strong> Regalos de empresa<\/li>\n<li><strong>estilo : <\/strong> CL\u00c1SICO<\/li>\n<li><strong>material : <\/strong> cer\u00e1mico<\/li>\n<li><strong>tipo de cer\u00e1mica: <\/strong> Porcelana<\/li>\n<li><strong>caracter\u00edstica : <\/strong> Sostenible, abastecido<\/li>\n<li><strong>lugar de origen : <\/strong> Guangdong, China<\/li>\n<li><strong>nombre de marca: <\/strong> Armhorse<\/li>\n<li><strong>N\u00famero de modelo: <\/strong> AMT-10<\/li>\n<li><strong>Nombre del producto : <\/strong> Juego de vajilla de porcelana<\/li>\n<li><strong>Material : <\/strong> Cer\u00e1mico<\/li>\n<li><strong>Uso: <\/strong> Inicio Hotel Restaurante Fiesta de bodas<\/li>\n<li><strong>Color : <\/strong> Color blanco<\/li>\n<li><strong>Tipo : <\/strong> Juego de platos y vajilla usados para hoteles<\/li>\n<li><strong>Cantidad m\u00ednima de pedido: <\/strong> 10 piezas<\/li>\n<li><strong>Estilo : <\/strong> Vajilla de cer\u00e1mica esmaltada de porcelana<\/li>\n<li><strong>Embalaje: <\/strong> Caja marr\u00f3n<\/li>\n<\/ul>","protected":false},"excerpt":{"rendered":"<p>Tipo de vajilla: Juegos de vajilla Tipo de patr\u00f3n: Incrustaciones de oro N\u00famero de usuarios: &gt;10 T\u00e9cnica: Esmaltado Ocasi\u00f3n:<\/p>","protected":false},"featured_media":178064,"comment_status":"open","ping_status":"closed","template":"","meta":[],"product_brand":[],"product_cat":[30965],"product_tag":[],"class_list":{"0":"post-178065","1":"product","2":"type-product","3":"status-publish","4":"has-post-thumbnail","6":"product_cat-tablewares","8":"first","9":"instock","10":"taxable","11":"shipping-taxable","12":"purchasable","13":"product-type-variable"},"_links":{"self":[{"href":"https:\/\/nexgendecors.com\/es\/wp-json\/wp\/v2\/product\/178065","targetHints":{"allow":["GET"]}}],"collection":[{"href":"https:\/\/nexgendecors.com\/es\/wp-json\/wp\/v2\/product"}],"about":[{"href":"https:\/\/nexgendecors.com\/es\/wp-json\/wp\/v2\/types\/product"}],"replies":[{"embeddable":true,"href":"https:\/\/nexgendecors.com\/es\/wp-json\/wp\/v2\/comments?post=178065"}],"version-history":[{"count":0,"href":"https:\/\/nexgendecors.com\/es\/wp-json\/wp\/v2\/product\/178065\/revisions"}],"wp:featuredmedia":[{"embeddable":true,"href":"https:\/\/nexgendecors.com\/es\/wp-json\/wp\/v2\/media\/178064"}],"wp:attachment":[{"href":"https:\/\/nexgendecors.com\/es\/wp-json\/wp\/v2\/media?parent=178065"}],"wp:term":[{"taxonomy":"product_brand","embeddable":true,"href":"https:\/\/nexgendecors.com\/es\/wp-json\/wp\/v2\/product_brand?post=178065"},{"taxonomy":"product_cat","embeddable":true,"href":"https:\/\/nexgendecors.com\/es\/wp-json\/wp\/v2\/product_cat?post=178065"},{"taxonomy":"product_tag","embeddable":true,"href":"https:\/\/nexgendecors.com\/es\/wp-json\/wp\/v2\/product_tag?post=178065"}],"curies":[{"name":"wp","href":"https:\/\/api.w.org\/{rel}","templated":true}]}}