{"id":178082,"date":"2025-02-27T01:50:40","date_gmt":"2025-02-27T01:50:40","guid":{"rendered":"https:\/\/nexgendecors.com\/en\/product\/wholesale-green-gold-rim-plates-4-5inch-bowl-set-luxury-dinner-plates-ceramic-dinnerware-sets\/"},"modified":"2025-04-06T10:59:05","modified_gmt":"2025-04-06T10:59:05","slug":"wholesale-green-gold-rim-plates-4-5inch-bowl-set-luxury-dinner-plates-ceramic-dinnerware-sets","status":"publish","type":"product","link":"https:\/\/nexgendecors.com\/es\/product\/wholesale-green-gold-rim-plates-4-5inch-bowl-set-luxury-dinner-plates-ceramic-dinnerware-sets\/","title":{"rendered":"Juego de platos de cer\u00e1mica de lujo con borde dorado verde de 4,5 pulgadas, venta al por mayor"},"content":{"rendered":"<ul>\n<li><strong>Tipo de vajilla: <\/strong> Juegos de vajilla<\/li>\n<li><strong>tipo de patr\u00f3n: <\/strong> incrustaciones de oro<\/li>\n<li><strong>N\u00famero de usuarios: <\/strong> &gt;10<\/li>\n<li><strong>T\u00e9cnica: <\/strong> Pigmented<\/li>\n<li><strong>ocasi\u00f3n: <\/strong> Restaurant\/Home<\/li>\n<li><strong>estilo : <\/strong> Europa<\/li>\n<li><strong>production : <\/strong> Cup Kit<\/li>\n<li><strong>material : <\/strong> cer\u00e1mico<\/li>\n<li><strong>tipo de cer\u00e1mica: <\/strong> Porcelana<\/li>\n<li><strong>caracter\u00edstica : <\/strong> Sostenible, abastecido<\/li>\n<li><strong>lugar de origen : <\/strong> Guangdong, China<\/li>\n<li><strong>nombre de marca: <\/strong> Armhouse<\/li>\n<li><strong>N\u00famero de modelo: <\/strong> AMT-22<\/li>\n<li><strong>Material : <\/strong> Porcelana<\/li>\n<li><strong>Nombre del producto : <\/strong> Porcelain Dinner Set<\/li>\n<li><strong>Uso: <\/strong> Inicio Hotel Restaurante<\/li>\n<li><strong>Color : <\/strong> Verde<\/li>\n<li><strong>Tipo : <\/strong> Tablewear Set<\/li>\n<li><strong>Description : <\/strong> Food Contained Safe<\/li>\n<li><strong>Embalaje: <\/strong> Caja marr\u00f3n<\/li>\n<li><strong>Palabras clave: <\/strong> Dinnersets<\/li>\n<li><strong>Forma : <\/strong> Round Dinner Set<\/li>\n<li><strong>Nombre : <\/strong> Ceramic Dinner Set Porcelain Dinnerware Set<\/li>\n<\/ul>","protected":false},"excerpt":{"rendered":"<p>Tipo de vajilla: Juegos de vajilla Tipo de patr\u00f3n: Incrustaciones de oro N\u00famero de usuarios: &gt;10 T\u00e9cnica: Pigmentado Ocasi\u00f3n:<\/p>","protected":false},"featured_media":178081,"comment_status":"open","ping_status":"closed","template":"","meta":[],"product_brand":[],"product_cat":[30965],"product_tag":[],"class_list":{"0":"post-178082","1":"product","2":"type-product","3":"status-publish","4":"has-post-thumbnail","6":"product_cat-tablewares","8":"first","9":"instock","10":"taxable","11":"shipping-taxable","12":"purchasable","13":"product-type-variable"},"_links":{"self":[{"href":"https:\/\/nexgendecors.com\/es\/wp-json\/wp\/v2\/product\/178082","targetHints":{"allow":["GET"]}}],"collection":[{"href":"https:\/\/nexgendecors.com\/es\/wp-json\/wp\/v2\/product"}],"about":[{"href":"https:\/\/nexgendecors.com\/es\/wp-json\/wp\/v2\/types\/product"}],"replies":[{"embeddable":true,"href":"https:\/\/nexgendecors.com\/es\/wp-json\/wp\/v2\/comments?post=178082"}],"version-history":[{"count":0,"href":"https:\/\/nexgendecors.com\/es\/wp-json\/wp\/v2\/product\/178082\/revisions"}],"wp:featuredmedia":[{"embeddable":true,"href":"https:\/\/nexgendecors.com\/es\/wp-json\/wp\/v2\/media\/178081"}],"wp:attachment":[{"href":"https:\/\/nexgendecors.com\/es\/wp-json\/wp\/v2\/media?parent=178082"}],"wp:term":[{"taxonomy":"product_brand","embeddable":true,"href":"https:\/\/nexgendecors.com\/es\/wp-json\/wp\/v2\/product_brand?post=178082"},{"taxonomy":"product_cat","embeddable":true,"href":"https:\/\/nexgendecors.com\/es\/wp-json\/wp\/v2\/product_cat?post=178082"},{"taxonomy":"product_tag","embeddable":true,"href":"https:\/\/nexgendecors.com\/es\/wp-json\/wp\/v2\/product_tag?post=178082"}],"curies":[{"name":"wp","href":"https:\/\/api.w.org\/{rel}","templated":true}]}}