{"id":178109,"date":"2025-02-27T01:50:58","date_gmt":"2025-02-27T01:50:58","guid":{"rendered":"https:\/\/nexgendecors.com\/en\/product\/strength-factory-customizable-print-ceramic-decal-china-white-ceramic-plate-set-dishwasher-safe-for-food-dessert-dinnerware\/"},"modified":"2025-04-06T10:59:16","modified_gmt":"2025-04-06T10:59:16","slug":"strength-factory-customizable-print-ceramic-decal-china-white-ceramic-plate-set-dishwasher-safe-for-food-dessert-dinnerware","status":"publish","type":"product","link":"https:\/\/nexgendecors.com\/es\/product\/strength-factory-customizable-print-ceramic-decal-china-white-ceramic-plate-set-dishwasher-safe-for-food-dessert-dinnerware\/","title":{"rendered":"Juego de platos de cer\u00e1mica blanca de China con impresi\u00f3n personalizable de Strength Factory, aptos para lavavajillas, para comida, postre y vajilla."},"content":{"rendered":"<ul>\n<li><strong>Tipo de vajilla: <\/strong> Platos y fuentes<\/li>\n<li><strong>tipo de patr\u00f3n: <\/strong> S\u00f3lido<\/li>\n<li><strong>tipo de placa: <\/strong> Plato Plato<\/li>\n<li><strong>forma : <\/strong> Rect\u00e1ngulo<\/li>\n<li><strong>T\u00e9cnica: <\/strong> Sobre esmaltado<\/li>\n<li><strong>ocasi\u00f3n: <\/strong> Giveaways<\/li>\n<li><strong>estilo : <\/strong> American style<\/li>\n<li><strong>cantidad : <\/strong> 6-10<\/li>\n<li><strong>material : <\/strong> cer\u00e1mico<\/li>\n<li><strong>tipo de cer\u00e1mica: <\/strong> Porcelana de hueso<\/li>\n<li><strong>caracter\u00edstica : <\/strong> Sostenible<\/li>\n<li><strong>lugar de origen : <\/strong> Guangdong, China<\/li>\n<li><strong>nombre de marca: <\/strong> Amhouse<\/li>\n<li><strong>Material Type : <\/strong> Cer\u00e1mica<\/li>\n<li><strong>Tama\u00f1o : <\/strong> Shown as picture<\/li>\n<li><strong>Color : <\/strong> Blanco<\/li>\n<li><strong>Uso: <\/strong> Hotel,Restaaurant,Supermarket,Shopping Mall etc.<\/li>\n<li><strong>Logotipo : <\/strong> Se acepta logotipo personalizado<\/li>\n<li><strong>Fabricante de equipos originales (OEM) y fabricante de dise\u00f1os originales (ODM): <\/strong> Apoyo<\/li>\n<li><strong>Tiempo de muestra: <\/strong> 1-3 Day<\/li>\n<li><strong>Cantidad m\u00ednima de pedido: <\/strong> 100 Pcs<\/li>\n<li><strong>Calificaci\u00f3n : <\/strong> Food Safe Grade<\/li>\n<li><strong>Paquete : <\/strong> 1pcs\/box or customized<\/li>\n<\/ul>","protected":false},"excerpt":{"rendered":"<p>Tipo de vajilla: Platos y fuentes Tipo de patr\u00f3n: S\u00f3lido Tipo de plato: Plato Forma del plato: Rect\u00e1ngulo T\u00e9cnica:<\/p>","protected":false},"featured_media":178108,"comment_status":"open","ping_status":"closed","template":"","meta":[],"product_brand":[],"product_cat":[30965],"product_tag":[],"class_list":{"0":"post-178109","1":"product","2":"type-product","3":"status-publish","4":"has-post-thumbnail","6":"product_cat-tablewares","8":"first","9":"instock","10":"taxable","11":"shipping-taxable","12":"purchasable","13":"product-type-variable"},"_links":{"self":[{"href":"https:\/\/nexgendecors.com\/es\/wp-json\/wp\/v2\/product\/178109","targetHints":{"allow":["GET"]}}],"collection":[{"href":"https:\/\/nexgendecors.com\/es\/wp-json\/wp\/v2\/product"}],"about":[{"href":"https:\/\/nexgendecors.com\/es\/wp-json\/wp\/v2\/types\/product"}],"replies":[{"embeddable":true,"href":"https:\/\/nexgendecors.com\/es\/wp-json\/wp\/v2\/comments?post=178109"}],"version-history":[{"count":0,"href":"https:\/\/nexgendecors.com\/es\/wp-json\/wp\/v2\/product\/178109\/revisions"}],"wp:featuredmedia":[{"embeddable":true,"href":"https:\/\/nexgendecors.com\/es\/wp-json\/wp\/v2\/media\/178108"}],"wp:attachment":[{"href":"https:\/\/nexgendecors.com\/es\/wp-json\/wp\/v2\/media?parent=178109"}],"wp:term":[{"taxonomy":"product_brand","embeddable":true,"href":"https:\/\/nexgendecors.com\/es\/wp-json\/wp\/v2\/product_brand?post=178109"},{"taxonomy":"product_cat","embeddable":true,"href":"https:\/\/nexgendecors.com\/es\/wp-json\/wp\/v2\/product_cat?post=178109"},{"taxonomy":"product_tag","embeddable":true,"href":"https:\/\/nexgendecors.com\/es\/wp-json\/wp\/v2\/product_tag?post=178109"}],"curies":[{"name":"wp","href":"https:\/\/api.w.org\/{rel}","templated":true}]}}