{"id":178138,"date":"2025-02-27T01:51:13","date_gmt":"2025-02-27T01:51:13","guid":{"rendered":"https:\/\/nexgendecors.com\/en\/product\/wholesale-price-white-porcelain-plate-high-quality-ceramic-plate-custom-dinner-plate-bowl-dishes-wedding-dinnerware\/"},"modified":"2025-04-06T10:59:23","modified_gmt":"2025-04-06T10:59:23","slug":"wholesale-price-white-porcelain-plate-high-quality-ceramic-plate-custom-dinner-plate-bowl-dishes-wedding-dinnerware","status":"publish","type":"product","link":"https:\/\/nexgendecors.com\/es\/product\/wholesale-price-white-porcelain-plate-high-quality-ceramic-plate-custom-dinner-plate-bowl-dishes-wedding-dinnerware\/","title":{"rendered":"Precio al por mayor, plato de porcelana blanca, plato de cer\u00e1mica de alta calidad, plato de cena personalizado, cuenco, platos, vajilla de boda"},"content":{"rendered":"<ul>\n<li><strong>Tipo de vajilla: <\/strong> Juegos de vajilla<\/li>\n<li><strong>tipo de patr\u00f3n: <\/strong> incrustaciones de oro<\/li>\n<li><strong>N\u00famero de usuarios: <\/strong> 2<\/li>\n<li><strong>T\u00e9cnica: <\/strong> Sobre esmaltado<\/li>\n<li><strong>ocasi\u00f3n: <\/strong> Boda<\/li>\n<li><strong>estilo : <\/strong> Minimalist<\/li>\n<li><strong>material : <\/strong> cer\u00e1mico<\/li>\n<li><strong>tipo de cer\u00e1mica: <\/strong> Porcelana<\/li>\n<li><strong>caracter\u00edstica : <\/strong> Desechables, sostenibles y almacenados<\/li>\n<li><strong>lugar de origen : <\/strong> Guangdong, China<\/li>\n<li><strong>nombre de marca: <\/strong> Armhorse<\/li>\n<li><strong>Nombre del producto : <\/strong> Ceramic Porcelain Dinner Plate<\/li>\n<li><strong>Uso: <\/strong> Inicio Hotel Restaurante Fiesta de bodas<\/li>\n<li><strong>Color : <\/strong> Color personalizado<\/li>\n<li><strong>Tipo : <\/strong> Hotel Restaurant Dinnerware Set<\/li>\n<li><strong>Logotipo : <\/strong> Se acepta logotipo personalizado<\/li>\n<li><strong>Cantidad m\u00ednima de pedido: <\/strong> 100 piezas<\/li>\n<li><strong>Tama\u00f1o : <\/strong> Tama\u00f1o personalizado<\/li>\n<li><strong>Embalaje: <\/strong> Embalaje personalizado<\/li>\n<li><strong>Estilo : <\/strong> Fashionable<\/li>\n<li><strong>Dise\u00f1o : <\/strong> Customized Designs Unbreakable Dinner Set<\/li>\n<\/ul>","protected":false},"excerpt":{"rendered":"<p>Tipo de vajilla: Juegos de vajilla Tipo de patr\u00f3n: Incrustaciones de oro N\u00famero de usuarios: 2 T\u00e9cnica: Esmaltado Ocasi\u00f3n:<\/p>","protected":false},"featured_media":178137,"comment_status":"open","ping_status":"closed","template":"","meta":[],"product_brand":[],"product_cat":[30965],"product_tag":[],"class_list":{"0":"post-178138","1":"product","2":"type-product","3":"status-publish","4":"has-post-thumbnail","6":"product_cat-tablewares","8":"first","9":"instock","10":"taxable","11":"shipping-taxable","12":"purchasable","13":"product-type-variable"},"_links":{"self":[{"href":"https:\/\/nexgendecors.com\/es\/wp-json\/wp\/v2\/product\/178138","targetHints":{"allow":["GET"]}}],"collection":[{"href":"https:\/\/nexgendecors.com\/es\/wp-json\/wp\/v2\/product"}],"about":[{"href":"https:\/\/nexgendecors.com\/es\/wp-json\/wp\/v2\/types\/product"}],"replies":[{"embeddable":true,"href":"https:\/\/nexgendecors.com\/es\/wp-json\/wp\/v2\/comments?post=178138"}],"version-history":[{"count":0,"href":"https:\/\/nexgendecors.com\/es\/wp-json\/wp\/v2\/product\/178138\/revisions"}],"wp:featuredmedia":[{"embeddable":true,"href":"https:\/\/nexgendecors.com\/es\/wp-json\/wp\/v2\/media\/178137"}],"wp:attachment":[{"href":"https:\/\/nexgendecors.com\/es\/wp-json\/wp\/v2\/media?parent=178138"}],"wp:term":[{"taxonomy":"product_brand","embeddable":true,"href":"https:\/\/nexgendecors.com\/es\/wp-json\/wp\/v2\/product_brand?post=178138"},{"taxonomy":"product_cat","embeddable":true,"href":"https:\/\/nexgendecors.com\/es\/wp-json\/wp\/v2\/product_cat?post=178138"},{"taxonomy":"product_tag","embeddable":true,"href":"https:\/\/nexgendecors.com\/es\/wp-json\/wp\/v2\/product_tag?post=178138"}],"curies":[{"name":"wp","href":"https:\/\/api.w.org\/{rel}","templated":true}]}}