{"id":178196,"date":"2025-02-27T01:52:15","date_gmt":"2025-02-27T01:52:15","guid":{"rendered":"https:\/\/nexgendecors.com\/en\/product\/high-grade-good-price-customizable-fine-bone-china-dinnerware-dinnerware-sets-luxury-plates-and-bowls-sets-dinnerware\/"},"modified":"2025-04-06T10:59:52","modified_gmt":"2025-04-06T10:59:52","slug":"high-grade-good-price-customizable-fine-bone-china-dinnerware-dinnerware-sets-luxury-plates-and-bowls-sets-dinnerware","status":"publish","type":"product","link":"https:\/\/nexgendecors.com\/es\/product\/high-grade-good-price-customizable-fine-bone-china-dinnerware-dinnerware-sets-luxury-plates-and-bowls-sets-dinnerware\/","title":{"rendered":"Vajilla de porcelana fina personalizable de alta calidad y buen precio, juegos de vajilla, platos y cuencos de lujo, vajilla"},"content":{"rendered":"<ul>\n<li><strong>Tipo de vajilla: <\/strong> Juegos de vajilla<\/li>\n<li><strong>tipo de patr\u00f3n: <\/strong> Planta<\/li>\n<li><strong>N\u00famero de usuarios: <\/strong> 1<\/li>\n<li><strong>T\u00e9cnica: <\/strong> Sobre esmaltado<\/li>\n<li><strong>ocasi\u00f3n: <\/strong> Regalos de empresa<\/li>\n<li><strong>estilo : <\/strong> Nordic<\/li>\n<li><strong>material : <\/strong> cer\u00e1mico<\/li>\n<li><strong>tipo de cer\u00e1mica: <\/strong> Porcelana de hueso<\/li>\n<li><strong>caracter\u00edstica : <\/strong> Sostenible, abastecido<\/li>\n<li><strong>lugar de origen : <\/strong> Guangdong, China<\/li>\n<li><strong>nombre de marca: <\/strong> Armhorse<\/li>\n<li><strong>N\u00famero de modelo: <\/strong> AMT-46<\/li>\n<li><strong>Nombre del producto : <\/strong> Bone china dinnerware set<\/li>\n<li><strong>Color : <\/strong> White+Blue<\/li>\n<li><strong>Material : <\/strong> High Quality Bone China<\/li>\n<li><strong>Estilo : <\/strong> Nordic style<\/li>\n<li><strong>Uso: <\/strong> Hotel Restaurant,royal dinner,catering,wedding<\/li>\n<li><strong>Ventaja : <\/strong> Professional Service\/fast delivery<\/li>\n<li><strong>Dise\u00f1o : <\/strong> Aceptar dise\u00f1os personalizados<\/li>\n<li><strong>Calidad : <\/strong> High Standard<\/li>\n<li><strong>Cantidad m\u00ednima de pedido: <\/strong> 50 juegos<\/li>\n<li><strong>Paquete : <\/strong> Customized Box Packing<\/li>\n<\/ul>","protected":false},"excerpt":{"rendered":"<p>Tipo de vajilla: Juegos de vajilla Tipo de patr\u00f3n: Planta N\u00famero de usuarios: 1 T\u00e9cnica: Esmaltado Ocasi\u00f3n: Negocios<\/p>","protected":false},"featured_media":178195,"comment_status":"open","ping_status":"closed","template":"","meta":[],"product_brand":[],"product_cat":[30965],"product_tag":[],"class_list":{"0":"post-178196","1":"product","2":"type-product","3":"status-publish","4":"has-post-thumbnail","6":"product_cat-tablewares","8":"first","9":"instock","10":"taxable","11":"shipping-taxable","12":"purchasable","13":"product-type-variable"},"_links":{"self":[{"href":"https:\/\/nexgendecors.com\/es\/wp-json\/wp\/v2\/product\/178196","targetHints":{"allow":["GET"]}}],"collection":[{"href":"https:\/\/nexgendecors.com\/es\/wp-json\/wp\/v2\/product"}],"about":[{"href":"https:\/\/nexgendecors.com\/es\/wp-json\/wp\/v2\/types\/product"}],"replies":[{"embeddable":true,"href":"https:\/\/nexgendecors.com\/es\/wp-json\/wp\/v2\/comments?post=178196"}],"version-history":[{"count":0,"href":"https:\/\/nexgendecors.com\/es\/wp-json\/wp\/v2\/product\/178196\/revisions"}],"wp:featuredmedia":[{"embeddable":true,"href":"https:\/\/nexgendecors.com\/es\/wp-json\/wp\/v2\/media\/178195"}],"wp:attachment":[{"href":"https:\/\/nexgendecors.com\/es\/wp-json\/wp\/v2\/media?parent=178196"}],"wp:term":[{"taxonomy":"product_brand","embeddable":true,"href":"https:\/\/nexgendecors.com\/es\/wp-json\/wp\/v2\/product_brand?post=178196"},{"taxonomy":"product_cat","embeddable":true,"href":"https:\/\/nexgendecors.com\/es\/wp-json\/wp\/v2\/product_cat?post=178196"},{"taxonomy":"product_tag","embeddable":true,"href":"https:\/\/nexgendecors.com\/es\/wp-json\/wp\/v2\/product_tag?post=178196"}],"curies":[{"name":"wp","href":"https:\/\/api.w.org\/{rel}","templated":true}]}}