{"id":178206,"date":"2025-02-27T01:52:30","date_gmt":"2025-02-27T01:52:30","guid":{"rendered":"https:\/\/nexgendecors.com\/en\/product\/luxury-porcelain-ceramic-dinnerware-sets-for-8-people-user-white-pink-household-tableware-with-bowls-and-plates-for-home-use\/"},"modified":"2025-04-06T11:00:02","modified_gmt":"2025-04-06T11:00:02","slug":"luxury-porcelain-ceramic-dinnerware-sets-for-8-people-user-white-pink-household-tableware-with-bowls-and-plates-for-home-use","status":"publish","type":"product","link":"https:\/\/nexgendecors.com\/es\/product\/luxury-porcelain-ceramic-dinnerware-sets-for-8-people-user-white-pink-household-tableware-with-bowls-and-plates-for-home-use\/","title":{"rendered":"Vajilla de cer\u00e1mica y porcelana de lujo para 8 personas, color blanco y rosa, con cuencos y platos para uso dom\u00e9stico."},"content":{"rendered":"<ul>\n<li><strong>Tipo de vajilla: <\/strong> Juegos de vajilla<\/li>\n<li><strong>tipo de patr\u00f3n: <\/strong> incrustaciones de oro<\/li>\n<li><strong>N\u00famero de usuarios: <\/strong> 7-9<\/li>\n<li><strong>T\u00e9cnica: <\/strong> Sobre esmaltado<\/li>\n<li><strong>ocasi\u00f3n: <\/strong> Home\/Restaurant<\/li>\n<li><strong>estilo : <\/strong> Europa<\/li>\n<li><strong>material : <\/strong> cer\u00e1mico<\/li>\n<li><strong>tipo de cer\u00e1mica: <\/strong> Porcelana<\/li>\n<li><strong>caracter\u00edstica : <\/strong> Sostenible, abastecido<\/li>\n<li><strong>lugar de origen : <\/strong> Guangdong, China<\/li>\n<li><strong>nombre de marca: <\/strong> Armhorse<\/li>\n<li><strong>N\u00famero de modelo: <\/strong> AMT-53<\/li>\n<li><strong>Nombre del producto : <\/strong> Ceramic Dinnerware Set<\/li>\n<li><strong>Material : <\/strong> Porcelana<\/li>\n<li><strong>Uso: <\/strong> Home Restaurant Weddings<\/li>\n<li><strong>Color : <\/strong> White\/Pink\/Yellow<\/li>\n<li><strong>Tipo : <\/strong> High Grade Ceramic Dinner Set<\/li>\n<li><strong>Logotipo : <\/strong> Aceptar logotipo personalizado<\/li>\n<li><strong>Cantidad m\u00ednima de pedido: <\/strong> 2 Sets<\/li>\n<li><strong>OEM y ODM: <\/strong> Servicio de personalizaci\u00f3n proporcionado<\/li>\n<li><strong>Dise\u00f1o : <\/strong> Wave pattern<\/li>\n<li><strong>Embalaje: <\/strong> Carton Box<\/li>\n<\/ul>","protected":false},"excerpt":{"rendered":"<p>Tipo de vajilla: Juegos de vajilla Tipo de patr\u00f3n: Incrustaciones de oro N\u00famero de usuarios: 7-9 T\u00e9cnica: Esmaltado Ocasi\u00f3n:<\/p>","protected":false},"featured_media":178205,"comment_status":"open","ping_status":"closed","template":"","meta":[],"product_brand":[],"product_cat":[30965],"product_tag":[],"class_list":{"0":"post-178206","1":"product","2":"type-product","3":"status-publish","4":"has-post-thumbnail","6":"product_cat-tablewares","8":"first","9":"instock","10":"taxable","11":"shipping-taxable","12":"purchasable","13":"product-type-variable"},"_links":{"self":[{"href":"https:\/\/nexgendecors.com\/es\/wp-json\/wp\/v2\/product\/178206","targetHints":{"allow":["GET"]}}],"collection":[{"href":"https:\/\/nexgendecors.com\/es\/wp-json\/wp\/v2\/product"}],"about":[{"href":"https:\/\/nexgendecors.com\/es\/wp-json\/wp\/v2\/types\/product"}],"replies":[{"embeddable":true,"href":"https:\/\/nexgendecors.com\/es\/wp-json\/wp\/v2\/comments?post=178206"}],"version-history":[{"count":0,"href":"https:\/\/nexgendecors.com\/es\/wp-json\/wp\/v2\/product\/178206\/revisions"}],"wp:featuredmedia":[{"embeddable":true,"href":"https:\/\/nexgendecors.com\/es\/wp-json\/wp\/v2\/media\/178205"}],"wp:attachment":[{"href":"https:\/\/nexgendecors.com\/es\/wp-json\/wp\/v2\/media?parent=178206"}],"wp:term":[{"taxonomy":"product_brand","embeddable":true,"href":"https:\/\/nexgendecors.com\/es\/wp-json\/wp\/v2\/product_brand?post=178206"},{"taxonomy":"product_cat","embeddable":true,"href":"https:\/\/nexgendecors.com\/es\/wp-json\/wp\/v2\/product_cat?post=178206"},{"taxonomy":"product_tag","embeddable":true,"href":"https:\/\/nexgendecors.com\/es\/wp-json\/wp\/v2\/product_tag?post=178206"}],"curies":[{"name":"wp","href":"https:\/\/api.w.org\/{rel}","templated":true}]}}