{"id":178271,"date":"2025-02-27T01:55:07","date_gmt":"2025-02-27T01:55:07","guid":{"rendered":"https:\/\/nexgendecors.com\/en\/product\/ceramic-supplier-bulk-custom-logo-minimalist-pure-white-gold-rim-bone-china-tea-coffee-cup-and-saucer-set-for-afternoon-tea\/"},"modified":"2025-04-06T11:00:20","modified_gmt":"2025-04-06T11:00:20","slug":"ceramic-supplier-bulk-custom-logo-minimalist-pure-white-gold-rim-bone-china-tea-coffee-cup-and-saucer-set-for-afternoon-tea","status":"publish","type":"product","link":"https:\/\/nexgendecors.com\/es\/product\/ceramic-supplier-bulk-custom-logo-minimalist-pure-white-gold-rim-bone-china-tea-coffee-cup-and-saucer-set-for-afternoon-tea\/","title":{"rendered":"Juego de taza y platillo de porcelana de hueso con borde de oro blanco puro minimalista con logotipo personalizado para t\u00e9 de la tarde."},"content":{"rendered":"<ul>\n<li><strong>Tipo de bebida: <\/strong> Tazas y platillos<\/li>\n<li><strong>ocasi\u00f3n: <\/strong> Regalos de empresa<\/li>\n<li><strong>estilo : <\/strong> Europa<\/li>\n<li><strong>material : <\/strong> cer\u00e1mico<\/li>\n<li><strong>tipo de cer\u00e1mica: <\/strong> Porcelana de hueso<\/li>\n<li><strong>caracter\u00edstica : <\/strong> Disponibles y almacenados<\/li>\n<li><strong>lugar de origen : <\/strong> Guangdong, China<\/li>\n<li><strong>nombre de marca: <\/strong> Armhorse<\/li>\n<li><strong>N\u00famero de modelo: <\/strong> AMT-45-11<\/li>\n<li><strong>volumen : <\/strong> 220ml<\/li>\n<li><strong>Nombre del producto : <\/strong> bone china tea coffee cup set<\/li>\n<li><strong>Grado cer\u00e1mico: <\/strong> A<\/li>\n<li><strong>Color : <\/strong> gold rim\/white<\/li>\n<li><strong>Logotipo : <\/strong> Se acepta logotipo personalizado<\/li>\n<li><strong>Cantidad m\u00ednima de pedido: <\/strong> 50 piezas<\/li>\n<li><strong>Uso: <\/strong> Restaurante de hotel, buffet, catering, bodas<\/li>\n<li><strong>Ventaja : <\/strong> Servicio profesional<\/li>\n<li><strong>Dise\u00f1o : <\/strong> Aceptar dise\u00f1os personalizados<\/li>\n<li><strong>Solicitud : <\/strong> Restaurante.Hotel.Boda<\/li>\n<li><strong>Art\u00edculo : <\/strong> Tea Cups+Saucers<\/li>\n<\/ul>","protected":false},"excerpt":{"rendered":"<p>Tipo de bebida: Tazas y platillos Ocasi\u00f3n: Regalos de empresa Estilo: Europa Material: Cer\u00e1mica Tipo de cer\u00e1mica: Hueso<\/p>","protected":false},"featured_media":178270,"comment_status":"open","ping_status":"closed","template":"","meta":[],"product_brand":[],"product_cat":[30965],"product_tag":[],"class_list":{"0":"post-178271","1":"product","2":"type-product","3":"status-publish","4":"has-post-thumbnail","6":"product_cat-tablewares","8":"first","9":"instock","10":"taxable","11":"shipping-taxable","12":"purchasable","13":"product-type-variable"},"_links":{"self":[{"href":"https:\/\/nexgendecors.com\/es\/wp-json\/wp\/v2\/product\/178271","targetHints":{"allow":["GET"]}}],"collection":[{"href":"https:\/\/nexgendecors.com\/es\/wp-json\/wp\/v2\/product"}],"about":[{"href":"https:\/\/nexgendecors.com\/es\/wp-json\/wp\/v2\/types\/product"}],"replies":[{"embeddable":true,"href":"https:\/\/nexgendecors.com\/es\/wp-json\/wp\/v2\/comments?post=178271"}],"version-history":[{"count":0,"href":"https:\/\/nexgendecors.com\/es\/wp-json\/wp\/v2\/product\/178271\/revisions"}],"wp:featuredmedia":[{"embeddable":true,"href":"https:\/\/nexgendecors.com\/es\/wp-json\/wp\/v2\/media\/178270"}],"wp:attachment":[{"href":"https:\/\/nexgendecors.com\/es\/wp-json\/wp\/v2\/media?parent=178271"}],"wp:term":[{"taxonomy":"product_brand","embeddable":true,"href":"https:\/\/nexgendecors.com\/es\/wp-json\/wp\/v2\/product_brand?post=178271"},{"taxonomy":"product_cat","embeddable":true,"href":"https:\/\/nexgendecors.com\/es\/wp-json\/wp\/v2\/product_cat?post=178271"},{"taxonomy":"product_tag","embeddable":true,"href":"https:\/\/nexgendecors.com\/es\/wp-json\/wp\/v2\/product_tag?post=178271"}],"curies":[{"name":"wp","href":"https:\/\/api.w.org\/{rel}","templated":true}]}}