{"id":178282,"date":"2025-02-27T01:55:24","date_gmt":"2025-02-27T01:55:24","guid":{"rendered":"https:\/\/nexgendecors.com\/en\/product\/customization-bone-china-gold-plated-coffee-tea-cup-set-porcelain-cappuccino-cup-ceramic-tea-cup-and-saucer-set\/"},"modified":"2025-04-06T11:00:30","modified_gmt":"2025-04-06T11:00:30","slug":"juego-de-tazas-de-cafe-y-te-de-porcelana-china-chapadas-en-oro-personalizables-taza-de-capuchino-de-porcelana-juego-de-taza-y-platillo-de-te-de-ceramica","status":"publish","type":"product","link":"https:\/\/nexgendecors.com\/es\/product\/juego-de-tazas-de-cafe-y-te-de-porcelana-china-chapadas-en-oro-personalizables-taza-de-capuchino-de-porcelana-juego-de-taza-y-platillo-de-te-de-ceramica\/","title":{"rendered":"Juego de taza de caf\u00e9 y t\u00e9 de porcelana china chapada en oro, personalizable, taza de capuchino de porcelana, juego de taza de t\u00e9 y platillo de cer\u00e1mica."},"content":{"rendered":"<ul>\n<li><strong>Tipo de bebida: <\/strong> Tazas y platillos<\/li>\n<li><strong>ocasi\u00f3n: <\/strong> Boda<\/li>\n<li><strong>estilo : <\/strong> Europa<\/li>\n<li><strong>material : <\/strong> cer\u00e1mico<\/li>\n<li><strong>tipo de cer\u00e1mica: <\/strong> Porcelana de hueso<\/li>\n<li><strong>caracter\u00edstica : <\/strong> Disponibles y almacenados<\/li>\n<li><strong>lugar de origen : <\/strong> Guangdong, China<\/li>\n<li><strong>nombre de marca: <\/strong> Armhorse<\/li>\n<li><strong>N\u00famero de modelo: <\/strong> AMT-49<\/li>\n<li><strong>volumen : <\/strong> Como muestra la imagen<\/li>\n<li><strong>Nombre del producto : <\/strong> Juego de taza y platillo de t\u00e9 de porcelana china<\/li>\n<li><strong>Uso: <\/strong> Inicio Hotel Restaurante Fiesta de bodas<\/li>\n<li><strong>Logotipo : <\/strong> Aceptar logotipo\/dise\u00f1o personalizado<\/li>\n<li><strong>Cantidad m\u00ednima de pedido: <\/strong> 96 Conjunto<\/li>\n<li><strong>Estilo : <\/strong> Lujo de alta gama<\/li>\n<li><strong>Volumen : <\/strong> 6\/6.8\/7.4\/8\/9.5 onzas<\/li>\n<li><strong>Funci\u00f3n : <\/strong> Beber caf\u00e9 y t\u00e9<\/li>\n<li><strong>Fabricante de equipos originales (OEM) y fabricante de dise\u00f1os originales (ODM): <\/strong> Aceptable<\/li>\n<li><strong>Aceptable: <\/strong> MOQ bajo personalizable<\/li>\n<li><strong>Embalaje: <\/strong> Caja de color<\/li>\n<\/ul>","protected":false},"excerpt":{"rendered":"<p>Tipo de bebida: Tazas y platillos Ocasi\u00f3n: Boda Estilo: Europa Material: Cer\u00e1mica Tipo de cer\u00e1mica: Porcelana china<\/p>","protected":false},"featured_media":178281,"comment_status":"open","ping_status":"closed","template":"","meta":[],"product_brand":[],"product_cat":[30965],"product_tag":[],"class_list":{"0":"post-178282","1":"product","2":"type-product","3":"status-publish","4":"has-post-thumbnail","6":"product_cat-tablewares","8":"first","9":"instock","10":"taxable","11":"shipping-taxable","12":"purchasable","13":"product-type-variable"},"_links":{"self":[{"href":"https:\/\/nexgendecors.com\/es\/wp-json\/wp\/v2\/product\/178282","targetHints":{"allow":["GET"]}}],"collection":[{"href":"https:\/\/nexgendecors.com\/es\/wp-json\/wp\/v2\/product"}],"about":[{"href":"https:\/\/nexgendecors.com\/es\/wp-json\/wp\/v2\/types\/product"}],"replies":[{"embeddable":true,"href":"https:\/\/nexgendecors.com\/es\/wp-json\/wp\/v2\/comments?post=178282"}],"version-history":[{"count":0,"href":"https:\/\/nexgendecors.com\/es\/wp-json\/wp\/v2\/product\/178282\/revisions"}],"wp:featuredmedia":[{"embeddable":true,"href":"https:\/\/nexgendecors.com\/es\/wp-json\/wp\/v2\/media\/178281"}],"wp:attachment":[{"href":"https:\/\/nexgendecors.com\/es\/wp-json\/wp\/v2\/media?parent=178282"}],"wp:term":[{"taxonomy":"product_brand","embeddable":true,"href":"https:\/\/nexgendecors.com\/es\/wp-json\/wp\/v2\/product_brand?post=178282"},{"taxonomy":"product_cat","embeddable":true,"href":"https:\/\/nexgendecors.com\/es\/wp-json\/wp\/v2\/product_cat?post=178282"},{"taxonomy":"product_tag","embeddable":true,"href":"https:\/\/nexgendecors.com\/es\/wp-json\/wp\/v2\/product_tag?post=178282"}],"curies":[{"name":"wp","href":"https:\/\/api.w.org\/{rel}","templated":true}]}}