{"id":178300,"date":"2025-02-27T01:55:39","date_gmt":"2025-02-27T01:55:39","guid":{"rendered":"https:\/\/nexgendecors.com\/en\/product\/wholesale-high-quality-classic-style-bone-china-water-cup-ceramic-coffee-cup-tea-cups-saucers\/"},"modified":"2025-04-06T11:00:40","modified_gmt":"2025-04-06T11:00:40","slug":"wholesale-high-quality-classic-style-bone-china-water-cup-ceramic-coffee-cup-tea-cups-saucers","status":"publish","type":"product","link":"https:\/\/nexgendecors.com\/es\/product\/wholesale-high-quality-classic-style-bone-china-water-cup-ceramic-coffee-cup-tea-cups-saucers\/","title":{"rendered":"Venta al por mayor de tazas de agua de porcelana de estilo cl\u00e1sico de alta calidad, tazas de caf\u00e9 de cer\u00e1mica, tazas de t\u00e9 y platillos"},"content":{"rendered":"<ul>\n<li><strong>Tipo de bebida: <\/strong> Tazas y platillos<\/li>\n<li><strong>ocasi\u00f3n: <\/strong> Regalos de empresa<\/li>\n<li><strong>estilo : <\/strong> Contempor\u00e1neo<\/li>\n<li><strong>material : <\/strong> cer\u00e1mico<\/li>\n<li><strong>tipo de cer\u00e1mica: <\/strong> Porcelana de hueso<\/li>\n<li><strong>caracter\u00edstica : <\/strong> Sostenible, abastecido<\/li>\n<li><strong>lugar de origen : <\/strong> Guangdong, China<\/li>\n<li><strong>nombre de marca: <\/strong> Armhouse<\/li>\n<li><strong>N\u00famero de modelo: <\/strong> AM-43<\/li>\n<li><strong>volumen : <\/strong> 500ml-1L<\/li>\n<li><strong>Nombre del producto : <\/strong> Ceramic Coffee Cup<\/li>\n<li><strong>Uso: <\/strong> Home Hotel Restaurant Office School<\/li>\n<li><strong>Color : <\/strong> Blanco<\/li>\n<li><strong>Tipo : <\/strong> Drinkware Coffee Mug<\/li>\n<li><strong>Embalaje: <\/strong> Caja<\/li>\n<li><strong>Cantidad m\u00ednima de pedido: <\/strong> 100 piezas<\/li>\n<li><strong>Capacidad : <\/strong> 300  ML<\/li>\n<li><strong>Estilo : <\/strong> Simple<\/li>\n<li><strong>Art\u00edculo : <\/strong> Dinnerware Coffee Cappucino Cup<\/li>\n<li><strong>Forma : <\/strong> Round Shape<\/li>\n<\/ul>","protected":false},"excerpt":{"rendered":"<p>Tipo de bebida: Tazas y platillos Ocasi\u00f3n: Regalos de empresa Estilo: Contempor\u00e1neo Material: Cer\u00e1mica Tipo de cer\u00e1mica: Hueso<\/p>","protected":false},"featured_media":178298,"comment_status":"open","ping_status":"closed","template":"","meta":[],"product_brand":[],"product_cat":[30965],"product_tag":[],"class_list":{"0":"post-178300","1":"product","2":"type-product","3":"status-publish","4":"has-post-thumbnail","6":"product_cat-tablewares","8":"first","9":"instock","10":"taxable","11":"shipping-taxable","12":"purchasable","13":"product-type-variable"},"_links":{"self":[{"href":"https:\/\/nexgendecors.com\/es\/wp-json\/wp\/v2\/product\/178300","targetHints":{"allow":["GET"]}}],"collection":[{"href":"https:\/\/nexgendecors.com\/es\/wp-json\/wp\/v2\/product"}],"about":[{"href":"https:\/\/nexgendecors.com\/es\/wp-json\/wp\/v2\/types\/product"}],"replies":[{"embeddable":true,"href":"https:\/\/nexgendecors.com\/es\/wp-json\/wp\/v2\/comments?post=178300"}],"version-history":[{"count":0,"href":"https:\/\/nexgendecors.com\/es\/wp-json\/wp\/v2\/product\/178300\/revisions"}],"wp:featuredmedia":[{"embeddable":true,"href":"https:\/\/nexgendecors.com\/es\/wp-json\/wp\/v2\/media\/178298"}],"wp:attachment":[{"href":"https:\/\/nexgendecors.com\/es\/wp-json\/wp\/v2\/media?parent=178300"}],"wp:term":[{"taxonomy":"product_brand","embeddable":true,"href":"https:\/\/nexgendecors.com\/es\/wp-json\/wp\/v2\/product_brand?post=178300"},{"taxonomy":"product_cat","embeddable":true,"href":"https:\/\/nexgendecors.com\/es\/wp-json\/wp\/v2\/product_cat?post=178300"},{"taxonomy":"product_tag","embeddable":true,"href":"https:\/\/nexgendecors.com\/es\/wp-json\/wp\/v2\/product_tag?post=178300"}],"curies":[{"name":"wp","href":"https:\/\/api.w.org\/{rel}","templated":true}]}}