{"id":178336,"date":"2025-02-27T01:56:09","date_gmt":"2025-02-27T01:56:09","guid":{"rendered":"https:\/\/nexgendecors.com\/en\/product\/european-luxury-ceramic-coffee-cup-set-bone-china-with-saucer-nordic-design-wholesale-for-home-or-hotel-use-stocked-and-safe\/"},"modified":"2025-04-06T11:00:51","modified_gmt":"2025-04-06T11:00:51","slug":"european-luxury-ceramic-coffee-cup-set-bone-china-with-saucer-nordic-design-wholesale-for-home-or-hotel-use-stocked-and-safe","status":"publish","type":"product","link":"https:\/\/nexgendecors.com\/es\/product\/european-luxury-ceramic-coffee-cup-set-bone-china-with-saucer-nordic-design-wholesale-for-home-or-hotel-use-stocked-and-safe\/","title":{"rendered":"Juego de tazas de caf\u00e9 de cer\u00e1mica de lujo europeo de porcelana china con platillo, dise\u00f1o n\u00f3rdico, venta al por mayor para uso dom\u00e9stico o hotelero, abastecido y seguro."},"content":{"rendered":"<ul>\n<li><strong>Tipo de bebida: <\/strong> Juegos de caf\u00e9 y t\u00e9<\/li>\n<li><strong>estilo : <\/strong> Luxury<\/li>\n<li><strong>material : <\/strong> cer\u00e1mico<\/li>\n<li><strong>tipo de cer\u00e1mica: <\/strong> Porcelana de hueso<\/li>\n<li><strong>caracter\u00edstica : <\/strong> Sostenible, abastecido<\/li>\n<li><strong>lugar de origen : <\/strong> Guangdong, China<\/li>\n<li><strong>nombre de marca: <\/strong> Armhorse<\/li>\n<li><strong>N\u00famero de modelo: <\/strong> AMT-34<\/li>\n<li><strong>Material Type : <\/strong> Cer\u00e1mica<\/li>\n<li><strong>Tama\u00f1o : <\/strong> Shown as picture<\/li>\n<li><strong>Color : <\/strong> Shown as picture<\/li>\n<li><strong>Uso: <\/strong> Hotel,Restaaurant,Supermarket,Shopping Mall etc.<\/li>\n<li><strong>Logotipo : <\/strong> Se acepta logotipo personalizado<\/li>\n<li><strong>Fabricante de equipos originales (OEM) y fabricante de dise\u00f1os originales (ODM): <\/strong> Apoyo<\/li>\n<li><strong>Tiempo de muestra: <\/strong> 1-3 Day<\/li>\n<li><strong>Cantidad m\u00ednima de pedido: <\/strong> 100 Pcs<\/li>\n<li><strong>Calificaci\u00f3n : <\/strong> Food Safe Grade<\/li>\n<li><strong>Paquete : <\/strong> 1pcs\/box or customized<\/li>\n<\/ul>","protected":false},"excerpt":{"rendered":"<p>Tipo de bebida: Juegos de caf\u00e9 y t\u00e9 Estilo: Lujo Material: Cer\u00e1mica Tipo de cer\u00e1mica: Porcelana china Caracter\u00edstica:<\/p>","protected":false},"featured_media":178335,"comment_status":"open","ping_status":"closed","template":"","meta":[],"product_brand":[],"product_cat":[30965],"product_tag":[],"class_list":{"0":"post-178336","1":"product","2":"type-product","3":"status-publish","4":"has-post-thumbnail","6":"product_cat-tablewares","8":"first","9":"instock","10":"taxable","11":"shipping-taxable","12":"purchasable","13":"product-type-variable"},"_links":{"self":[{"href":"https:\/\/nexgendecors.com\/es\/wp-json\/wp\/v2\/product\/178336","targetHints":{"allow":["GET"]}}],"collection":[{"href":"https:\/\/nexgendecors.com\/es\/wp-json\/wp\/v2\/product"}],"about":[{"href":"https:\/\/nexgendecors.com\/es\/wp-json\/wp\/v2\/types\/product"}],"replies":[{"embeddable":true,"href":"https:\/\/nexgendecors.com\/es\/wp-json\/wp\/v2\/comments?post=178336"}],"version-history":[{"count":0,"href":"https:\/\/nexgendecors.com\/es\/wp-json\/wp\/v2\/product\/178336\/revisions"}],"wp:featuredmedia":[{"embeddable":true,"href":"https:\/\/nexgendecors.com\/es\/wp-json\/wp\/v2\/media\/178335"}],"wp:attachment":[{"href":"https:\/\/nexgendecors.com\/es\/wp-json\/wp\/v2\/media?parent=178336"}],"wp:term":[{"taxonomy":"product_brand","embeddable":true,"href":"https:\/\/nexgendecors.com\/es\/wp-json\/wp\/v2\/product_brand?post=178336"},{"taxonomy":"product_cat","embeddable":true,"href":"https:\/\/nexgendecors.com\/es\/wp-json\/wp\/v2\/product_cat?post=178336"},{"taxonomy":"product_tag","embeddable":true,"href":"https:\/\/nexgendecors.com\/es\/wp-json\/wp\/v2\/product_tag?post=178336"}],"curies":[{"name":"wp","href":"https:\/\/api.w.org\/{rel}","templated":true}]}}