{"id":178444,"date":"2025-02-27T02:02:22","date_gmt":"2025-02-27T02:02:22","guid":{"rendered":"https:\/\/nexgendecors.com\/en\/product\/restaurant-silver-flatware-set-dinner-spoons-forks-and-knife-stainless-steel-luxury-cutlery\/"},"modified":"2025-04-06T11:01:27","modified_gmt":"2025-04-06T11:01:27","slug":"restaurant-silver-flatware-set-dinner-spoons-forks-and-knife-stainless-steel-luxury-cutlery","status":"publish","type":"product","link":"https:\/\/nexgendecors.com\/es\/product\/restaurant-silver-flatware-set-dinner-spoons-forks-and-knife-stainless-steel-luxury-cutlery\/","title":{"rendered":"Juego de cubiertos de plata para restaurante, cucharas, tenedores y cuchillos de acero inoxidable de lujo."},"content":{"rendered":"<ul>\n<li><strong>ocasi\u00f3n: <\/strong> No disponible<\/li>\n<li><strong>estilo : <\/strong> simpleness<\/li>\n<li><strong>production : <\/strong> Dinner Spoon<\/li>\n<li><strong>material : <\/strong> metal<\/li>\n<li><strong>tipo de metal: <\/strong> Acero inoxidable<\/li>\n<li><strong>caracter\u00edstica : <\/strong> Sostenible, abastecido<\/li>\n<li><strong>lugar de origen : <\/strong> Guangdong, China<\/li>\n<li><strong>nombre de marca: <\/strong> Armhorse<\/li>\n<li><strong>N\u00famero de modelo: <\/strong> AM-014-B081<\/li>\n<li><strong>Uso: <\/strong> Hotel,Restaurant,Travel,Camping,Wedding Souvenirs<\/li>\n<li><strong>Color : <\/strong> Astilla<\/li>\n<li><strong>Polish : <\/strong> Mirror<\/li>\n<li><strong>Tipo : <\/strong> Tableware,Flatware Set,Cutlery Set,Dinnerware Set<\/li>\n<li><strong>Elementos : <\/strong> Cuchillo, cuchara y tenedor<\/li>\n<li><strong>Cantidad m\u00ednima de pedido: <\/strong> 100<\/li>\n<li><strong>Material : <\/strong> Acero inoxidable<\/li>\n<li><strong>Logotipo : <\/strong> Grabado en relieve, l\u00e1ser y grabado<\/li>\n<li><strong>Caracter\u00edstica : <\/strong> Ecol\u00f3gico, abastecido<\/li>\n<li><strong>Estilo : <\/strong> concise<\/li>\n<li><strong>Tipo de cubiertos: <\/strong> SPOONS<\/li>\n<\/ul>","protected":false},"excerpt":{"rendered":"<p>Ocasi\u00f3n: No disponible Estilo: Sencillez Producci\u00f3n: Cuchara de cena Material: Metal Tipo de metal: Acero inoxidable Caracter\u00edstica<\/p>","protected":false},"featured_media":178443,"comment_status":"open","ping_status":"closed","template":"","meta":[],"product_brand":[],"product_cat":[30965],"product_tag":[],"class_list":{"0":"post-178444","1":"product","2":"type-product","3":"status-publish","4":"has-post-thumbnail","6":"product_cat-tablewares","8":"first","9":"instock","10":"taxable","11":"shipping-taxable","12":"purchasable","13":"product-type-variable"},"_links":{"self":[{"href":"https:\/\/nexgendecors.com\/es\/wp-json\/wp\/v2\/product\/178444","targetHints":{"allow":["GET"]}}],"collection":[{"href":"https:\/\/nexgendecors.com\/es\/wp-json\/wp\/v2\/product"}],"about":[{"href":"https:\/\/nexgendecors.com\/es\/wp-json\/wp\/v2\/types\/product"}],"replies":[{"embeddable":true,"href":"https:\/\/nexgendecors.com\/es\/wp-json\/wp\/v2\/comments?post=178444"}],"version-history":[{"count":0,"href":"https:\/\/nexgendecors.com\/es\/wp-json\/wp\/v2\/product\/178444\/revisions"}],"wp:featuredmedia":[{"embeddable":true,"href":"https:\/\/nexgendecors.com\/es\/wp-json\/wp\/v2\/media\/178443"}],"wp:attachment":[{"href":"https:\/\/nexgendecors.com\/es\/wp-json\/wp\/v2\/media?parent=178444"}],"wp:term":[{"taxonomy":"product_brand","embeddable":true,"href":"https:\/\/nexgendecors.com\/es\/wp-json\/wp\/v2\/product_brand?post=178444"},{"taxonomy":"product_cat","embeddable":true,"href":"https:\/\/nexgendecors.com\/es\/wp-json\/wp\/v2\/product_cat?post=178444"},{"taxonomy":"product_tag","embeddable":true,"href":"https:\/\/nexgendecors.com\/es\/wp-json\/wp\/v2\/product_tag?post=178444"}],"curies":[{"name":"wp","href":"https:\/\/api.w.org\/{rel}","templated":true}]}}