{"id":178573,"date":"2025-02-27T02:04:15","date_gmt":"2025-02-27T02:04:15","guid":{"rendered":"https:\/\/nexgendecors.com\/en\/product\/hot-sale-elegant-flatware-set-unique-design-white-handle-matte-stainless-steel-cutlery-china-factory-direct-for-home-hotel-use\/"},"modified":"2025-02-27T02:05:02","modified_gmt":"2025-02-27T02:05:02","slug":"hot-sale-elegant-flatware-set-unique-design-white-handle-matte-stainless-steel-cutlery-china-factory-direct-for-home-hotel-use","status":"publish","type":"product","link":"https:\/\/nexgendecors.com\/es\/product\/hot-sale-elegant-flatware-set-unique-design-white-handle-matte-stainless-steel-cutlery-china-factory-direct-for-home-hotel-use\/","title":{"rendered":"Juego de cubiertos elegante de gran oferta, dise\u00f1o \u00fanico, mango blanco, cubiertos de acero inoxidable mate, directo de f\u00e1brica de China para uso dom\u00e9stico y hotelero."},"content":{"rendered":"<ul>\n<li><strong>ocasi\u00f3n: <\/strong> Boda<\/li>\n<li><strong>estilo : <\/strong> Minimalist<\/li>\n<li><strong>Tipo de cubiertos: <\/strong> Juegos de cubiertos<\/li>\n<li><strong>material : <\/strong> metal<\/li>\n<li><strong>tipo de metal: <\/strong> Acero inoxidable<\/li>\n<li><strong>caracter\u00edstica : <\/strong> Sostenible, abastecido<\/li>\n<li><strong>lugar de origen : <\/strong> Guangdong, China<\/li>\n<li><strong>nombre de marca: <\/strong> Armhorse<\/li>\n<li><strong>N\u00famero de modelo: <\/strong> AM-106<\/li>\n<li><strong>Art\u00edculo : <\/strong> Elegant Flatware Set Cutlery<\/li>\n<li><strong>Material : <\/strong> 18\/10 or 18\/0 stainless steel<\/li>\n<li><strong>Color : <\/strong> silver, gold, rose gold, black, gold+white, gold + black<\/li>\n<li><strong>Seguridad : <\/strong> Apto para lavavajillas<\/li>\n<li><strong>Solicitud : <\/strong> Hotel, restaurante, cafeter\u00eda, uso dom\u00e9stico, etc.<\/li>\n<li><strong>Tecnolog\u00eda : <\/strong> estampaci\u00f3n\/forja<\/li>\n<li><strong>Calificaci\u00f3n : <\/strong> nivel superior<\/li>\n<li><strong>Logotipo : <\/strong> relieve, l\u00e1ser, grabado<\/li>\n<li><strong>Estilo : <\/strong> sencillez<\/li>\n<\/ul>","protected":false},"excerpt":{"rendered":"<p>occasion : Wedding style : Minimalist Flatware Type : Flatware Sets material : metal metal type : Stainless Steel feature<\/p>","protected":false},"featured_media":178572,"comment_status":"open","ping_status":"closed","template":"","meta":[],"product_brand":[],"product_cat":[30965],"product_tag":[],"class_list":{"0":"post-178573","1":"product","2":"type-product","3":"status-publish","4":"has-post-thumbnail","6":"product_cat-tablewares","8":"first","9":"instock","10":"taxable","11":"shipping-taxable","12":"purchasable","13":"product-type-variable"},"_links":{"self":[{"href":"https:\/\/nexgendecors.com\/es\/wp-json\/wp\/v2\/product\/178573","targetHints":{"allow":["GET"]}}],"collection":[{"href":"https:\/\/nexgendecors.com\/es\/wp-json\/wp\/v2\/product"}],"about":[{"href":"https:\/\/nexgendecors.com\/es\/wp-json\/wp\/v2\/types\/product"}],"replies":[{"embeddable":true,"href":"https:\/\/nexgendecors.com\/es\/wp-json\/wp\/v2\/comments?post=178573"}],"version-history":[{"count":0,"href":"https:\/\/nexgendecors.com\/es\/wp-json\/wp\/v2\/product\/178573\/revisions"}],"wp:featuredmedia":[{"embeddable":true,"href":"https:\/\/nexgendecors.com\/es\/wp-json\/wp\/v2\/media\/178572"}],"wp:attachment":[{"href":"https:\/\/nexgendecors.com\/es\/wp-json\/wp\/v2\/media?parent=178573"}],"wp:term":[{"taxonomy":"product_brand","embeddable":true,"href":"https:\/\/nexgendecors.com\/es\/wp-json\/wp\/v2\/product_brand?post=178573"},{"taxonomy":"product_cat","embeddable":true,"href":"https:\/\/nexgendecors.com\/es\/wp-json\/wp\/v2\/product_cat?post=178573"},{"taxonomy":"product_tag","embeddable":true,"href":"https:\/\/nexgendecors.com\/es\/wp-json\/wp\/v2\/product_tag?post=178573"}],"curies":[{"name":"wp","href":"https:\/\/api.w.org\/{rel}","templated":true}]}}