{"id":179046,"date":"2025-02-27T03:07:06","date_gmt":"2025-02-27T03:07:06","guid":{"rendered":"https:\/\/nexgendecors.com\/en\/product\/new-chinese-design-bamboo-lines-elegant-custom-pvc-coffee-table-placemats-heat-resistant\/"},"modified":"2025-04-06T11:04:45","modified_gmt":"2025-04-06T11:04:45","slug":"new-chinese-design-bamboo-lines-elegant-custom-pvc-coffee-table-placemats-heat-resistant","status":"publish","type":"product","link":"https:\/\/nexgendecors.com\/es\/product\/new-chinese-design-bamboo-lines-elegant-custom-pvc-coffee-table-placemats-heat-resistant\/","title":{"rendered":"Manteles individuales de PVC para mesa de centro, elegantes, personalizados, con l\u00edneas de bamb\u00fa y dise\u00f1o chino, resistentes al calor."},"content":{"rendered":"<ul>\n<li><strong>Decoraci\u00f3n de mesa y accesorios Tipo: <\/strong> Mats &amp; Pads<\/li>\n<li><strong>forma : <\/strong> Rect\u00e1ngulo<\/li>\n<li><strong>material : <\/strong> 70%PVC+30%Polyester<\/li>\n<li><strong>caracter\u00edstica : <\/strong> Sostenible, abastecido<\/li>\n<li><strong>lugar de origen : <\/strong> Zhejiang, China<\/li>\n<li><strong>nombre de marca: <\/strong> TRESUN<\/li>\n<li><strong>N\u00famero de modelo: <\/strong> TR-TM03<\/li>\n<li><strong>Estilo : <\/strong> New Classical\/Post-modern<\/li>\n<li><strong>Nombre del producto : <\/strong> table placemat<\/li>\n<li><strong>Uso: <\/strong> PVC table placemat<\/li>\n<li><strong>Dise\u00f1o : <\/strong> heat resistant table placemats<\/li>\n<li><strong>Cantidad m\u00ednima de pedido: <\/strong> 150pcs<\/li>\n<li><strong>Tama\u00f1o : <\/strong> 45*30cm<\/li>\n<li><strong>Espesor : <\/strong> 1mm<\/li>\n<li><strong>Peso : <\/strong> 0.09KG<\/li>\n<li><strong>Art\u00edculo : <\/strong> Customized Placemats<\/li>\n<li><strong>Palabra clave: <\/strong> Heat Resistant Table Mats<\/li>\n<li><strong>Usar : <\/strong> Restaurant Palcemat<\/li>\n<\/ul>","protected":false},"excerpt":{"rendered":"<p>Decoraci\u00f3n de mesa y accesorios Tipo: Manteles y almohadillas Forma: Rect\u00e1ngulo Material: 70%PVC + 30%Polyester Caracter\u00edstica: Sostenible, Lugar de almacenamiento<\/p>","protected":false},"featured_media":179045,"comment_status":"open","ping_status":"closed","template":"","meta":[],"product_brand":[],"product_cat":[30965],"product_tag":[],"class_list":{"0":"post-179046","1":"product","2":"type-product","3":"status-publish","4":"has-post-thumbnail","6":"product_cat-tablewares","8":"first","9":"instock","10":"taxable","11":"shipping-taxable","12":"purchasable","13":"product-type-variable"},"_links":{"self":[{"href":"https:\/\/nexgendecors.com\/es\/wp-json\/wp\/v2\/product\/179046","targetHints":{"allow":["GET"]}}],"collection":[{"href":"https:\/\/nexgendecors.com\/es\/wp-json\/wp\/v2\/product"}],"about":[{"href":"https:\/\/nexgendecors.com\/es\/wp-json\/wp\/v2\/types\/product"}],"replies":[{"embeddable":true,"href":"https:\/\/nexgendecors.com\/es\/wp-json\/wp\/v2\/comments?post=179046"}],"version-history":[{"count":0,"href":"https:\/\/nexgendecors.com\/es\/wp-json\/wp\/v2\/product\/179046\/revisions"}],"wp:featuredmedia":[{"embeddable":true,"href":"https:\/\/nexgendecors.com\/es\/wp-json\/wp\/v2\/media\/179045"}],"wp:attachment":[{"href":"https:\/\/nexgendecors.com\/es\/wp-json\/wp\/v2\/media?parent=179046"}],"wp:term":[{"taxonomy":"product_brand","embeddable":true,"href":"https:\/\/nexgendecors.com\/es\/wp-json\/wp\/v2\/product_brand?post=179046"},{"taxonomy":"product_cat","embeddable":true,"href":"https:\/\/nexgendecors.com\/es\/wp-json\/wp\/v2\/product_cat?post=179046"},{"taxonomy":"product_tag","embeddable":true,"href":"https:\/\/nexgendecors.com\/es\/wp-json\/wp\/v2\/product_tag?post=179046"}],"curies":[{"name":"wp","href":"https:\/\/api.w.org\/{rel}","templated":true}]}}