{"id":179535,"date":"2025-02-27T03:34:51","date_gmt":"2025-02-27T03:34:51","guid":{"rendered":"https:\/\/nexgendecors.com\/en\/product\/yuantai-high-quality-oem-odm-304-stainless-steel-golden-silver-south-korean-bbq-grill-barbecue-roast-clip-tongs\/"},"modified":"2025-04-06T11:09:38","modified_gmt":"2025-04-06T11:09:38","slug":"pinzas-para-asar-barbacoa-yuantai-de-alta-calidad-oem-odm-304-de-acero-inoxidable-dorado-y-plateado-estilo-surcoreano","status":"publish","type":"product","link":"https:\/\/nexgendecors.com\/es\/product\/pinzas-para-asar-barbacoa-yuantai-de-alta-calidad-oem-odm-304-de-acero-inoxidable-dorado-y-plateado-estilo-surcoreano\/","title":{"rendered":"Pinzas para asar barbacoa Yuantai de alta calidad OEM\/ODM, de acero inoxidable 304, color dorado y plateado, de Corea del Sur."},"content":{"rendered":"<ul>\n<li><strong>Tipo : <\/strong> Herramientas<\/li>\n<li><strong>lugar de origen : <\/strong> Guangdong, China<\/li>\n<li><strong>nombre de marca: <\/strong> Yuantai<\/li>\n<li><strong>N\u00famero de modelo: <\/strong> YT10897-YT10900<\/li>\n<li><strong>tipo de herramienta: <\/strong> Tenazas<\/li>\n<li><strong>material : <\/strong> metal<\/li>\n<li><strong>tipo de metal: <\/strong> Acero inoxidable 304<\/li>\n<li><strong>acabado: <\/strong> Pulido<\/li>\n<li><strong>caracter\u00edstica : <\/strong> F\u00e1cil de limpiar, resistente al calor, antiadherente.<\/li>\n<li><strong>Material : <\/strong> Acero inoxidable 304<\/li>\n<li><strong>Color : <\/strong> Plata\/Dorado<\/li>\n<li><strong>Cantidad m\u00ednima de pedido: <\/strong> 400\/320<\/li>\n<li><strong>Logotipo : <\/strong> Aceptar logotipo personalizado<\/li>\n<li><strong>Paquete : <\/strong> Aceptar personalizado<\/li>\n<li><strong>Fabricante de equipos originales (OEM) y fabricante de dise\u00f1os originales (ODM): <\/strong> Aceptar<\/li>\n<li><strong>Personalizado: <\/strong> Aceptar<\/li>\n<li><strong>Comprador comercial: <\/strong> Restaurantes, servicios de comida r\u00e1pida y para llevar, tiendas de alimentos y bebidas, fabricaci\u00f3n de alimentos y bebidas, compras por televisi\u00f3n, grandes almacenes, bares de t\u00e9 de burbujas, jugos y batidos, tiendas especializadas, supermercados, hoteles, tiendas de conveniencia, fabricaci\u00f3n de especias y extractos, caf\u00e9s y cafeter\u00edas, tiendas de descuento, servicios de catering y cantinas, tiendas de comercio electr\u00f3nico, tiendas de regalos, tiendas de cerveza, vino y licorer\u00edas, tiendas de souvenirs.<\/li>\n<li><strong>Estaci\u00f3n : <\/strong> Cada d\u00eda<\/li>\n<\/ul>","protected":false},"excerpt":{"rendered":"<p>Type : Tools place of origin : Guangdong, China brand name : Yuantai model number : YT10897-YT10900 tool type :<\/p>","protected":false},"featured_media":179534,"comment_status":"open","ping_status":"closed","template":"","meta":[],"product_brand":[],"product_cat":[30965],"product_tag":[],"class_list":{"0":"post-179535","1":"product","2":"type-product","3":"status-publish","4":"has-post-thumbnail","6":"product_cat-tablewares","8":"first","9":"instock","10":"taxable","11":"shipping-taxable","12":"purchasable","13":"product-type-variable"},"_links":{"self":[{"href":"https:\/\/nexgendecors.com\/es\/wp-json\/wp\/v2\/product\/179535","targetHints":{"allow":["GET"]}}],"collection":[{"href":"https:\/\/nexgendecors.com\/es\/wp-json\/wp\/v2\/product"}],"about":[{"href":"https:\/\/nexgendecors.com\/es\/wp-json\/wp\/v2\/types\/product"}],"replies":[{"embeddable":true,"href":"https:\/\/nexgendecors.com\/es\/wp-json\/wp\/v2\/comments?post=179535"}],"version-history":[{"count":0,"href":"https:\/\/nexgendecors.com\/es\/wp-json\/wp\/v2\/product\/179535\/revisions"}],"wp:featuredmedia":[{"embeddable":true,"href":"https:\/\/nexgendecors.com\/es\/wp-json\/wp\/v2\/media\/179534"}],"wp:attachment":[{"href":"https:\/\/nexgendecors.com\/es\/wp-json\/wp\/v2\/media?parent=179535"}],"wp:term":[{"taxonomy":"product_brand","embeddable":true,"href":"https:\/\/nexgendecors.com\/es\/wp-json\/wp\/v2\/product_brand?post=179535"},{"taxonomy":"product_cat","embeddable":true,"href":"https:\/\/nexgendecors.com\/es\/wp-json\/wp\/v2\/product_cat?post=179535"},{"taxonomy":"product_tag","embeddable":true,"href":"https:\/\/nexgendecors.com\/es\/wp-json\/wp\/v2\/product_tag?post=179535"}],"curies":[{"name":"wp","href":"https:\/\/api.w.org\/{rel}","templated":true}]}}