{"id":17967,"date":"2025-01-13T14:23:21","date_gmt":"2025-01-13T14:23:21","guid":{"rendered":"https:\/\/nexgendecors.com\/product\/langzi-floor-standing-suspended-bathtub-hotel-homestay-beauty-salon-net-celebrity-suspended-home-acrylic-independent-bathtub\/"},"modified":"2025-04-06T07:41:05","modified_gmt":"2025-04-06T07:41:05","slug":"langzi-floor-standing-suspended-bathtub-hotel-homestay-beauty-salon-net-celebrity-suspended-home-acrylic-independent-bathtub","status":"publish","type":"product","link":"https:\/\/nexgendecors.com\/es\/product\/langzi-floor-standing-suspended-bathtub-hotel-homestay-beauty-salon-net-celebrity-suspended-home-acrylic-independent-bathtub\/","title":{"rendered":"Ba\u00f1era acr\u00edlica Langzi: un elemento esencial y elegante para el hogar y el sal\u00f3n"},"content":{"rendered":"<ul>\n<li>\n<strong>marca<\/strong>:langzi<\/li>\n<li>\n<strong>modelo<\/strong>:Starry02<\/li>\n<li>\n<strong>forma<\/strong>:Separado<\/li>\n<li>\n<strong>Origen<\/strong>:China continental<\/li>\n<li>\n<strong>provincia<\/strong>:Provincia de Guangdong<\/li>\n<li>\n<strong>\u00bfTiene grifo?<\/strong>:No incluido<\/li>\n<li>\n<strong>Material<\/strong>:Acr\u00edlico<\/li>\n<li>\n<strong>\u00bfHay pasamanos?<\/strong>:No<\/li>\n<li>\n<strong>Servicio en la ciudad<\/strong>:Log\u00edstica intraurbana de entrega puerta a puerta<\/li>\n<li>\n<strong>ordenar por color<\/strong>:Pre-sale: 1.6m glossy white Pre-sale: 1.6m matte white Pre-sale: 1.6m matte black Pre-sale: 1.8m glossy white Pre-sale: 1.8m matte white Pre-sale: 1.8m matte black Pre-sale: 2.1m glossy white Pre-sale: 2.1m matte white Pre-sale: 2.1m matte black<\/li>\n<\/ul>\n<p><img><\/p>","protected":false},"excerpt":{"rendered":"<p>Marca: Langzi Modelo: Starry02 Forma: Separado Origen: China continental Provincia: Provincia de Guangdong \u00bfIncluye grifo?: No incluido Material: Acr\u00edlico \u00bfTiene pasamanos?: No Servicio en la ciudad: Log\u00edstica intraurbana<\/p>","protected":false},"featured_media":19069,"comment_status":"open","ping_status":"closed","template":"","meta":[],"product_brand":[],"product_cat":[30971,869],"product_tag":[],"class_list":{"0":"post-17967","1":"product","2":"type-product","3":"status-publish","4":"has-post-thumbnail","6":"product_cat-hp","7":"product_cat-wholesale-bathtub","9":"first","10":"instock","11":"taxable","12":"shipping-taxable","13":"purchasable","14":"product-type-variable"},"_links":{"self":[{"href":"https:\/\/nexgendecors.com\/es\/wp-json\/wp\/v2\/product\/17967","targetHints":{"allow":["GET"]}}],"collection":[{"href":"https:\/\/nexgendecors.com\/es\/wp-json\/wp\/v2\/product"}],"about":[{"href":"https:\/\/nexgendecors.com\/es\/wp-json\/wp\/v2\/types\/product"}],"replies":[{"embeddable":true,"href":"https:\/\/nexgendecors.com\/es\/wp-json\/wp\/v2\/comments?post=17967"}],"version-history":[{"count":0,"href":"https:\/\/nexgendecors.com\/es\/wp-json\/wp\/v2\/product\/17967\/revisions"}],"wp:featuredmedia":[{"embeddable":true,"href":"https:\/\/nexgendecors.com\/es\/wp-json\/wp\/v2\/media\/19069"}],"wp:attachment":[{"href":"https:\/\/nexgendecors.com\/es\/wp-json\/wp\/v2\/media?parent=17967"}],"wp:term":[{"taxonomy":"product_brand","embeddable":true,"href":"https:\/\/nexgendecors.com\/es\/wp-json\/wp\/v2\/product_brand?post=17967"},{"taxonomy":"product_cat","embeddable":true,"href":"https:\/\/nexgendecors.com\/es\/wp-json\/wp\/v2\/product_cat?post=17967"},{"taxonomy":"product_tag","embeddable":true,"href":"https:\/\/nexgendecors.com\/es\/wp-json\/wp\/v2\/product_tag?post=17967"}],"curies":[{"name":"wp","href":"https:\/\/api.w.org\/{rel}","templated":true}]}}