{"id":179681,"date":"2025-02-27T03:43:34","date_gmt":"2025-02-27T03:43:34","guid":{"rendered":"https:\/\/nexgendecors.com\/en\/product\/wholesale-transparent-acrylic-event-party-dining-sale-acrylic-plastic-chiavari-crystal-clear-banquet-wedding-chairs-for-events\/"},"modified":"2025-04-06T11:11:07","modified_gmt":"2025-04-06T11:11:07","slug":"wholesale-transparent-acrylic-event-party-dining-sale-acrylic-plastic-chiavari-crystal-clear-banquet-wedding-chairs-for-events","status":"publish","type":"product","link":"https:\/\/nexgendecors.com\/es\/product\/wholesale-transparent-acrylic-event-party-dining-sale-acrylic-plastic-chiavari-crystal-clear-banquet-wedding-chairs-for-events\/","title":{"rendered":"Venta al por mayor de sillas de acr\u00edlico transparente para banquetes, fiestas y cenas, de pl\u00e1stico acr\u00edlico Chiavari, transparentes y para bodas."},"content":{"rendered":"<ul>\n<li><strong>uso espec\u00edfico: <\/strong> Silla de hotel<\/li>\n<li><strong>uso general: <\/strong> Mobiliario comercial<\/li>\n<li><strong>tipo : <\/strong> Mobiliario de hotel<\/li>\n<li><strong>embalaje de correo: <\/strong> Y<\/li>\n<li><strong>solicitud : <\/strong> Apartment, Basement, Bedroom, Courtyard, Dining, Entry, Farmhouse, Garage &amp; Shed, Gym, Hall, Home Bar, Home Office, Hospital, Hotel, Laundry, Leisure Facilities, Living Room, Mall, Office Building, outdoor, Park, School, Sports Venues, Storage &amp; Closet, supermarket, Villa, Warehouse, Workshop, Other, Other<\/li>\n<li><strong>estilo de dise\u00f1o: <\/strong> Moderno<\/li>\n<li><strong>material : <\/strong> Pl\u00e1stico<\/li>\n<li><strong>apariencia : <\/strong> Moderno<\/li>\n<li><strong>doblado : <\/strong> S\u00ed<\/li>\n<li><strong>lugar de origen : <\/strong> Guangdong, China<\/li>\n<li><strong>nombre de marca: <\/strong> cnsanwenyu<\/li>\n<li><strong>N\u00famero de modelo: <\/strong> M10<\/li>\n<li><strong>Caracter\u00edstica : <\/strong> PORTABLE, Foldable, Adjustable, Sustainable, Durable, water proof, STABLE, handmade, stackable, knock-down, easy carrying, Recliner<\/li>\n<li><strong>Wood Type : <\/strong> Pl\u00e1stico<\/li>\n<li><strong>Panel Type : <\/strong> Pl\u00e1stico<\/li>\n<li><strong>Liner Material : <\/strong> Algod\u00f3n<\/li>\n<li><strong>Cushion : <\/strong> Sponge<\/li>\n<li><strong>Plastic frame : <\/strong> Saudi Arabia imported food grade PC raw materials<\/li>\n<li><strong>OEM y ODM: <\/strong> S\u00ed<\/li>\n<li><strong>Nombre del producto : <\/strong> One-piece crystal chair<\/li>\n<li><strong>Color : <\/strong> Color personalizado<\/li>\n<li><strong>Uso: <\/strong> Events Wedding Party Chairs<\/li>\n<li><strong>Embalaje: <\/strong> 8pcs\/carton<\/li>\n<li><strong>Dise\u00f1o : <\/strong> Modern Deisgn<\/li>\n<li><strong>Garant\u00eda : <\/strong> 5 a\u00f1os<\/li>\n<li><strong>Seat : <\/strong> Upholstered Seat Cushion<\/li>\n<li><strong>Funci\u00f3n : <\/strong> Restaurante de banquetes del hotel<\/li>\n<\/ul>","protected":false},"excerpt":{"rendered":"<p>uso espec\u00edfico : Silla de hotel uso general : Mobiliario comercial tipo : Mobiliario de hotel embalaje postal : Y aplicaci\u00f3n :<\/p>","protected":false},"featured_media":179680,"comment_status":"open","ping_status":"closed","template":"","meta":[],"product_brand":[],"product_cat":[30964],"product_tag":[],"class_list":{"0":"post-179681","1":"product","2":"type-product","3":"status-publish","4":"has-post-thumbnail","6":"product_cat-weeding-furniture","8":"first","9":"instock","10":"taxable","11":"shipping-taxable","12":"purchasable","13":"product-type-variable"},"_links":{"self":[{"href":"https:\/\/nexgendecors.com\/es\/wp-json\/wp\/v2\/product\/179681","targetHints":{"allow":["GET"]}}],"collection":[{"href":"https:\/\/nexgendecors.com\/es\/wp-json\/wp\/v2\/product"}],"about":[{"href":"https:\/\/nexgendecors.com\/es\/wp-json\/wp\/v2\/types\/product"}],"replies":[{"embeddable":true,"href":"https:\/\/nexgendecors.com\/es\/wp-json\/wp\/v2\/comments?post=179681"}],"version-history":[{"count":0,"href":"https:\/\/nexgendecors.com\/es\/wp-json\/wp\/v2\/product\/179681\/revisions"}],"wp:featuredmedia":[{"embeddable":true,"href":"https:\/\/nexgendecors.com\/es\/wp-json\/wp\/v2\/media\/179680"}],"wp:attachment":[{"href":"https:\/\/nexgendecors.com\/es\/wp-json\/wp\/v2\/media?parent=179681"}],"wp:term":[{"taxonomy":"product_brand","embeddable":true,"href":"https:\/\/nexgendecors.com\/es\/wp-json\/wp\/v2\/product_brand?post=179681"},{"taxonomy":"product_cat","embeddable":true,"href":"https:\/\/nexgendecors.com\/es\/wp-json\/wp\/v2\/product_cat?post=179681"},{"taxonomy":"product_tag","embeddable":true,"href":"https:\/\/nexgendecors.com\/es\/wp-json\/wp\/v2\/product_tag?post=179681"}],"curies":[{"name":"wp","href":"https:\/\/api.w.org\/{rel}","templated":true}]}}