{"id":17977,"date":"2025-01-13T14:23:21","date_gmt":"2025-01-13T14:23:21","guid":{"rendered":"https:\/\/nexgendecors.com\/product\/okaren-embedded-bathtub-double-acrylic-household-small-size-round-massage-surfing-large-1-meter-1-8-meters\/"},"modified":"2025-04-06T07:41:10","modified_gmt":"2025-04-06T07:41:10","slug":"banera-empotrada-okaren-doble-acrilico-para-uso-domestico-tamano-pequeno-redonda-para-masajes-surf-grande-1-metro-18-metros","status":"publish","type":"product","link":"https:\/\/nexgendecors.com\/es\/product\/banera-empotrada-okaren-doble-acrilico-para-uso-domestico-tamano-pequeno-redonda-para-masajes-surf-grande-1-metro-18-metros\/","title":{"rendered":"Ba\u00f1era de masaje redonda de acr\u00edlico Okaren: dise\u00f1o compacto y elegante"},"content":{"rendered":"<ul>\n<li>\n<strong>marca<\/strong>:Okaren<\/li>\n<li>\n<strong>modelo<\/strong>:2901-<\/li>\n<li>\n<strong>forma<\/strong>:Incorporado<\/li>\n<li>\n<strong>Origen<\/strong>:China continental<\/li>\n<li>\n<strong>provincia<\/strong>:Provincia de Guangdong<\/li>\n<li>\n<strong>\u00bfTiene grifo?<\/strong>:No incluido<\/li>\n<li>\n<strong>longitud<\/strong>:1m 1,1m 1,2m 1,3m 1,4m 1,5m 1,6m 1,7m 1,8m<\/li>\n<li>\n<strong>Material<\/strong>:Acr\u00edlico<\/li>\n<li>\n<strong>\u00bfHay pasamanos?<\/strong>:No<\/li>\n<li>\n<strong>capacidad<\/strong>:150L<\/li>\n<li>\n<strong>Servicio en la ciudad<\/strong>:Log\u00edstica intraurbana de entrega puerta a puerta<\/li>\n<li>\n<strong>ordenar por color<\/strong>:Dep\u00f3sito vac\u00edo (con soporte) Dep\u00f3sito vac\u00edo + set plateado de cinco piezas (con soporte) Dep\u00f3sito vac\u00edo + set negro de cinco piezas (con soporte) Dep\u00f3sito vac\u00edo + set plateado de cinco piezas + masaje + temperatura constante (con soporte) Dep\u00f3sito vac\u00edo + set negro de cinco piezas + masaje + temperatura constante (con soporte) Dep\u00f3sito vac\u00edo + set plateado de cinco piezas + masaje (con soporte) Dep\u00f3sito vac\u00edo + set negro de cinco piezas + masaje (con soporte)<\/li>\n<li>\n<strong><\/strong>:<\/li>\n<\/ul>\n<p><img><\/p>","protected":false},"excerpt":{"rendered":"<p>Marca: Okaren Modelo: 2901- Forma: Incrustado Origen: China continental Provincia: Provincia de Guangdong \u00bfContiene grifo?: No incluido Longitud: 1 m 1,1 m 1,2 m 1,3 m 1,4 m 1,5 m 1,6 m<\/p>","protected":false},"featured_media":19084,"comment_status":"open","ping_status":"closed","template":"","meta":[],"product_brand":[],"product_cat":[30971,869],"product_tag":[],"class_list":{"0":"post-17977","1":"product","2":"type-product","3":"status-publish","4":"has-post-thumbnail","6":"product_cat-hp","7":"product_cat-wholesale-bathtub","9":"first","10":"instock","11":"taxable","12":"shipping-taxable","13":"purchasable","14":"product-type-variable"},"_links":{"self":[{"href":"https:\/\/nexgendecors.com\/es\/wp-json\/wp\/v2\/product\/17977","targetHints":{"allow":["GET"]}}],"collection":[{"href":"https:\/\/nexgendecors.com\/es\/wp-json\/wp\/v2\/product"}],"about":[{"href":"https:\/\/nexgendecors.com\/es\/wp-json\/wp\/v2\/types\/product"}],"replies":[{"embeddable":true,"href":"https:\/\/nexgendecors.com\/es\/wp-json\/wp\/v2\/comments?post=17977"}],"version-history":[{"count":0,"href":"https:\/\/nexgendecors.com\/es\/wp-json\/wp\/v2\/product\/17977\/revisions"}],"wp:featuredmedia":[{"embeddable":true,"href":"https:\/\/nexgendecors.com\/es\/wp-json\/wp\/v2\/media\/19084"}],"wp:attachment":[{"href":"https:\/\/nexgendecors.com\/es\/wp-json\/wp\/v2\/media?parent=17977"}],"wp:term":[{"taxonomy":"product_brand","embeddable":true,"href":"https:\/\/nexgendecors.com\/es\/wp-json\/wp\/v2\/product_brand?post=17977"},{"taxonomy":"product_cat","embeddable":true,"href":"https:\/\/nexgendecors.com\/es\/wp-json\/wp\/v2\/product_cat?post=17977"},{"taxonomy":"product_tag","embeddable":true,"href":"https:\/\/nexgendecors.com\/es\/wp-json\/wp\/v2\/product_tag?post=17977"}],"curies":[{"name":"wp","href":"https:\/\/api.w.org\/{rel}","templated":true}]}}