{"id":179855,"date":"2025-02-27T04:28:25","date_gmt":"2025-02-27T04:28:25","guid":{"rendered":"https:\/\/nexgendecors.com\/en\/product\/new-high-quality-elasticity-elegant-wedding-rosette-spandex-wedding-chair-covers\/"},"modified":"2025-04-06T11:12:53","modified_gmt":"2025-04-06T11:12:53","slug":"fundas-para-sillas-de-boda-de-elastano-con-roseta-elegante-y-de-alta-calidad-elasticas-y-nuevas","status":"publish","type":"product","link":"https:\/\/nexgendecors.com\/es\/product\/fundas-para-sillas-de-boda-de-elastano-con-roseta-elegante-y-de-alta-calidad-elasticas-y-nuevas\/","title":{"rendered":"Fundas para sillas de boda de elastano, elegantes y de alta calidad, con roseta el\u00e1stica."},"content":{"rendered":"<ul>\n<li><strong>material : <\/strong> Spandex \/ Poli\u00e9ster<\/li>\n<li><strong>estilo : <\/strong> Plano<\/li>\n<li><strong>patr\u00f3n : <\/strong> te\u00f1ido liso<\/li>\n<li><strong>solicitud : <\/strong> Silla de hotel, silla de boda, silla de banquete, silla de fiesta<\/li>\n<li><strong>tama\u00f1o : <\/strong> personalizar<\/li>\n<li><strong>N\u00famero de modelo: <\/strong> jm-29<\/li>\n<li><strong>lugar de origen : <\/strong> Zhejiang, China<\/li>\n<li><strong>nombre de marca: <\/strong> JM<\/li>\n<li><strong>caracter\u00edstica : <\/strong> lavable<\/li>\n<li><strong>Nombre del producto : <\/strong> Fundas para sillas<\/li>\n<li><strong>Uso: <\/strong> Silla de hotel para banquete de boda<\/li>\n<li><strong>Color : <\/strong> Color personalizado<\/li>\n<li><strong>Tama\u00f1o : <\/strong> Tama\u00f1o est\u00e1ndar<\/li>\n<li><strong>Cantidad m\u00ednima de pedido: <\/strong> 100 piezas<\/li>\n<li><strong>Tela : <\/strong> Tela de licra<\/li>\n<li><strong>Estilo : <\/strong> Sencillo\/de lujo<\/li>\n<li><strong>Nombre de la marca: <\/strong> JEMA<\/li>\n<li><strong>Embalaje: <\/strong> 1 pieza\/bolsa de polietileno, 200 piezas\/caja<\/li>\n<li><strong>Descuento : <\/strong> Si quieres m\u00e1s descuento \u00a1no dudes en contactarnos!<\/li>\n<\/ul>","protected":false},"excerpt":{"rendered":"<p>Material : Spandex \/ Poli\u00e9ster Estilo : Liso Estampado : Liso Te\u00f1ido Aplicaci\u00f3n : Silla de Hotel, Silla de Boda, Silla de Banquete,<\/p>","protected":false},"featured_media":179854,"comment_status":"open","ping_status":"closed","template":"","meta":[],"product_brand":[],"product_cat":[30961],"product_tag":[],"class_list":{"0":"post-179855","1":"product","2":"type-product","3":"status-publish","4":"has-post-thumbnail","6":"product_cat-napkins-dining-covers","8":"first","9":"instock","10":"taxable","11":"shipping-taxable","12":"purchasable","13":"product-type-variable"},"_links":{"self":[{"href":"https:\/\/nexgendecors.com\/es\/wp-json\/wp\/v2\/product\/179855","targetHints":{"allow":["GET"]}}],"collection":[{"href":"https:\/\/nexgendecors.com\/es\/wp-json\/wp\/v2\/product"}],"about":[{"href":"https:\/\/nexgendecors.com\/es\/wp-json\/wp\/v2\/types\/product"}],"replies":[{"embeddable":true,"href":"https:\/\/nexgendecors.com\/es\/wp-json\/wp\/v2\/comments?post=179855"}],"version-history":[{"count":0,"href":"https:\/\/nexgendecors.com\/es\/wp-json\/wp\/v2\/product\/179855\/revisions"}],"wp:featuredmedia":[{"embeddable":true,"href":"https:\/\/nexgendecors.com\/es\/wp-json\/wp\/v2\/media\/179854"}],"wp:attachment":[{"href":"https:\/\/nexgendecors.com\/es\/wp-json\/wp\/v2\/media?parent=179855"}],"wp:term":[{"taxonomy":"product_brand","embeddable":true,"href":"https:\/\/nexgendecors.com\/es\/wp-json\/wp\/v2\/product_brand?post=179855"},{"taxonomy":"product_cat","embeddable":true,"href":"https:\/\/nexgendecors.com\/es\/wp-json\/wp\/v2\/product_cat?post=179855"},{"taxonomy":"product_tag","embeddable":true,"href":"https:\/\/nexgendecors.com\/es\/wp-json\/wp\/v2\/product_tag?post=179855"}],"curies":[{"name":"wp","href":"https:\/\/api.w.org\/{rel}","templated":true}]}}