{"id":179869,"date":"2025-02-27T04:28:42","date_gmt":"2025-02-27T04:28:42","guid":{"rendered":"https:\/\/nexgendecors.com\/en\/product\/universal-chair-cover-back-tie-supplies-burgundy-spandex-chair-sashes-bows-for-wedding-banquet-party-hotel-decoration\/"},"modified":"2025-04-06T11:12:55","modified_gmt":"2025-04-06T11:12:55","slug":"funda-universal-para-silla-lazos-para-la-espalda-fajas-de-licra-color-burdeos-para-bodas-banquetes-fiestas-decoracion-de-hoteles","status":"publish","type":"product","link":"https:\/\/nexgendecors.com\/es\/product\/funda-universal-para-silla-lazos-para-la-espalda-fajas-de-licra-color-burdeos-para-bodas-banquetes-fiestas-decoracion-de-hoteles\/","title":{"rendered":"Lazos universales para fundas de sillas, lazos de licra color burdeos para bodas, banquetes, fiestas, decoraci\u00f3n de hoteles."},"content":{"rendered":"<ul>\n<li><strong>material : <\/strong> elastano poli\u00e9ster<\/li>\n<li><strong>estilo : <\/strong> Plano<\/li>\n<li><strong>patr\u00f3n : <\/strong> te\u00f1ido liso<\/li>\n<li><strong>tama\u00f1o : <\/strong> Personalizado<\/li>\n<li><strong>usar : <\/strong> Hogar, Hotel, Boda, Banquete<\/li>\n<li><strong>lugar de origen : <\/strong> Guangdong, China<\/li>\n<li><strong>nombre de marca: <\/strong> JEMA<\/li>\n<li><strong>N\u00famero de modelo: <\/strong> Faja para silla de boda-03<\/li>\n<li><strong>Nombre del producto : <\/strong> Lazos decorativos de colores s\u00f3lidos para fundas de sillas<\/li>\n<li><strong>Color : <\/strong> Color personalizado<\/li>\n<li><strong>Tela : <\/strong> Tejido de poli\u00e9ster<\/li>\n<li><strong>Cantidad m\u00ednima de pedido: <\/strong> 100 piezas<\/li>\n<li><strong>Uso: <\/strong> Silla de hotel para banquete de boda<\/li>\n<li><strong>Muestra : <\/strong> Suministrado<\/li>\n<li><strong>PAGO : <\/strong> Banco TT.Paypal.Universidad Occidental<\/li>\n<li><strong>Fabricante de equipos originales: <\/strong> Bienvenido<\/li>\n<li><strong>Cantidad m\u00ednima de pedido de las bandas para sillas: <\/strong> 100 piezas<\/li>\n<li><strong>Palabras clave: <\/strong> Faja para silla con decoraci\u00f3n para fiesta de bodas<\/li>\n<\/ul>","protected":false},"excerpt":{"rendered":"<p>Material: spandex poli\u00e9ster estilo: liso patr\u00f3n: te\u00f1ido liso tama\u00f1o: personalizado uso: hogar, hotel, boda, banquete<\/p>","protected":false},"featured_media":179868,"comment_status":"open","ping_status":"closed","template":"","meta":[],"product_brand":[],"product_cat":[30961],"product_tag":[],"class_list":{"0":"post-179869","1":"product","2":"type-product","3":"status-publish","4":"has-post-thumbnail","6":"product_cat-napkins-dining-covers","8":"first","9":"instock","10":"taxable","11":"shipping-taxable","12":"purchasable","13":"product-type-simple"},"_links":{"self":[{"href":"https:\/\/nexgendecors.com\/es\/wp-json\/wp\/v2\/product\/179869","targetHints":{"allow":["GET"]}}],"collection":[{"href":"https:\/\/nexgendecors.com\/es\/wp-json\/wp\/v2\/product"}],"about":[{"href":"https:\/\/nexgendecors.com\/es\/wp-json\/wp\/v2\/types\/product"}],"replies":[{"embeddable":true,"href":"https:\/\/nexgendecors.com\/es\/wp-json\/wp\/v2\/comments?post=179869"}],"version-history":[{"count":0,"href":"https:\/\/nexgendecors.com\/es\/wp-json\/wp\/v2\/product\/179869\/revisions"}],"wp:featuredmedia":[{"embeddable":true,"href":"https:\/\/nexgendecors.com\/es\/wp-json\/wp\/v2\/media\/179868"}],"wp:attachment":[{"href":"https:\/\/nexgendecors.com\/es\/wp-json\/wp\/v2\/media?parent=179869"}],"wp:term":[{"taxonomy":"product_brand","embeddable":true,"href":"https:\/\/nexgendecors.com\/es\/wp-json\/wp\/v2\/product_brand?post=179869"},{"taxonomy":"product_cat","embeddable":true,"href":"https:\/\/nexgendecors.com\/es\/wp-json\/wp\/v2\/product_cat?post=179869"},{"taxonomy":"product_tag","embeddable":true,"href":"https:\/\/nexgendecors.com\/es\/wp-json\/wp\/v2\/product_tag?post=179869"}],"curies":[{"name":"wp","href":"https:\/\/api.w.org\/{rel}","templated":true}]}}