{"id":179885,"date":"2025-02-27T04:29:02","date_gmt":"2025-02-27T04:29:02","guid":{"rendered":"https:\/\/nexgendecors.com\/en\/product\/wholesale-beautiful-rose-embroidery-organza-flower-chair-sashes-for-wedding-hotel-dining-party-christmas-decoration\/"},"modified":"2025-04-06T11:12:58","modified_gmt":"2025-04-06T11:12:58","slug":"wholesale-beautiful-rose-embroidery-organza-flower-chair-sashes-for-wedding-hotel-dining-party-christmas-decoration","status":"publish","type":"product","link":"https:\/\/nexgendecors.com\/es\/product\/wholesale-beautiful-rose-embroidery-organza-flower-chair-sashes-for-wedding-hotel-dining-party-christmas-decoration\/","title":{"rendered":"Venta al por mayor de hermosas fajas de organza con bordado de rosas para sillas, ideales para bodas, hoteles, cenas, fiestas y decoraci\u00f3n navide\u00f1a."},"content":{"rendered":"<ul>\n<li><strong>material : <\/strong> Organza Fabric<\/li>\n<li><strong>estilo : <\/strong> Plano<\/li>\n<li><strong>patr\u00f3n : <\/strong> te\u00f1ido liso<\/li>\n<li><strong>tama\u00f1o : <\/strong> standard size<\/li>\n<li><strong>usar : <\/strong> Home, Hotel, Wedding, Banquet, Party<\/li>\n<li><strong>lugar de origen : <\/strong> Guangdong, China<\/li>\n<li><strong>nombre de marca: <\/strong> JEMA<\/li>\n<li><strong>N\u00famero de modelo: <\/strong> organza floral chair sash-02<\/li>\n<li><strong>Color : <\/strong> Color personalizado<\/li>\n<li><strong>Uso: <\/strong> Wedding Party Banquet  Hotel Outdoor Chair<\/li>\n<li><strong>Tela : <\/strong> Organza Chair Sash<\/li>\n<li><strong>Logotipo : <\/strong> Aceptar logotipo personalizado<\/li>\n<li><strong>Cantidad m\u00ednima de pedido: <\/strong> 100 piezas<\/li>\n<li><strong>Tama\u00f1o : <\/strong> Tama\u00f1o est\u00e1ndar<\/li>\n<li><strong>Dise\u00f1o : <\/strong> Aceptar dise\u00f1os personalizados<\/li>\n<li><strong>Muestra : <\/strong> Suministrado<\/li>\n<li><strong>PAGO : <\/strong> Garant\u00eda comercial bancaria, PayPal y Western Union<\/li>\n<li><strong>Calidad : <\/strong> High-quality<\/li>\n<\/ul>","protected":false},"excerpt":{"rendered":"<p>Material: Organza Estilo de tela: Liso Patr\u00f3n: Liso te\u00f1ido Tama\u00f1o: Tama\u00f1o est\u00e1ndar Uso: Hogar, Hotel, Boda,<\/p>","protected":false},"featured_media":179884,"comment_status":"open","ping_status":"closed","template":"","meta":[],"product_brand":[],"product_cat":[30961],"product_tag":[],"class_list":{"0":"post-179885","1":"product","2":"type-product","3":"status-publish","4":"has-post-thumbnail","6":"product_cat-napkins-dining-covers","8":"first","9":"instock","10":"taxable","11":"shipping-taxable","12":"purchasable","13":"product-type-simple"},"_links":{"self":[{"href":"https:\/\/nexgendecors.com\/es\/wp-json\/wp\/v2\/product\/179885","targetHints":{"allow":["GET"]}}],"collection":[{"href":"https:\/\/nexgendecors.com\/es\/wp-json\/wp\/v2\/product"}],"about":[{"href":"https:\/\/nexgendecors.com\/es\/wp-json\/wp\/v2\/types\/product"}],"replies":[{"embeddable":true,"href":"https:\/\/nexgendecors.com\/es\/wp-json\/wp\/v2\/comments?post=179885"}],"version-history":[{"count":0,"href":"https:\/\/nexgendecors.com\/es\/wp-json\/wp\/v2\/product\/179885\/revisions"}],"wp:featuredmedia":[{"embeddable":true,"href":"https:\/\/nexgendecors.com\/es\/wp-json\/wp\/v2\/media\/179884"}],"wp:attachment":[{"href":"https:\/\/nexgendecors.com\/es\/wp-json\/wp\/v2\/media?parent=179885"}],"wp:term":[{"taxonomy":"product_brand","embeddable":true,"href":"https:\/\/nexgendecors.com\/es\/wp-json\/wp\/v2\/product_brand?post=179885"},{"taxonomy":"product_cat","embeddable":true,"href":"https:\/\/nexgendecors.com\/es\/wp-json\/wp\/v2\/product_cat?post=179885"},{"taxonomy":"product_tag","embeddable":true,"href":"https:\/\/nexgendecors.com\/es\/wp-json\/wp\/v2\/product_tag?post=179885"}],"curies":[{"name":"wp","href":"https:\/\/api.w.org\/{rel}","templated":true}]}}