{"id":179928,"date":"2025-02-27T04:30:24","date_gmt":"2025-02-27T04:30:24","guid":{"rendered":"https:\/\/nexgendecors.com\/en\/product\/luxury-satin-covering-stretch-blue-white-chair-covers-dinner-church-events-banquet-wedding-party-hotel-decoration\/"},"modified":"2025-04-06T11:13:23","modified_gmt":"2025-04-06T11:13:23","slug":"luxury-satin-covering-stretch-blue-white-chair-covers-dinner-church-events-banquet-wedding-party-hotel-decoration","status":"publish","type":"product","link":"https:\/\/nexgendecors.com\/es\/product\/luxury-satin-covering-stretch-blue-white-chair-covers-dinner-church-events-banquet-wedding-party-hotel-decoration\/","title":{"rendered":"Fundas el\u00e1sticas de sat\u00e9n de lujo para sillas en azul y blanco, ideales para cenas, iglesias, eventos, banquetes, bodas, fiestas y decoraci\u00f3n de hoteles."},"content":{"rendered":"<ul>\n<li><strong>material : <\/strong> Satin Fabric<\/li>\n<li><strong>estilo : <\/strong> jacquard<\/li>\n<li><strong>patr\u00f3n : <\/strong> te\u00f1ido liso<\/li>\n<li><strong>solicitud : <\/strong> Hotel Chair, Wedding Chair, Banquet Chair, dinning chair<\/li>\n<li><strong>tama\u00f1o : <\/strong> Personalizado<\/li>\n<li><strong>N\u00famero de modelo: <\/strong> Modern Printed<\/li>\n<li><strong>lugar de origen : <\/strong> Guangdong, China<\/li>\n<li><strong>nombre de marca: <\/strong> JEMA<\/li>\n<li><strong>caracter\u00edstica : <\/strong> Modern Luxury<\/li>\n<li><strong>Nombre del producto : <\/strong> Fundas para sillas<\/li>\n<li><strong>Color : <\/strong> Color personalizado<\/li>\n<li><strong>Cantidad m\u00ednima de pedido: <\/strong> 50 piezas<\/li>\n<li><strong>Tela : <\/strong> Spandex Poli\u00e9ster<\/li>\n<li><strong>Funci\u00f3n : <\/strong> Party .wedding .event .banquet  Elastic Outdoor Chair Covers<\/li>\n<li><strong>Fabricante de equipos originales: <\/strong> Accept OEM Service<\/li>\n<li><strong>Uso: <\/strong> Wedding Party Banquet  Hotel Outdoor Chair<\/li>\n<li><strong>Logotipo : <\/strong> Aceptar logotipo personalizado<\/li>\n<li><strong>Calidad : <\/strong> High-quality<\/li>\n<li><strong>Muestra : <\/strong> Disponible<\/li>\n<\/ul>","protected":false},"excerpt":{"rendered":"<p>Material: Sat\u00e9n Estilo de tela: Jacquard Patr\u00f3n: Te\u00f1ido liso Aplicaci\u00f3n: Silla de hotel, Silla de boda, Silla de banquete, Comedor<\/p>","protected":false},"featured_media":179927,"comment_status":"open","ping_status":"closed","template":"","meta":[],"product_brand":[],"product_cat":[30961],"product_tag":[],"class_list":{"0":"post-179928","1":"product","2":"type-product","3":"status-publish","4":"has-post-thumbnail","6":"product_cat-napkins-dining-covers","8":"first","9":"instock","10":"taxable","11":"shipping-taxable","12":"purchasable","13":"product-type-variable"},"_links":{"self":[{"href":"https:\/\/nexgendecors.com\/es\/wp-json\/wp\/v2\/product\/179928","targetHints":{"allow":["GET"]}}],"collection":[{"href":"https:\/\/nexgendecors.com\/es\/wp-json\/wp\/v2\/product"}],"about":[{"href":"https:\/\/nexgendecors.com\/es\/wp-json\/wp\/v2\/types\/product"}],"replies":[{"embeddable":true,"href":"https:\/\/nexgendecors.com\/es\/wp-json\/wp\/v2\/comments?post=179928"}],"version-history":[{"count":0,"href":"https:\/\/nexgendecors.com\/es\/wp-json\/wp\/v2\/product\/179928\/revisions"}],"wp:featuredmedia":[{"embeddable":true,"href":"https:\/\/nexgendecors.com\/es\/wp-json\/wp\/v2\/media\/179927"}],"wp:attachment":[{"href":"https:\/\/nexgendecors.com\/es\/wp-json\/wp\/v2\/media?parent=179928"}],"wp:term":[{"taxonomy":"product_brand","embeddable":true,"href":"https:\/\/nexgendecors.com\/es\/wp-json\/wp\/v2\/product_brand?post=179928"},{"taxonomy":"product_cat","embeddable":true,"href":"https:\/\/nexgendecors.com\/es\/wp-json\/wp\/v2\/product_cat?post=179928"},{"taxonomy":"product_tag","embeddable":true,"href":"https:\/\/nexgendecors.com\/es\/wp-json\/wp\/v2\/product_tag?post=179928"}],"curies":[{"name":"wp","href":"https:\/\/api.w.org\/{rel}","templated":true}]}}