{"id":179963,"date":"2025-02-27T04:30:49","date_gmt":"2025-02-27T04:30:49","guid":{"rendered":"https:\/\/nexgendecors.com\/en\/product\/cheap-high-quality-banquet-white-cover-chairs-wedding-party-spandex-chair-covers-for-events\/"},"modified":"2025-04-06T11:13:33","modified_gmt":"2025-04-06T11:13:33","slug":"cheap-high-quality-banquet-white-cover-chairs-wedding-party-spandex-chair-covers-for-events","status":"publish","type":"product","link":"https:\/\/nexgendecors.com\/es\/product\/cheap-high-quality-banquet-white-cover-chairs-wedding-party-spandex-chair-covers-for-events\/","title":{"rendered":"Barato de alta calidad Banquete Blanco Cubierta Sillas Boda Fiesta Spandex Silla Cubiertas para Eventos"},"content":{"rendered":"<ul>\n<li><strong>material : <\/strong> Spandex \/ Poli\u00e9ster<\/li>\n<li><strong>estilo : <\/strong> Plano<\/li>\n<li><strong>patr\u00f3n : <\/strong> te\u00f1ido liso<\/li>\n<li><strong>solicitud : <\/strong> Beach Chair, Arm Chair, Hotel Chair, Wedding Chair, Banquet Chair<\/li>\n<li><strong>tama\u00f1o : <\/strong> Tama\u00f1o personalizado<\/li>\n<li><strong>N\u00famero de modelo: <\/strong> JM123<\/li>\n<li><strong>lugar de origen : <\/strong> Guangdong, China<\/li>\n<li><strong>nombre de marca: <\/strong> JEMA<\/li>\n<li><strong>caracter\u00edstica : <\/strong> Universal stretch<\/li>\n<li><strong>Uso: <\/strong> Silla de hotel para banquete de boda, etc.<\/li>\n<li><strong>Color : <\/strong> Color personalizado<\/li>\n<li><strong>Solicitud : <\/strong> Party Banquet Hotel Wedding Decoration<\/li>\n<li><strong>Caracter\u00edstica : <\/strong> Durable<\/li>\n<li><strong>Palabras clave: <\/strong> Furniture Spandex<\/li>\n<li><strong>Tipo : <\/strong> Moderno<\/li>\n<li><strong>PAGO : <\/strong> Garant\u00eda comercial bancaria, PayPal y Western Union<\/li>\n<li><strong>Calidad : <\/strong> High Qualtiy<\/li>\n<li><strong>Tela : <\/strong> Spandex Poli\u00e9ster<\/li>\n<li><strong>Nombre del producto : <\/strong> Fundas para sillas Decoraci\u00f3n de bodas<\/li>\n<\/ul>","protected":false},"excerpt":{"rendered":"<p>Material : Spandex \/ Poli\u00e9ster Estilo : Liso Estampado : Liso Te\u00f1ido Aplicaci\u00f3n : Silla de Playa, Sill\u00f3n, Silla de Hotel,<\/p>","protected":false},"featured_media":179962,"comment_status":"open","ping_status":"closed","template":"","meta":[],"product_brand":[],"product_cat":[30961],"product_tag":[],"class_list":{"0":"post-179963","1":"product","2":"type-product","3":"status-publish","4":"has-post-thumbnail","6":"product_cat-napkins-dining-covers","8":"first","9":"instock","10":"taxable","11":"shipping-taxable","12":"purchasable","13":"product-type-variable"},"_links":{"self":[{"href":"https:\/\/nexgendecors.com\/es\/wp-json\/wp\/v2\/product\/179963","targetHints":{"allow":["GET"]}}],"collection":[{"href":"https:\/\/nexgendecors.com\/es\/wp-json\/wp\/v2\/product"}],"about":[{"href":"https:\/\/nexgendecors.com\/es\/wp-json\/wp\/v2\/types\/product"}],"replies":[{"embeddable":true,"href":"https:\/\/nexgendecors.com\/es\/wp-json\/wp\/v2\/comments?post=179963"}],"version-history":[{"count":0,"href":"https:\/\/nexgendecors.com\/es\/wp-json\/wp\/v2\/product\/179963\/revisions"}],"wp:featuredmedia":[{"embeddable":true,"href":"https:\/\/nexgendecors.com\/es\/wp-json\/wp\/v2\/media\/179962"}],"wp:attachment":[{"href":"https:\/\/nexgendecors.com\/es\/wp-json\/wp\/v2\/media?parent=179963"}],"wp:term":[{"taxonomy":"product_brand","embeddable":true,"href":"https:\/\/nexgendecors.com\/es\/wp-json\/wp\/v2\/product_brand?post=179963"},{"taxonomy":"product_cat","embeddable":true,"href":"https:\/\/nexgendecors.com\/es\/wp-json\/wp\/v2\/product_cat?post=179963"},{"taxonomy":"product_tag","embeddable":true,"href":"https:\/\/nexgendecors.com\/es\/wp-json\/wp\/v2\/product_tag?post=179963"}],"curies":[{"name":"wp","href":"https:\/\/api.w.org\/{rel}","templated":true}]}}