{"id":180240,"date":"2025-02-27T08:36:05","date_gmt":"2025-02-27T08:36:05","guid":{"rendered":"https:\/\/nexgendecors.com\/en\/product\/high-end-beauty-bed-cover-four-piece-set-light-luxury-high-end-beauty-salon-head-massage-ear-and-eyelash-beautification-bed-sheet-custom-made\/"},"modified":"2025-04-06T11:14:17","modified_gmt":"2025-04-06T11:14:17","slug":"high-end-beauty-bed-cover-four-piece-set-light-luxury-high-end-beauty-salon-head-massage-ear-and-eyelash-beautification-bed-sheet-custom-made","status":"publish","type":"product","link":"https:\/\/nexgendecors.com\/es\/product\/high-end-beauty-bed-cover-four-piece-set-light-luxury-high-end-beauty-salon-head-massage-ear-and-eyelash-beautification-bed-sheet-custom-made\/","title":{"rendered":"Juego de cama de belleza de alta gama de cuatro piezas, ligero, de lujo, para sal\u00f3n de belleza de alta gama, masaje de cabeza, orejas y pesta\u00f1as, s\u00e1bana para embellecer, hecha a medida"},"content":{"rendered":"","protected":false},"excerpt":{"rendered":"","protected":false},"featured_media":180239,"comment_status":"open","ping_status":"closed","template":"","meta":[],"product_brand":[],"product_cat":[30960],"product_tag":[],"class_list":{"0":"post-180240","1":"product","2":"type-product","3":"status-publish","4":"has-post-thumbnail","6":"product_cat-spa-supplies","8":"first","9":"instock","10":"taxable","11":"shipping-taxable","12":"purchasable","13":"product-type-simple"},"_links":{"self":[{"href":"https:\/\/nexgendecors.com\/es\/wp-json\/wp\/v2\/product\/180240","targetHints":{"allow":["GET"]}}],"collection":[{"href":"https:\/\/nexgendecors.com\/es\/wp-json\/wp\/v2\/product"}],"about":[{"href":"https:\/\/nexgendecors.com\/es\/wp-json\/wp\/v2\/types\/product"}],"replies":[{"embeddable":true,"href":"https:\/\/nexgendecors.com\/es\/wp-json\/wp\/v2\/comments?post=180240"}],"version-history":[{"count":0,"href":"https:\/\/nexgendecors.com\/es\/wp-json\/wp\/v2\/product\/180240\/revisions"}],"wp:featuredmedia":[{"embeddable":true,"href":"https:\/\/nexgendecors.com\/es\/wp-json\/wp\/v2\/media\/180239"}],"wp:attachment":[{"href":"https:\/\/nexgendecors.com\/es\/wp-json\/wp\/v2\/media?parent=180240"}],"wp:term":[{"taxonomy":"product_brand","embeddable":true,"href":"https:\/\/nexgendecors.com\/es\/wp-json\/wp\/v2\/product_brand?post=180240"},{"taxonomy":"product_cat","embeddable":true,"href":"https:\/\/nexgendecors.com\/es\/wp-json\/wp\/v2\/product_cat?post=180240"},{"taxonomy":"product_tag","embeddable":true,"href":"https:\/\/nexgendecors.com\/es\/wp-json\/wp\/v2\/product_tag?post=180240"}],"curies":[{"name":"wp","href":"https:\/\/api.w.org\/{rel}","templated":true}]}}