{"id":180399,"date":"2025-02-27T08:51:19","date_gmt":"2025-02-27T08:51:19","guid":{"rendered":"https:\/\/nexgendecors.com\/en\/product\/new-style-beauty-bed-cover-four-piece-set-pure-cotton-and-linen-high-end-beauty-salon-massage-ear-cleaning-shampoo-therapy-bed-sheet-bed-cover-wholesale\/"},"modified":"2025-04-06T11:14:28","modified_gmt":"2025-04-06T11:14:28","slug":"new-style-beauty-bed-cover-four-piece-set-pure-cotton-and-linen-high-end-beauty-salon-massage-ear-cleaning-shampoo-therapy-bed-sheet-bed-cover-wholesale","status":"publish","type":"product","link":"https:\/\/nexgendecors.com\/es\/product\/new-style-beauty-bed-cover-four-piece-set-pure-cotton-and-linen-high-end-beauty-salon-massage-ear-cleaning-shampoo-therapy-bed-sheet-bed-cover-wholesale\/","title":{"rendered":"Nuevo estilo, juego de cuatro piezas de funda de cama de belleza de algod\u00f3n puro y lino, s\u00e1bana de terapia de champ\u00fa para limpieza de o\u00eddos de alta gama para sal\u00f3n de belleza, funda de cama al por mayor"},"content":{"rendered":"","protected":false},"excerpt":{"rendered":"","protected":false},"featured_media":180398,"comment_status":"open","ping_status":"closed","template":"","meta":[],"product_brand":[],"product_cat":[30960],"product_tag":[],"class_list":{"0":"post-180399","1":"product","2":"type-product","3":"status-publish","4":"has-post-thumbnail","6":"product_cat-spa-supplies","8":"first","9":"instock","10":"taxable","11":"shipping-taxable","12":"purchasable","13":"product-type-simple"},"_links":{"self":[{"href":"https:\/\/nexgendecors.com\/es\/wp-json\/wp\/v2\/product\/180399","targetHints":{"allow":["GET"]}}],"collection":[{"href":"https:\/\/nexgendecors.com\/es\/wp-json\/wp\/v2\/product"}],"about":[{"href":"https:\/\/nexgendecors.com\/es\/wp-json\/wp\/v2\/types\/product"}],"replies":[{"embeddable":true,"href":"https:\/\/nexgendecors.com\/es\/wp-json\/wp\/v2\/comments?post=180399"}],"version-history":[{"count":0,"href":"https:\/\/nexgendecors.com\/es\/wp-json\/wp\/v2\/product\/180399\/revisions"}],"wp:featuredmedia":[{"embeddable":true,"href":"https:\/\/nexgendecors.com\/es\/wp-json\/wp\/v2\/media\/180398"}],"wp:attachment":[{"href":"https:\/\/nexgendecors.com\/es\/wp-json\/wp\/v2\/media?parent=180399"}],"wp:term":[{"taxonomy":"product_brand","embeddable":true,"href":"https:\/\/nexgendecors.com\/es\/wp-json\/wp\/v2\/product_brand?post=180399"},{"taxonomy":"product_cat","embeddable":true,"href":"https:\/\/nexgendecors.com\/es\/wp-json\/wp\/v2\/product_cat?post=180399"},{"taxonomy":"product_tag","embeddable":true,"href":"https:\/\/nexgendecors.com\/es\/wp-json\/wp\/v2\/product_tag?post=180399"}],"curies":[{"name":"wp","href":"https:\/\/api.w.org\/{rel}","templated":true}]}}