{"id":180532,"date":"2025-02-27T08:53:16","date_gmt":"2025-02-27T08:53:16","guid":{"rendered":"https:\/\/nexgendecors.com\/en\/product\/beauty-bed-cover-four-piece-set-high-end-light-luxury-beauty-salon-health-center-physiotherapy-massage-ear-cleaning-shampoo-therapy-eyelash-beauty-bed-sheet\/"},"modified":"2025-04-06T11:14:46","modified_gmt":"2025-04-06T11:14:46","slug":"beauty-bed-cover-four-piece-set-high-end-light-luxury-beauty-salon-health-center-physiotherapy-massage-ear-cleaning-shampoo-therapy-eyelash-beauty-bed-sheet","status":"publish","type":"product","link":"https:\/\/nexgendecors.com\/es\/product\/beauty-bed-cover-four-piece-set-high-end-light-luxury-beauty-salon-health-center-physiotherapy-massage-ear-cleaning-shampoo-therapy-eyelash-beauty-bed-sheet\/","title":{"rendered":"Belleza cama cubierta de cuatro piezas conjunto de alta gama de luz de lujo sal\u00f3n de belleza centro de salud fisioterapia masaje o\u00eddo limpieza champ\u00fa terapia de pesta\u00f1as belleza s\u00e1bana"},"content":{"rendered":"","protected":false},"excerpt":{"rendered":"","protected":false},"featured_media":180530,"comment_status":"open","ping_status":"closed","template":"","meta":[],"product_brand":[],"product_cat":[30960],"product_tag":[],"class_list":{"0":"post-180532","1":"product","2":"type-product","3":"status-publish","4":"has-post-thumbnail","6":"product_cat-spa-supplies","8":"first","9":"instock","10":"taxable","11":"shipping-taxable","12":"purchasable","13":"product-type-simple"},"_links":{"self":[{"href":"https:\/\/nexgendecors.com\/es\/wp-json\/wp\/v2\/product\/180532","targetHints":{"allow":["GET"]}}],"collection":[{"href":"https:\/\/nexgendecors.com\/es\/wp-json\/wp\/v2\/product"}],"about":[{"href":"https:\/\/nexgendecors.com\/es\/wp-json\/wp\/v2\/types\/product"}],"replies":[{"embeddable":true,"href":"https:\/\/nexgendecors.com\/es\/wp-json\/wp\/v2\/comments?post=180532"}],"version-history":[{"count":0,"href":"https:\/\/nexgendecors.com\/es\/wp-json\/wp\/v2\/product\/180532\/revisions"}],"wp:featuredmedia":[{"embeddable":true,"href":"https:\/\/nexgendecors.com\/es\/wp-json\/wp\/v2\/media\/180530"}],"wp:attachment":[{"href":"https:\/\/nexgendecors.com\/es\/wp-json\/wp\/v2\/media?parent=180532"}],"wp:term":[{"taxonomy":"product_brand","embeddable":true,"href":"https:\/\/nexgendecors.com\/es\/wp-json\/wp\/v2\/product_brand?post=180532"},{"taxonomy":"product_cat","embeddable":true,"href":"https:\/\/nexgendecors.com\/es\/wp-json\/wp\/v2\/product_cat?post=180532"},{"taxonomy":"product_tag","embeddable":true,"href":"https:\/\/nexgendecors.com\/es\/wp-json\/wp\/v2\/product_tag?post=180532"}],"curies":[{"name":"wp","href":"https:\/\/api.w.org\/{rel}","templated":true}]}}