{"id":180667,"date":"2025-02-27T09:18:46","date_gmt":"2025-02-27T09:18:46","guid":{"rendered":"https:\/\/nexgendecors.com\/en\/product\/hotel-room-small-absorption-fridge-minibar-refrigerator\/"},"modified":"2025-04-10T12:30:54","modified_gmt":"2025-04-10T12:30:54","slug":"hotel-room-small-absorption-fridge-minibar-refrigerator","status":"publish","type":"product","link":"https:\/\/nexgendecors.com\/es\/product\/hotel-room-small-absorption-fridge-minibar-refrigerator\/","title":{"rendered":"Habitaci\u00f3n de hotel Nevera peque\u00f1a de absorci\u00f3n Minibar Nevera"},"content":{"rendered":"<ul>\n<li><strong>lugar de origen : <\/strong> Guangdong, China<\/li>\n<li><strong>nombre de marca: <\/strong> \u00d3rbita<\/li>\n<li><strong>defrost type : <\/strong> Auto-Defrost<\/li>\n<li><strong>Dimensiones lxwxh pulgadas: <\/strong> 400*470*517mm<\/li>\n<li><strong>potencia w : <\/strong> 70<\/li>\n<li><strong>voltaje v : <\/strong> 220<\/li>\n<li><strong>material : <\/strong> Acero inoxidable<\/li>\n<li><strong>caracter\u00edstica : <\/strong> Absorption<\/li>\n<li><strong>Instalaci\u00f3n : <\/strong> in Cabinet, on Table<\/li>\n<li><strong>freezer capacity : <\/strong> 20L\/25L\/30L\/40\/60<\/li>\n<li><strong>fridge capacity : <\/strong> 30L\/40L\/60L<\/li>\n<li><strong>Condition : <\/strong> Nuevo<\/li>\n<li><strong>Fuente de energ\u00eda: <\/strong> Electricity<\/li>\n<li><strong>Tipo : <\/strong> Compacto<\/li>\n<li><strong>Certificaci\u00f3n : <\/strong> ce, EMC, ETL, rohs, SASO<\/li>\n<li><strong>Validity Capacity : <\/strong> 20L\/25L\/30L\/40\/60 Litres<\/li>\n<li><strong>Cooling Technology : <\/strong> Absorption<\/li>\n<li><strong>Storage Temperature : <\/strong> 0\u2103-12\u2103 black door, 4\u2103-12\u2103 glass door<\/li>\n<li><strong>Input Power : <\/strong> 70W\/0.32A<\/li>\n<li><strong>Energy Consumption : <\/strong> 0.9kW.h\/24h<\/li>\n<li><strong>Voltaje : <\/strong> AC: 220V\/60Hz, 110V\/60Hz. DC: 12V.<\/li>\n<li><strong>Type of Controller : <\/strong> Digital<\/li>\n<li><strong>Type of Door Seal : <\/strong> Removable<\/li>\n<li><strong>Lock : <\/strong> Disponible<\/li>\n<li><strong>Gross Weight : <\/strong> 19.2kgs black door, 21.5kgs glass door<\/li>\n<\/ul>","protected":false},"excerpt":{"rendered":"<p>lugar de origen : Guangdong, China marca : Orbita tipo de descongelaci\u00f3n : Auto-Defrost dimensiones l x w x h<\/p>","protected":false},"featured_media":180666,"comment_status":"open","ping_status":"closed","template":"","meta":[],"product_brand":[],"product_cat":[30933,30984],"product_tag":[],"class_list":{"0":"post-180667","1":"product","2":"type-product","3":"status-publish","4":"has-post-thumbnail","6":"product_cat-fridge-microwave","7":"product_cat-hotel-appliances","9":"first","10":"instock","11":"taxable","12":"shipping-taxable","13":"purchasable","14":"product-type-variable"},"_links":{"self":[{"href":"https:\/\/nexgendecors.com\/es\/wp-json\/wp\/v2\/product\/180667","targetHints":{"allow":["GET"]}}],"collection":[{"href":"https:\/\/nexgendecors.com\/es\/wp-json\/wp\/v2\/product"}],"about":[{"href":"https:\/\/nexgendecors.com\/es\/wp-json\/wp\/v2\/types\/product"}],"replies":[{"embeddable":true,"href":"https:\/\/nexgendecors.com\/es\/wp-json\/wp\/v2\/comments?post=180667"}],"version-history":[{"count":0,"href":"https:\/\/nexgendecors.com\/es\/wp-json\/wp\/v2\/product\/180667\/revisions"}],"wp:featuredmedia":[{"embeddable":true,"href":"https:\/\/nexgendecors.com\/es\/wp-json\/wp\/v2\/media\/180666"}],"wp:attachment":[{"href":"https:\/\/nexgendecors.com\/es\/wp-json\/wp\/v2\/media?parent=180667"}],"wp:term":[{"taxonomy":"product_brand","embeddable":true,"href":"https:\/\/nexgendecors.com\/es\/wp-json\/wp\/v2\/product_brand?post=180667"},{"taxonomy":"product_cat","embeddable":true,"href":"https:\/\/nexgendecors.com\/es\/wp-json\/wp\/v2\/product_cat?post=180667"},{"taxonomy":"product_tag","embeddable":true,"href":"https:\/\/nexgendecors.com\/es\/wp-json\/wp\/v2\/product_tag?post=180667"}],"curies":[{"name":"wp","href":"https:\/\/api.w.org\/{rel}","templated":true}]}}