{"id":180672,"date":"2025-02-27T09:19:08","date_gmt":"2025-02-27T09:19:08","guid":{"rendered":"https:\/\/nexgendecors.com\/en\/product\/hotel-room-40l-capacity-with-solid-door-automatic-defrosting-mini-bar-mini-fridge\/"},"modified":"2025-04-10T12:30:54","modified_gmt":"2025-04-10T12:30:54","slug":"hotel-room-40l-capacity-with-solid-door-automatic-defrosting-mini-bar-mini-fridge","status":"publish","type":"product","link":"https:\/\/nexgendecors.com\/es\/product\/hotel-room-40l-capacity-with-solid-door-automatic-defrosting-mini-bar-mini-fridge\/","title":{"rendered":"Habitaci\u00f3n de hotel 40L de capacidad con puerta maciza Descongelaci\u00f3n autom\u00e1tica Mini bar Mini nevera"},"content":{"rendered":"<ul>\n<li><strong>lugar de origen : <\/strong> Guangdong, China<\/li>\n<li><strong>nombre de marca: <\/strong> EASTON<\/li>\n<li><strong>defrost type : <\/strong> Auto-Defrost<\/li>\n<li><strong>Dimensiones lxwxh pulgadas: <\/strong> W400*D415*H495mm<\/li>\n<li><strong>potencia w : <\/strong> 70<\/li>\n<li><strong>voltaje v : <\/strong> 220-240V<\/li>\n<li><strong>Servicio postventa proporcionado: <\/strong> Repuestos gratuitos<\/li>\n<li><strong>garant\u00eda : <\/strong> 1 a\u00f1o<\/li>\n<li><strong>material : <\/strong> Pl\u00e1stico<\/li>\n<li><strong>caracter\u00edstica : <\/strong> Absorption<\/li>\n<li><strong>Instalaci\u00f3n : <\/strong> PORTABLE<\/li>\n<li><strong>fridge capacity : <\/strong> 40L<\/li>\n<li><strong>calificaci\u00f3n de eficiencia energ\u00e9tica: <\/strong> Grade 1<\/li>\n<li><strong>solicitud : <\/strong> Hotel<\/li>\n<li><strong>fuente de energ\u00eda: <\/strong> El\u00e9ctrico<\/li>\n<li><strong>refrigeration type : <\/strong> Direct Cooling<\/li>\n<li><strong>controlado por aplicaci\u00f3n: <\/strong> NO<\/li>\n<li><strong>logotipo\/patr\u00f3n: <\/strong> Serigraf\u00eda<\/li>\n<li><strong>capacidad : <\/strong> 40L<\/li>\n<li><strong>Nombre del producto : <\/strong> Mini fridge 40L<\/li>\n<li><strong>standard color : <\/strong> negro<\/li>\n<li><strong>estilo : <\/strong> Left single door<\/li>\n<li><strong>Material : <\/strong> Pl\u00e1stico<\/li>\n<li><strong>Tama\u00f1o : <\/strong> W400*D440*H560mm<\/li>\n<li><strong>Funci\u00f3n : <\/strong> automatic defrosting<\/li>\n<li><strong>door : <\/strong> Reversible door<\/li>\n<li><strong>shelf : <\/strong> Adjustable Plastic Shelf<\/li>\n<li><strong>item code : <\/strong> ES7533<\/li>\n<li><strong>Certificaci\u00f3n : <\/strong> CE<\/li>\n<li><strong>Condition : <\/strong> Nuevo<\/li>\n<li><strong>Tipo : <\/strong> Side-by-side<\/li>\n<\/ul>","protected":false},"excerpt":{"rendered":"<p>lugar de origen : Guangdong, China marca : EASTON tipo de descongelaci\u00f3n : Auto-Defrost dimensiones l x w x h<\/p>","protected":false},"featured_media":180671,"comment_status":"open","ping_status":"closed","template":"","meta":[],"product_brand":[],"product_cat":[30933,30984],"product_tag":[],"class_list":{"0":"post-180672","1":"product","2":"type-product","3":"status-publish","4":"has-post-thumbnail","6":"product_cat-fridge-microwave","7":"product_cat-hotel-appliances","9":"first","10":"instock","11":"taxable","12":"shipping-taxable","13":"purchasable","14":"product-type-variable"},"_links":{"self":[{"href":"https:\/\/nexgendecors.com\/es\/wp-json\/wp\/v2\/product\/180672","targetHints":{"allow":["GET"]}}],"collection":[{"href":"https:\/\/nexgendecors.com\/es\/wp-json\/wp\/v2\/product"}],"about":[{"href":"https:\/\/nexgendecors.com\/es\/wp-json\/wp\/v2\/types\/product"}],"replies":[{"embeddable":true,"href":"https:\/\/nexgendecors.com\/es\/wp-json\/wp\/v2\/comments?post=180672"}],"version-history":[{"count":0,"href":"https:\/\/nexgendecors.com\/es\/wp-json\/wp\/v2\/product\/180672\/revisions"}],"wp:featuredmedia":[{"embeddable":true,"href":"https:\/\/nexgendecors.com\/es\/wp-json\/wp\/v2\/media\/180671"}],"wp:attachment":[{"href":"https:\/\/nexgendecors.com\/es\/wp-json\/wp\/v2\/media?parent=180672"}],"wp:term":[{"taxonomy":"product_brand","embeddable":true,"href":"https:\/\/nexgendecors.com\/es\/wp-json\/wp\/v2\/product_brand?post=180672"},{"taxonomy":"product_cat","embeddable":true,"href":"https:\/\/nexgendecors.com\/es\/wp-json\/wp\/v2\/product_cat?post=180672"},{"taxonomy":"product_tag","embeddable":true,"href":"https:\/\/nexgendecors.com\/es\/wp-json\/wp\/v2\/product_tag?post=180672"}],"curies":[{"name":"wp","href":"https:\/\/api.w.org\/{rel}","templated":true}]}}